{"id":4717,"date":"2025-10-02T12:32:20","date_gmt":"2025-10-02T11:32:20","guid":{"rendered":"https:\/\/penedescoworking.com\/coworking-a-prop-de-el-pla-del-penedes\/"},"modified":"2025-10-02T12:32:20","modified_gmt":"2025-10-02T11:32:20","slug":"coworking-cerca-del-plan-del-penedes","status":"publish","type":"page","link":"https:\/\/penedescoworking.com\/es\/coworking-cerca-del-plan-del-penedes\/","title":{"rendered":"Coworking cerca del Pla del Pened\u00e8s"},"content":{"rendered":"<div class=\"wp-block-columns is-layout-flex wp-container-core-columns-is-layout-9d6595d7 wp-block-columns-is-layout-flex\">\n<div class=\"wp-block-column is-layout-flow wp-block-column-is-layout-flow\" style=\"flex-basis:66.66%\">\n<p>Est\u00e1s buscando un <strong>coworking cerca del Pla del Pened\u00e8s<\/strong>? \u00a1Ya lo has encontrado! Pened\u00e8s Coworking es tu espacio de coworking ideal para trabajar, iniciar tu negocio, hacer networking o utilizar las salas de reuniones. <\/p>\n\n\n\n<p>Pened\u00e8s Coworking se encuentra en el pol\u00edgono de Sant Pere Molanta, junto a Vilafranca del Pened\u00e8s.<\/p>\n\n\n\n<p>Pened\u00e8s Coworking <strong>te ofrece un espacio tanto seas freelancer<\/strong>, tengas una startup, una peque\u00f1a o mediana empresa, seas estudiante, est\u00e9s opositando, hagas teletrabajo o sea una delegaci\u00f3n de la zona del Pla del Pened\u00e8s.<\/p>\n\n\n\n<div style=\"height:67px\" aria-hidden=\"true\" class=\"wp-block-spacer\"><\/div>\n\n\n\n<h2 class=\"wp-block-heading\" id=\"que-ofereix-penedes-coworking-a-poblacions-city-name\">\u00bfQu\u00e9 ofrece Pened\u00e8s Coworking en el Pla del Pened\u00e8s?<\/h2>\n\n\n\n<p>Con una poblaci\u00f3n de 0, el Pla del Pened\u00e8s tiene un gran n\u00famero de freelances, teletrabajadores, aut\u00f3nomos y pymes que necesitan un espacio y <strong>en Pened\u00e8s Coworking lo han encontrado<\/strong>. <\/p>\n\n\n\n<p>Con m\u00e1s de 600m2 cuadrados de espacio, tenemos m\u00e1s de 50 puestos de trabajo disponibles, donde <strong>por s\u00f3lo 99\u20ac al mes dispondr\u00e1s de tu propia mesa fija<\/strong>, una c\u00f3moda con llave, tarjeta de acceso, internet de alta velocidad, un office y zona de recreo enorme, parking gratuito y lo m\u00e1s importante, 6 salas de reuniones disponibles para utilizar siempre que se quieran, sin coste a\u00f1adido.<\/p>\n<\/div>\n\n\n\n<div class=\"wp-block-column is-layout-flow wp-block-column-is-layout-flow\" style=\"flex-basis:33.33%\"><figure class=\"wp-block-post-featured-image\"><img decoding=\"async\" width=\"2560\" height=\"1440\" src=\"https:\/\/penedescoworking.com\/wp-content\/uploads\/2025\/10\/Coworking-el-Pla-del-Penedes-scaled.jpg\" class=\"attachment-post-thumbnail size-post-thumbnail wp-post-image\" alt=\"Coworking el Pla del Pened\u00e8s\" style=\"object-fit:cover;\" srcset=\"https:\/\/penedescoworking.com\/wp-content\/uploads\/2025\/10\/Coworking-el-Pla-del-Penedes-scaled.jpg 2560w, https:\/\/penedescoworking.com\/wp-content\/uploads\/2025\/10\/Coworking-el-Pla-del-Penedes-1280x720.jpg 1280w, https:\/\/penedescoworking.com\/wp-content\/uploads\/2025\/10\/Coworking-el-Pla-del-Penedes-980x551.jpg 980w, https:\/\/penedescoworking.com\/wp-content\/uploads\/2025\/10\/Coworking-el-Pla-del-Penedes-480x270.jpg 480w\" sizes=\"(min-width: 0px) and (max-width: 480px) 480px, (min-width: 481px) and (max-width: 980px) 980px, (min-width: 981px) and (max-width: 1280px) 1280px, (min-width: 1281px) 2560px, 100vw\" title=\"\"><\/figure><\/div>\n<\/div>\n\n\n\n<div style=\"height:60px\" aria-hidden=\"true\" class=\"wp-block-spacer\"><\/div>\n\n\n\n<div class=\"wp-block-columns is-layout-flex wp-container-core-columns-is-layout-9d6595d7 wp-block-columns-is-layout-flex\">\n<div class=\"wp-block-column is-layout-flow wp-block-column-is-layout-flow\" style=\"flex-basis:33.33%\">\n<figure class=\"wp-block-image size-large\"><img decoding=\"async\" width=\"768\" height=\"1024\" src=\"https:\/\/penedescoworking.com\/wp-content\/uploads\/2023\/01\/despatx-ind.-768x1024.jpg\" alt=\"Alquiler despacho el Pla del Pened\u00e8s\" class=\"wp-image-2808\" title=\"\"><figcaption class=\"wp-element-caption\">Alquiler despacho el Pla del Pened\u00e8s<\/figcaption><\/figure>\n<\/div>\n\n\n\n<div class=\"wp-block-column is-layout-flow wp-block-column-is-layout-flow\" style=\"flex-basis:66.66%\">\n<div class=\"wp-block-rank-math-toc-block has-white-background-color has-background\" id=\"rank-math-toc\"><h2>Tabla de contenidos<\/h2><nav><ul><li class=\"\"><a href=\"#que-ofereix-penedes-coworking-a-poblacions-city-name\">\u00bfQu\u00e9 ofrece Pened\u00e8s Coworking en el Pla del Pened\u00e8s?<\/a><\/li><li class=\"\"><a href=\"#el-coworking-mes-barat-aprop-de-poblacions-city-name\">El coworking m\u00e1s barato cerca del Pla del Pened\u00e8s<\/a><\/li><li class=\"\"><a href=\"#perque-fer-servir-un-coworking-aprop-de-poblacions-city-name\">\u00bfPor qu\u00e9 utilizar un coworking cerca del Pla del Pened\u00e8s?<\/a><\/li><li class=\"\"><a href=\"#com-anar-de-poblacions-city-name-a-penedes-coworking\">\u00bfC\u00f3mo ir del Plan del Pened\u00e8s a Pened\u00e8s Coworking?<\/a><\/li><li class=\"\"><a href=\"#quins-horaris-te-penedes-coworking\">\u00bfQu\u00e9 horarios tiene Pened\u00e8s Coworking?<\/a><\/li><li class=\"\"><a href=\"#lloguer-doficines-aprop-de-poblacions-city-name\">Alquiler de oficinas cerca del Pla del Pened\u00e8s<\/a><\/li><li class=\"\"><a href=\"#preguntes-mes-frequents-faq\">Preguntas m\u00e1s frecuentes (FAQ)<\/a><ul><li class=\"\"><a href=\"#faq-question-1672510823706\">\u00bfQu\u00e9 servicios ofrece?<\/a><\/li><li class=\"\"><a href=\"#faq-question-1672510977421\">\u00bfQu\u00e9 precio tiene?<\/a><\/li><li class=\"\"><a href=\"#faq-question-1675152148672\">\u00bfC\u00f3mo se comunica entre ustedes?<\/a><\/li><li class=\"\"><a href=\"#faq-question-1710411607120\">\u00bfD\u00f3nde se encuentra Pened\u00e8s Coworking?<\/a><\/li><\/ul><\/li><\/ul><\/nav><\/div>\n<\/div>\n<\/div>\n\n\n\n<div style=\"height:51px\" aria-hidden=\"true\" class=\"wp-block-spacer\"><\/div>\n\n\n\n<figure class=\"wp-block-gallery has-nested-images columns-default is-cropped wp-block-gallery-1 is-layout-flex wp-block-gallery-is-layout-flex\">\n<figure class=\"wp-block-image size-large\"><img decoding=\"async\" width=\"1024\" height=\"768\" data-id=\"2457\" src=\"https:\/\/penedescoworking.com\/wp-content\/uploads\/2023\/01\/exterior3-1024x768.jpg\" alt=\"Coworking Vilafranca\" class=\"wp-image-2457\" title=\"\" srcset=\"https:\/\/penedescoworking.com\/wp-content\/uploads\/2023\/01\/exterior3-980x735.jpg 980w, https:\/\/penedescoworking.com\/wp-content\/uploads\/2023\/01\/exterior3-480x360.jpg 480w\" sizes=\"(min-width: 0px) and (max-width: 480px) 480px, (min-width: 481px) and (max-width: 980px) 980px, (min-width: 981px) 1024px, 100vw\" \/><\/figure>\n\n\n\n<figure class=\"wp-block-image size-large\"><img decoding=\"async\" width=\"1024\" height=\"683\" data-id=\"2467\" src=\"https:\/\/penedescoworking.com\/wp-content\/uploads\/2023\/01\/coworking-o-oficina-tradicional-1024x683.jpeg\" alt=\"coworking u oficina tradicional\" class=\"wp-image-2467\" title=\"\" srcset=\"https:\/\/penedescoworking.com\/wp-content\/uploads\/2023\/01\/coworking-o-oficina-tradicional-980x654.jpeg 980w, https:\/\/penedescoworking.com\/wp-content\/uploads\/2023\/01\/coworking-o-oficina-tradicional-480x320.jpeg 480w\" sizes=\"(min-width: 0px) and (max-width: 480px) 480px, (min-width: 481px) and (max-width: 980px) 980px, (min-width: 981px) 1024px, 100vw\" \/><\/figure>\n\n\n\n<figure class=\"wp-block-image size-large\"><img decoding=\"async\" width=\"1024\" height=\"768\" data-id=\"2402\" src=\"https:\/\/penedescoworking.com\/wp-content\/uploads\/2022\/12\/IMG_8536-1024x768.jpg\" alt=\"Sala Estar Coworking Vilafranca\" class=\"wp-image-2402\" title=\"\" srcset=\"https:\/\/penedescoworking.com\/wp-content\/uploads\/2022\/12\/IMG_8536-980x735.jpg 980w, https:\/\/penedescoworking.com\/wp-content\/uploads\/2022\/12\/IMG_8536-480x360.jpg 480w\" sizes=\"(min-width: 0px) and (max-width: 480px) 480px, (min-width: 481px) and (max-width: 980px) 980px, (min-width: 981px) 1024px, 100vw\" \/><\/figure>\n\n\n\n<figure class=\"wp-block-image size-large\"><img decoding=\"async\" width=\"1024\" height=\"768\" data-id=\"2096\" src=\"https:\/\/penedescoworking.com\/wp-content\/uploads\/2022\/12\/IMG_8519-1024x768.jpg\" alt=\"Coworking Vilafranca\" class=\"wp-image-2096\" title=\"\" srcset=\"https:\/\/penedescoworking.com\/wp-content\/uploads\/2022\/12\/IMG_8519-980x735.jpg 980w, https:\/\/penedescoworking.com\/wp-content\/uploads\/2022\/12\/IMG_8519-480x360.jpg 480w\" sizes=\"(min-width: 0px) and (max-width: 480px) 480px, (min-width: 481px) and (max-width: 980px) 980px, (min-width: 981px) 1024px, 100vw\" \/><\/figure>\n\n\n\n<figure class=\"wp-block-image size-large\"><img decoding=\"async\" width=\"1024\" height=\"768\" data-id=\"2097\" src=\"https:\/\/penedescoworking.com\/wp-content\/uploads\/2022\/12\/IMG_8522-1024x768.jpg\" alt=\"\" class=\"wp-image-2097\" title=\"\" srcset=\"https:\/\/penedescoworking.com\/wp-content\/uploads\/2022\/12\/IMG_8522-980x735.jpg 980w, https:\/\/penedescoworking.com\/wp-content\/uploads\/2022\/12\/IMG_8522-480x360.jpg 480w\" sizes=\"(min-width: 0px) and (max-width: 480px) 480px, (min-width: 481px) and (max-width: 980px) 980px, (min-width: 981px) 1024px, 100vw\" \/><\/figure>\n\n\n\n<figure class=\"wp-block-image size-large\"><img decoding=\"async\" width=\"600\" height=\"440\" data-id=\"2105\" src=\"https:\/\/penedescoworking.com\/wp-content\/uploads\/2022\/12\/co-working-space-44.png\" alt=\"\" class=\"wp-image-2105\" title=\"\" srcset=\"https:\/\/penedescoworking.com\/wp-content\/uploads\/2022\/12\/co-working-space-44.png 600w, https:\/\/penedescoworking.com\/wp-content\/uploads\/2022\/12\/co-working-space-44-480x352.png 480w\" sizes=\"(min-width: 0px) and (max-width: 480px) 480px, (min-width: 481px) 600px, 100vw\" \/><\/figure>\n<\/figure>\n\n\n\n<div style=\"height:60px\" aria-hidden=\"true\" class=\"wp-block-spacer\"><\/div>\n\n\n\n<div class=\"wp-block-columns is-layout-flex wp-container-core-columns-is-layout-9d6595d7 wp-block-columns-is-layout-flex\">\n<div class=\"wp-block-column is-layout-flow wp-block-column-is-layout-flow\">\n<h2 class=\"wp-block-heading\" id=\"el-coworking-mes-barat-aprop-de-poblacions-city-name\">El coworking m\u00e1s barato cerca del Pla del Pened\u00e8s<\/h2>\n\n\n\n<div style=\"height:36px\" aria-hidden=\"true\" class=\"wp-block-spacer\"><\/div>\n\n\n\n<p>Somos el <strong>coworking m\u00e1s barato cerca del Pla del Pened\u00e8s<\/strong> y la zona, cuyo precio \u00fanico incluye m\u00faltiples ventajas.<\/p>\n\n\n\n<div style=\"height:39px\" aria-hidden=\"true\" class=\"wp-block-spacer\"><\/div>\n\n\n\n<figure class=\"wp-block-jetpack-rating-star is-style-filled\" style=\"text-align:left\"><span>\u2605<\/span><span>\u2605<\/span><span>\u2605<\/span><span>\u2605<\/span><span>\u2605<\/span><\/figure>\n\n\n\n<div class=\"wp-block-buttons is-layout-flex wp-block-buttons-is-layout-flex\">\n<div class=\"wp-block-button\"><a class=\"wp-block-button__link wp-element-button\" href=\"https:\/\/penedescoworking.com\/es\/precios\/\">Listado de Precios<\/a><\/div>\n<\/div>\n<\/div>\n\n\n\n<div class=\"wp-block-column is-layout-flow wp-block-column-is-layout-flow\">\n<ul class=\"wp-block-list\">\n<li>6 salas de reuniones de uso ilimitado<\/li>\n\n\n\n<li>Mesa fija con cajonera privada<\/li>\n\n\n\n<li>Silla ergon\u00f3mica<\/li>\n\n\n\n<li>Alquiler de oficinas para peque\u00f1as y medianas empresas<\/li>\n\n\n\n<li>6 aseos de hombres y mujeres<\/li>\n\n\n\n<li>Ducha<\/li>\n\n\n\n<li>Recepci\u00f3n, office, cocina, zona de espera\u2026<\/li>\n<\/ul>\n<\/div>\n<\/div>\n\n\n\n<div style=\"height:60px\" aria-hidden=\"true\" class=\"wp-block-spacer\"><\/div>\n\n\n\n<h2 class=\"wp-block-heading\" id=\"perque-fer-servir-un-coworking-aprop-de-poblacions-city-name\">\u00bfPor qu\u00e9 utilizar un coworking cerca del Pla del Pened\u00e8s?<\/h2>\n\n\n\n<div style=\"height:33px\" aria-hidden=\"true\" class=\"wp-block-spacer\"><\/div>\n\n\n\n<div class=\"wp-block-columns is-layout-flex wp-container-core-columns-is-layout-9d6595d7 wp-block-columns-is-layout-flex\">\n<div class=\"wp-block-column is-layout-flow wp-block-column-is-layout-flow\" style=\"flex-basis:33.33%\">\n<figure class=\"wp-block-image size-large\"><img decoding=\"async\" width=\"1024\" height=\"768\" src=\"https:\/\/penedescoworking.com\/wp-content\/uploads\/2023\/01\/IMG_8518-1024x768.jpg\" alt=\"\" class=\"wp-image-2802\" title=\"\" srcset=\"https:\/\/penedescoworking.com\/wp-content\/uploads\/2023\/01\/IMG_8518-980x735.jpg 980w, https:\/\/penedescoworking.com\/wp-content\/uploads\/2023\/01\/IMG_8518-480x360.jpg 480w\" sizes=\"(min-width: 0px) and (max-width: 480px) 480px, (min-width: 481px) and (max-width: 980px) 980px, (min-width: 981px) 1024px, 100vw\" \/><\/figure>\n<\/div>\n\n\n\n<div class=\"wp-block-column is-layout-flow wp-block-column-is-layout-flow\" style=\"flex-basis:66.66%\">\n<p>Ir a un coworking cerca del Pla del Pened\u00e8s puede tener varias ventajas, tales como:<\/p>\n\n\n\n<ol class=\"wp-block-list\">\n<li><strong>Colaboraci\u00f3n y red<\/strong>: Compartir un espacio de trabajo con otros profesionales del Pla del Pened\u00e8s puede conducir a oportunidades de colaboraci\u00f3n y creaci\u00f3n de red.<\/li>\n\n\n\n<li><strong>Productividad<\/strong>: Trabajar en un ambiente estimulante y motivador puede aumentar la productividad y la creatividad.<\/li>\n\n\n\n<li><strong>Flexibilidad<\/strong>: Pened\u00e8s Coworking diferentes opciones de alquiler, desde despachos individuales hasta \u00e1reas de trabajo compartidas, para satisfacer las necesidades de trabajo de cada persona.<\/li>\n\n\n\n<li><strong>Ahorro econ\u00f3mico<\/strong>: Compartir instalaciones y servicios es m\u00e1s econ\u00f3mico que alquilar un despacho privado en el Pla del Pened\u00e8s.<\/li>\n\n\n\n<li><strong>Servicios e instalaciones<\/strong>: Pened\u00e8s Coworking ofrece servicios e instalaciones adicionales, como sala de reuniones, \u00e1rea de descanso, y conexi\u00f3n a internet, para ayudar a mejorar su experiencia de trabajo.<\/li>\n\n\n\n<li><strong>En la <a href=\"http:\/\/Prov\u00edncia de Barcelona\">provincia de Barcelona<\/a><\/strong>: Con acceso directo desde la AP7 y la Nacional 340.<\/li>\n<\/ol>\n<\/div>\n<\/div>\n\n\n\n<div class=\"wp-block-buttons is-layout-flex wp-block-buttons-is-layout-flex\">\n<div class=\"wp-block-button\"><a class=\"wp-block-button__link wp-element-button\" href=\"https:\/\/penedescoworking.com\/es\/ventajas-servicios\/\">Descubre todas las ventajas y servicios<\/a><\/div>\n<\/div>\n\n\n\n<div style=\"height:41px\" aria-hidden=\"true\" class=\"wp-block-spacer\"><\/div>\n\n\n\n<h2 class=\"wp-block-heading\" id=\"com-anar-de-poblacions-city-name-a-penedes-coworking\">\u00bfC\u00f3mo ir del Plan del Pened\u00e8s a Pened\u00e8s Coworking?<\/h2>\n\n\n\n<div style=\"height:30px\" aria-hidden=\"true\" class=\"wp-block-spacer\"><\/div>\n\n\n<iframe title=\"Google driving directions map from el Pla del Pened\u00e8s to av. Vilafranca del Pened\u00e8s 11, Ol\u00e8rdola 08799\" class=\"page-generator-pro-map\" width=\"100%\" height=\"400\" frameborder=\"0\" style=\"border:0\" src=\"https:\/\/www.google.com\/maps\/embed\/v1\/directions?origin=el+Pla+del+Pened%C3%A8s&#038;destination=Av.+Vilafranca+del+Pened%C3%A8s+11%2C+Ol%C3%A8rdola+08799&#038;mode=driving&#038;maptype=roadmap&#038;key=AIzaSyCNTEOso0tZG6YMSJFoaJEY5Th1stEWrJI\" referrerpolicy=\"no-referrer-when-downgrade\" allowfullscreen><\/iframe>\n\n\n<div style=\"height:84px\" aria-hidden=\"true\" class=\"wp-block-spacer\"><\/div>\n\n\n\n<div class=\"wp-block-columns is-layout-flex wp-container-core-columns-is-layout-9d6595d7 wp-block-columns-is-layout-flex\">\n<div class=\"wp-block-column is-layout-flow wp-block-column-is-layout-flow\">\n<h2 class=\"wp-block-heading\" id=\"quins-horaris-te-penedes-coworking\">\u00bfQu\u00e9 horarios tiene Pened\u00e8s Coworking?<\/h2>\n\n\n\n<div style=\"height:29px\" aria-hidden=\"true\" class=\"wp-block-spacer\"><\/div>\n\n\n\n<p>Abrimos de lunes a viernes de 8h a 20h ininterrumpidamente.<\/p>\n\n\n\n<p>Queremos poder abrir las 24h los 365 d\u00edas de la semana, \u00a1pero necesitamos ser m\u00e1s! Ap\u00fantate y conseguiremos poder abrir todo el d\u00eda durante todo el a\u00f1o.<\/p>\n\n\n\n<div style=\"height:57px\" aria-hidden=\"true\" class=\"wp-block-spacer\"><\/div>\n\n\n\n<h2 class=\"wp-block-heading\" id=\"lloguer-doficines-aprop-de-poblacions-city-name\">Alquiler de oficinas cerca del Pla del Pened\u00e8s<\/h2>\n\n\n\n<div style=\"height:37px\" aria-hidden=\"true\" class=\"wp-block-spacer\"><\/div>\n\n\n\n<p>Pened\u00e8s Coworking tambi\u00e9n ofrece <strong>alquiler de oficinas cerca del Pla del Pened\u00e8s<\/strong> (08733) para profesionales que buscan un espacio de trabajo compartido. Las oficinas incluyen servicios e instalaciones tales como conexi\u00f3n a Internet de alta velocidad, sala de reuniones, \u00e1rea de descanso y desayuno, y servicio de limpieza. Contacte Pened\u00e8s Coworking para obtener m\u00e1s informaci\u00f3n sobre precios y disponibilidad.<\/p>\n<\/div>\n\n\n\n<div class=\"wp-block-column is-layout-flow wp-block-column-is-layout-flow\">\n<figure class=\"wp-block-image size-large\"><img decoding=\"async\" width=\"1024\" height=\"1024\" src=\"https:\/\/penedescoworking.com\/wp-content\/uploads\/2023\/01\/coworking-vilafranca-del-penedes-1024x1024.jpg\" alt=\"Alquiler de oficinas en el Pla del Pened\u00e8s\" class=\"wp-image-2490\" title=\"\" srcset=\"https:\/\/penedescoworking.com\/wp-content\/uploads\/2023\/01\/coworking-vilafranca-del-penedes-980x980.jpg 980w, https:\/\/penedescoworking.com\/wp-content\/uploads\/2023\/01\/coworking-vilafranca-del-penedes-480x480.jpg 480w\" sizes=\"(min-width: 0px) and (max-width: 480px) 480px, (min-width: 481px) and (max-width: 980px) 980px, (min-width: 981px) 1024px, 100vw\" \/><\/figure>\n<\/div>\n<\/div>\n\n\n\n<div style=\"height:37px\" aria-hidden=\"true\" class=\"wp-block-spacer\"><\/div>\n\n\n\n<h2 class=\"wp-block-heading\" id=\"preguntes-mes-frequents-faq\">Preguntas m\u00e1s frecuentes (FAQ)<\/h2>\n\n\n\n<div style=\"height:37px\" aria-hidden=\"true\" class=\"wp-block-spacer\"><\/div>\n\n\n<div id=\"rank-math-faq\" class=\"rank-math-block\">\n<div class=\"rank-math-list\">\n<div id=\"faq-question-1672510823706\" class=\"rank-math-list-item\">\n<h3 class=\"rank-math-question\">\u00bfQu\u00e9 servicios ofrece?<\/h3>\n<div class=\"rank-math-answer\">\n\n<p>Los puedes encontrar en el apartado de<a href=\"https:\/\/penedescoworking.com\/es\/ventajas-servicios\/\" data-type=\"page\" data-id=\"2103\">Ventajas y Servicios<\/a>. Te decimos algunos ejemplos: <br \/>Wifi y Ethernet<br \/>Impresi\u00f3n de documentos<br \/>Ponemos a su disposici\u00f3n la posibilidad de imprimir documentos dota demanda<br \/>Mobiliario moderno<br \/>Todos nuestros muebles son de alta calidad, sillas ergon\u00f3micas y elegantes<br \/>Salas de reuniones<br \/>De entrada, las salas de reuniones son de uso libre, e incluido en el precio<br \/>Office y caf\u00e9<br \/>Acceso de 8AM a 8PM<br \/>Oficina virtual<br \/>Actividades y fiestas<\/p>\n<p><code>--------<\/code><\/p>\n\n<\/div>\n<\/div>\n<div id=\"faq-question-1672510977421\" class=\"rank-math-list-item\">\n<h3 class=\"rank-math-question\">\u00bfQu\u00e9 precio tiene?<\/h3>\n<div class=\"rank-math-answer\">\n\n<p>Por s\u00f3lo 99\u20ac al mes dispones de todos los servicios integrados, y con uso de las salas de reuniones de forma ilimitada. El coworking m\u00e1s barato de Catalu\u00f1a.<\/p>\n<p>Tambi\u00e9n tenemos precios especiales para alquiler de salas, zonas para peque\u00f1as y medianas empresas, la zona del \u00e1gora\u2026 Consulta la p\u00e1gina de precios o cont\u00e1ctanos directamente.<\/p>\n<p><code><code>--------<\/code><\/code><\/p>\n\n<\/div>\n<\/div>\n<div id=\"faq-question-1675152148672\" class=\"rank-math-list-item\">\n<h3 class=\"rank-math-question\">\u00bfC\u00f3mo se comunica entre ustedes?<\/h3>\n<div class=\"rank-math-answer\">\n\n<p>Una vez formes parte de Pened\u00e8s Coworking, entrar\u00e1s en un grupo de Whatsapp donde est\u00e1n todos los coworkers y comunicamos actos, si tienes alg\u00fan problema, si se quiere hacer algo conjunto\u2026 Tenemos una comunidad muy viva y queremos ser el coworking de referencia de la zona del Pla del Pened\u00e8s<code><code>.<\/code><\/code><\/p>\n\n<\/div>\n<\/div>\n<div id=\"faq-question-1710411607120\" class=\"rank-math-list-item\">\n<h3 class=\"rank-math-question\">\u00bfD\u00f3nde se encuentra Pened\u00e8s Coworking?<\/h3>\n<div class=\"rank-math-answer\">\n\n<p>Nos encontramos en el Pol\u00edgono Industrial de San Pedro Molanta, junto a Vilafranca del Pened\u00e8s, en la conexi\u00f3n con la AP7 y la N-360, en la Calle Vilafranca del Pened\u00e8s 11B.<\/p>\n\n<\/div>\n<\/div>\n<\/div>\n<\/div>\n\n\n<div style=\"height:68px\" aria-hidden=\"true\" class=\"wp-block-spacer\"><\/div>","protected":false},"excerpt":{"rendered":"<p>Est\u00e0s buscant un coworking aprop de el Pla del Pened\u00e8s? Ja l&#8217;has trobat! Pened\u00e8s Coworking \u00e9s el teu espai de coworking ideal per a treballar, iniciar el teu negoci, fer networking o per fer servir les sales de reunions. Pened\u00e8s Coworking es troba al poligon de Sant Pere Molanta, al costat de Vilafranca del Pened\u00e8s. [&hellip;]<\/p>","protected":false},"author":2,"featured_media":4719,"parent":0,"menu_order":0,"comment_status":"closed","ping_status":"closed","template":"","meta":{"_et_pb_use_builder":"","_et_pb_old_content":"","_et_gb_content_width":"","footnotes":""},"class_list":["post-4717","page","type-page","status-publish","has-post-thumbnail","hentry"],"_links":{"self":[{"href":"https:\/\/penedescoworking.com\/es\/wp-json\/wp\/v2\/pages\/4717","targetHints":{"allow":["GET"]}}],"collection":[{"href":"https:\/\/penedescoworking.com\/es\/wp-json\/wp\/v2\/pages"}],"about":[{"href":"https:\/\/penedescoworking.com\/es\/wp-json\/wp\/v2\/types\/page"}],"author":[{"embeddable":true,"href":"https:\/\/penedescoworking.com\/es\/wp-json\/wp\/v2\/users\/2"}],"replies":[{"embeddable":true,"href":"https:\/\/penedescoworking.com\/es\/wp-json\/wp\/v2\/comments?post=4717"}],"version-history":[{"count":0,"href":"https:\/\/penedescoworking.com\/es\/wp-json\/wp\/v2\/pages\/4717\/revisions"}],"wp:featuredmedia":[{"embeddable":true,"href":"https:\/\/penedescoworking.com\/es\/wp-json\/wp\/v2\/media\/4719"}],"wp:attachment":[{"href":"https:\/\/penedescoworking.com\/es\/wp-json\/wp\/v2\/media?parent=4717"}],"curies":[{"name":"wp","href":"https:\/\/api.w.org\/{rel}","templated":true}]}}