{"id":2225,"date":"2022-12-21T17:11:42","date_gmt":"2022-12-21T16:11:42","guid":{"rendered":"http:\/\/penedescoworking.com\/?page_id=2225"},"modified":"2025-12-24T16:27:53","modified_gmt":"2025-12-24T15:27:53","slug":"donde-estamos","status":"publish","type":"page","link":"https:\/\/penedescoworking.com\/es\/donde-estamos\/","title":{"rendered":"Donde estamos"},"content":{"rendered":"<p>[et_pb_section fb_built=\u201d1\u2033 admin_label=\u201dHeader\u201d _builder_version=\u201d4.16\u2033 _module_preset=\u201ddefault\u201d background_color=\u201d#f1f1f1\u2033 locked=\u201doff\u201d global_colors_info=\u201d{}\u201d][et_p default \u201d global_colors_info=\u201d{}\u201d][et_pb_column type=\u201d4_4\u2033 _builder_version=\u201d4.16\u2033 _module_preset=\u201ddefault\u201d global_colors_info=\u201d{}\u201d][et_pb_text _builder_version=\u201d4.16\u2033 _module_preset= |||||||\u201d header_text_color=\u201d#000000\u2033 header_font_size=\u201d60px\u201d header_line_height=\u201d1.4em\u201d background_enable_color=\u201doff\u201d header_font_size_tablet=\u201d40px\u201d header_font_size_phone=\u201d25px\u201d global_colors_info=\u201d{}\u201d]<\/p>\n<h1>\u00bfD\u00f3nde est\u00e1 Pened\u00e8s Coworking?<\/h1>\n<p>[\/et_pb_text][\/et_pb_column][\/et_pb_row][et_pb_row column_structure=\u201d3_5,2_5\u2033 use_custom_gutter=\u201ddonde\u201d gutter_width=\u201d4\u2033 _builder_version=\u201d4.16\u2033 _module_preset=\u201ddefault type=\u201d3_5\u2033 _builder_version=\u201d4.16\u2033 _module_preset=\u201ddefault\u201d custom_padding=\u201d|60px|||false|false\u201d custom_padding_tablet=\u201d|0px|||false|false\u201d custom_padding_phone=\u201d\u201d custom_pad border_color_all=\u201drgba(51,51,51,0.24)\u201d border_width_right=\u201d1px\u201d border_width_right_tablet=\u201d0px\u201d border_width_right_phone=\u201d border_width_right_last_edited=\u201don|tablet\u201d =\u201dAIzaSyAUhvJqXgScYHMsw9yErsSF1NXpvJMojCM\u201d address =\u201dAvda. Vilafranca del Pened\u00e8s, 11, 08720 Vilafranca del Pened\u00e8s, Barcelona, Espa\u00f1a\u201d zoom_level=\u201d14\u201d address_lat=\u201d41.3525556\u201d address_lng=\u201d1.7301802\u2033 mouse_wheel=\u201doff\u201d _builder_version=\u201d4. 600px\u201d filter_saturate=\u201d0%\u201d filter_brightness=\u201d90%\u201d filter_contrast=\u201d110%\u201d border_radii=\u201ddonde|20px|20px|20px|20px\u201d global_colors_info=\u201d{}\u201d =\u201dAvda. Vilafranca del Pened\u00e8s, 11a, 08720 San Pedro Molanta, Barcelona, Espa\u00f1a\u201d zoom_level=\u201d17\u2033 pin_address_lat=\u201d41.352781102961\u2033 pin_address_lng=\u201d1.7302231153442\u2033 _buil<\/p>\n<p><span class=\"color_11\">Av. Vilafranca del Pened\u00e8s 11B<br \/><i>Subiendo las escaleras, encima del Multimon<\/i><br \/>Pol\u00edgono Ind. de San Pedro Molanta<br \/>08799 \u2013 Ol\u00e8rdola (Barcelona)<\/span><\/p>\n<p>[\/et_pb_map_pin][\/et_pb_map][\/et_pb_column][et_pb_column type=\u201d2_5\u2033 _builder_version=\u201d4.16\u2033 _module_preset=\u201ddefault\u201d global_colors_info=\u201d{}\u201d][et_pb_text _builder_version |||||||\u201d\u201d header_3_font_size=\u201d18px\u201d header_3_line_height=\u201d1.2em\u201d background_enable_color=\u201doff\u201d custom_margin=\u201d||12px||false|false\u201d header_3_font_size_tablet=\u201d14px\u201d header_3_font_size_ locked=\u201doff\u201d global_colors_info =\u201d{}\u201d]<\/p>\n<h3>Horario<\/h3>\n<p>Abierto de <strong>lunes a viernes de 8AM a 8PM<\/strong> sin interrupciones.<\/p>\n<p><em>Queremos poder abrir las 24h los 365 d\u00edas de la semana, \u00a1pero necesitamos ser m\u00e1s! Ay\u00fadanos a crecer.<\/em><\/p>\n<p>&nbsp;<\/p>\n<p>[\/et_pb_text][et_pb_text _builder_version=&#8221;4.27.4&#8243; header_3_font=&#8221;Open Sans|700|||||||&#8221; header_3_font_size=&#8221;18px&#8221; header_3_line_height=&#8221;1.2em&#8221; background_enable_color=&#8221;off&#8221; custom_margin=&#8221;||12px||false|false&#8221; hover_enabled=&#8221;0&#8243; header_3_font_size_tablet=&#8221;14px&#8221; header_3_font_size_phone=&#8221;&#8221; header_3_font_size_last_edited=&#8221;on|phone&#8221; locked=&#8221;off&#8221; global_colors_info=&#8221;{}&#8221; sticky_enabled=&#8221;0&#8243;]<\/p>\n<h3>\u00bfD\u00f3nde est\u00e1 Pened\u00e8s Coworking?<\/h3>\n<p><span class=\"color_11\"><\/span><\/p>\n<p><span style=\"font-weight: 400;\">Estamos en el <\/span><b>Pol\u00edgono de San Pedro Molanta<\/b><span style=\"font-weight: 400;\">, en la <\/span><b>Nacional 340<\/b><span style=\"font-weight: 400;\">. En la rotonda direcci\u00f3n a la izquierda, donde se encuentran el horno de pan Rius, el Crossfit, las Carns Mass\u00f3 y la tienda Multimon, entre otros.<\/span><\/p>\n<p><span style=\"font-weight: 400;\">Se puede aparcar justo enfrente, est\u00e1 en <\/span><b>sobre el Multimon subiendo las escaleras<\/b><span style=\"font-weight: 400;\"> la primera puerta. Si ya eres coworker tendr\u00e1s tu aplicaci\u00f3n para entrar directamente, si no, llama y reserva una visita para que te podamos ense\u00f1ar el espacio.<\/span><\/p>\n<p><b>\u00bfD\u00f3nde estamos ex\u00e1ctamente?<\/b><\/p>\n<p><span style=\"font-weight: 400;\">Av. Vilafranca del Pened\u00e8s 11B<\/span><span style=\"font-weight: 400;\"><br \/><\/span><i><span style=\"font-weight: 400;\">Subiendo las escaleras, encima del Multimon<\/span><\/i><i><span style=\"font-weight: 400;\"><br \/><\/span><\/i><span style=\"font-weight: 400;\">Pol\u00edgono Ind. de San Pedro Molanta<\/span><span style=\"font-weight: 400;\"><br \/><\/span><span style=\"font-weight: 400;\">08799 \u2013 Ol\u00e8rdola (Barcelona)<\/span><\/p>\n<p><span class=\"color_11\"><\/span><\/p>\n<p>[\/et_pb_text][\/et_pb_column][\/et_pb_row][\/et_pb_section][et_pb_section fb_built=&#8221;1&#8243; _builder_version=&#8221;4.19.5&#8243; _module_preset=&#8221;default&#8221; global_colors_info=&#8221;{}&#8221;][et_pb_row _builder_version=&#8221;4.19.5&#8243; _module_preset=&#8221;default&#8221; global_colors_info=&#8221;{}&#8221;][et_pb_column type=&#8221;4_4&#8243; _builder_version=&#8221;4.19.5&#8243; _module_preset=&#8221;default&#8221; global_colors_info=&#8221;{}&#8221;][et_pb_text _builder_version=&#8221;4.19.5&#8243; _module_preset=&#8221;default&#8221; global_colors_info=&#8221;{}&#8221;]<\/p>\n<h2>Poblaciones de Pened\u00e8s Coworking<\/h2>\n<p>[\/et_pb_text][\/et_pb_column][\/et_pb_row][et_pb_row _builder_version=&#8221;4.19.5&#8243; _module_preset=&#8221;default&#8221; global_colors_info=&#8221;{}&#8221;][et_pb_column type=&#8221;4_4&#8243; _builder_version=&#8221;4.19.5&#8243; _module_preset=&#8221;default&#8221; global_colors_info=&#8221;{}&#8221;][et_pb_menu menu_id=&#8221;68&#8243; menu_style=&#8221;centered&#8221; active_link_color=&#8221;#dbdbdb&#8221; _builder_version=&#8221;4.19.5&#8243; _module_preset=&#8221;default&#8221; menu_font_size=&#8221;12px&#8221; global_colors_info=&#8221;{}&#8221;][\/et_pb_menu][\/et_pb_column][\/et_pb_row][\/et_pb_section]<\/p>","protected":false},"excerpt":{"rendered":"<p>\u00bfD\u00f3nde est\u00e1 Pened\u00e8s Coworking?Av. Vilafranca del Pened\u00e8s 11BP subiendo las escaleras, encima el MultimonPol\u00edgon Ind. de Sant Pere Molanta08799 \u2013 Ol\u00e8rdola (Barcelona)Horario Abierto de lunes a viernes de 8AM a 8PM sin interrupciones. Queremos poder abrir las 24h los 365 d\u00edas de la semana, \u00a1pero necesitamos ser m\u00e1s! Ay\u00fadanos a crecer.  \u00bfD\u00f3nde est\u00e1 Pened\u00e8s Coworking? [\u2026]<\/p>","protected":false},"author":2,"featured_media":0,"parent":0,"menu_order":0,"comment_status":"closed","ping_status":"closed","template":"","meta":{"_et_pb_use_builder":"on","_et_pb_old_content":"","_et_gb_content_width":"","footnotes":""},"class_list":["post-2225","page","type-page","status-publish","hentry"],"_links":{"self":[{"href":"https:\/\/penedescoworking.com\/es\/wp-json\/wp\/v2\/pages\/2225","targetHints":{"allow":["GET"]}}],"collection":[{"href":"https:\/\/penedescoworking.com\/es\/wp-json\/wp\/v2\/pages"}],"about":[{"href":"https:\/\/penedescoworking.com\/es\/wp-json\/wp\/v2\/types\/page"}],"author":[{"embeddable":true,"href":"https:\/\/penedescoworking.com\/es\/wp-json\/wp\/v2\/users\/2"}],"replies":[{"embeddable":true,"href":"https:\/\/penedescoworking.com\/es\/wp-json\/wp\/v2\/comments?post=2225"}],"version-history":[{"count":6,"href":"https:\/\/penedescoworking.com\/es\/wp-json\/wp\/v2\/pages\/2225\/revisions"}],"predecessor-version":[{"id":5068,"href":"https:\/\/penedescoworking.com\/es\/wp-json\/wp\/v2\/pages\/2225\/revisions\/5068"}],"wp:attachment":[{"href":"https:\/\/penedescoworking.com\/es\/wp-json\/wp\/v2\/media?parent=2225"}],"curies":[{"name":"wp","href":"https:\/\/api.w.org\/{rel}","templated":true}]}}