{"id":2207,"date":"2022-12-21T17:10:19","date_gmt":"2022-12-21T16:10:19","guid":{"rendered":"http:\/\/penedescoworking.com\/?page_id=2207"},"modified":"2026-01-30T13:03:17","modified_gmt":"2026-01-30T12:03:17","slug":"normativa","status":"publish","type":"page","link":"https:\/\/penedescoworking.com\/es\/normativa\/","title":{"rendered":"Normativa"},"content":{"rendered":"<p>[et_pb_section fb_built=&#8221;1&#8243; custom_padding_last_edited=&#8221;on|phone&#8221; admin_label=&#8221;Header&#8221; _builder_version=&#8221;4.27.3&#8243; _module_preset=&#8221;default&#8221; use_background_color_gradient=&#8221;on&#8221; background_color_gradient_stops=&#8221;rgba(0,0,0,0.61) 0%|rgba(0,0,0,0.79) 100%&#8221; background_color_gradient_overlays_image=&#8221;on&#8221; background_color_gradient_start=&#8221;rgba(0,0,0,0.79)&#8221; background_color_gradient_end=&#8221;rgba(0,0,0,0.79)&#8221; background_image=&#8221;https:\/\/penedescoworking.com\/wp-content\/uploads\/2024\/11\/coworking-A-2-scaled.jpeg&#8221; custom_padding=&#8221;140px||140px||true|false&#8221; custom_padding_tablet=&#8221;100px||100px||true|false&#8221; custom_padding_phone=&#8221;60px||60px||true|false&#8221; global_colors_info=&#8221;{}&#8221;][et_pb_row _builder_version=&#8221;4.16&#8243; _module_preset=&#8221;default&#8221; global_colors_info=&#8221;{}&#8221;][et_pb_column type=&#8221;4_4&#8243; _builder_version=&#8221;4.16&#8243; _module_preset=&#8221;default&#8221; global_colors_info=&#8221;{}&#8221;][et_pb_text _builder_version=&#8221;4.27.5&#8243; _module_preset=&#8221;default&#8221; header_2_font=&#8221;Poppins|800|||||||&#8221; header_2_font_size=&#8221;60px&#8221; header_2_line_height=&#8221;1.4em&#8221; background_enable_color=&#8221;off&#8221; background_layout=&#8221;dark&#8221; max_width=&#8221;80%&#8221; max_width_tablet=&#8221;100%&#8221; max_width_phone=&#8221;&#8221; max_width_last_edited=&#8221;on|tablet&#8221; hover_enabled=&#8221;0&#8243; header_2_font_size_tablet=&#8221;40px&#8221; header_2_font_size_phone=&#8221;25px&#8221; header_2_font_size_last_edited=&#8221;on|phone&#8221; locked=&#8221;off&#8221; global_colors_info=&#8221;{}&#8221; sticky_enabled=&#8221;0&#8243;]<\/p>\n<h1>Normativa<\/h1>\n<p>[\/et_pb_text][et_pb_text _builder_version=\u201d4.20.4\u2033 _module_preset=\u201ddefault\u201d text_font=\u201d|600|||||||| text_font_size=\u201d18px\u201d text_line_height=\u201d1.8em\u201d background_enable_color=\u201doff\u201d background_layout=\u201ddark\u201d max_width=\u201d60%\u201d max_width_tablet=\u201d100%\u201d max_width_phone=\u201d\u201d max| custom_margin=\u201d|||20%|false|false\u201d custom_margin_tablet=\u201d|||0%|false|false\u201d custom_margin_phone=\u201d\u201d custom_margin_last_edited=\u201don|tablet\u201d custom_padding=\u201d||||false| global_colors_info=\u201d{}\u201d]<\/p>\n<p>Aqu\u00ed les exponemos las reglas de uso de Pened\u00e8s Coworking. No son est\u00e1ticas y puede que vayan cambiando en el futuro.<\/p>\n<p>[\/et_pb_text][\/et_pb_column][\/et_pb_row][\/et_pb_section][et_pb_section fb_built=\u201d1\u2033 admin_label=\u201dFeatures\u201d _builder_version=\u201d4.16\u2033 _module_preset=\u201ddefault\u201d background_color= penedescoworking.com\/wp-content\/uploads\/2022\/12\/co-working-space-52-1.png\u201d global_colors_info=\u201d{}\u201d][et_pb_row _builder_version=\u201d4.19.4\u2033 _module_preset=\u201ddefault\u201d custom_padding=\u201d 76px|||||\u201d global_colors_info=\u201d{}\u201d][et_pb_column type=\u201d4_4\u2033 _builder_version=\u201d4.19.4\u2033 _module_preset=\u201ddefault\u201d global_colors_info=\u201d{}\u201d][et_pb_text _builder_version=\u201d4.19.4\u2033 _module_pres {}\u201d]<\/p>\n<h3>Acceso y Seguridad<\/h3>\n<p>[\/et_pb_text][et_pb_text ol_position=&#8221;outside&#8221; ol_item_indent=&#8221;7px&#8221; _builder_version=&#8221;4.27.4&#8243; _module_preset=&#8221;default&#8221; text_font_size=&#8221;18px&#8221; text_line_height=&#8221;1.8em&#8221; ol_font_size=&#8221;16px&#8221; ol_line_height=&#8221;1.6em&#8221; global_colors_info=&#8221;{}&#8221;]<\/p>\n<ol>\n<li><b>Acceso<\/b><span style=\"font-weight: 400;\">: Los usuarios de Pened\u00e8s Coworking tienen acceso de lunes a viernes durante el horario establecido (de 8:00 a 20:00 horas). Disponemos de salas de conferencias y oficinas privadas seg\u00fan disponibilidad y previa reserva.<\/span><\/li>\n<li><b>Cuidado de los bienes:<\/b><span style=\"font-weight: 400;\"> Deber\u00e1n cuidarse correctamente todos los elementos, as\u00ed como los equipos, instalaciones y accesorios del mismo, que utilice. No se modificar\u00e1 ning\u00fan elemento de Pened\u00e8s Coworking sin autorizaci\u00f3n previa.<\/span><\/li>\n<li><b>Aplicaci\u00f3n de acceso: <\/b><span style=\"font-weight: 400;\">El acceso a las instalaciones se realiza mediante una aplicaci\u00f3n m\u00f3vil, que permite entrar y salir del coworking de forma segura. Las credenciales de acceso son personales e intransferibles y est\u00e1n vinculadas al uso del servicio.<\/span><\/li>\n<li><b>Seguridad<\/b><span style=\"font-weight: 400;\">: Por motivos de seguridad, no se dejar\u00e1n abiertas las puertas y ventanas del centro, puertas de salida y\/o emergencia durante el horario de apertura ni fuera de dicho horario. S\u00f3lo se podr\u00e1n utilizar las zonas comunitarias con nuestro consentimiento y estas zonas tendr\u00e1n que mantenerse limpias y ordenadas en todo momento.<\/span><\/li>\n<li><b>No est\u00e1 permitido almacenar<\/b><span style=\"font-weight: 400;\"> o utilizar en el centro, ning\u00fan equipo inform\u00e1tico (a excepci\u00f3n de ordenadores personales y perif\u00e9ricos relacionados) u otra maquinaria de gran tama\u00f1o, equipos de reproducci\u00f3n, equipos de calefacci\u00f3n, m\u00e1quinas expendedoras u otras m\u00e1quinas de cualquier orden que no sean propias del centro.<\/span><\/li>\n<li><b>No podr\u00e1 desarrollar ninguna actividad mec\u00e1nica<\/b><span style=\"font-weight: 400;\"> en el centro ni cocinar fuera del espacio del office.<\/span><\/li>\n<li><span style=\"font-weight: 400;\">No se introducir\u00e1n en Pened\u00e8s Coworking <\/span><b>explosivos<\/b><span style=\"font-weight: 400;\"> u otros art\u00edculos que se consideren peligrosos.<\/span><\/li>\n<li><span style=\"font-weight: 400;\">Queda prohibido el uso de <\/span><b>gases, olores o l\u00edquidos<\/b><span style=\"font-weight: 400;\"> que resulten desagradables.<\/span><\/li>\n<li><b>La corriente el\u00e9ctrica<\/b><span style=\"font-weight: 400;\"> \u00fanicamente se utilizar\u00e1 para la iluminaci\u00f3n normal de las estancias y para la alimentaci\u00f3n de ordenadores personales y otros dispositivos de peque\u00f1o tama\u00f1o.<\/span><\/li>\n<li><b>Se proh\u00edbe la entrada de animales<\/b><span style=\"font-weight: 400;\"> en el centro, a excepci\u00f3n de animales de ayuda.<\/span><\/li>\n<li><span style=\"font-weight: 400;\">No se ocupar\u00e1 ni se utilizar\u00e1 ninguna parte de Pened\u00e8s Coworking para la fabricaci\u00f3n, venta, oferta o <\/span><b>consumo de alcohol, estupefacientes o tabaco<\/b><span style=\"font-weight: 400;\"> de ning\u00fan tipo.<\/span><\/li>\n<li><span style=\"font-weight: 400;\">No se colocar\u00e1n ning\u00fan tipo de <\/span><b>cerraduras<\/b><span style=\"font-weight: 400;\"> o cerrojos adicionales en las puertas o ventanas.<\/span><\/li>\n<li><span style=\"font-weight: 400;\">Todos los <\/span><b>bienes de propiedad<\/b><span style=\"font-weight: 400;\"> o de cualquiera de los empleados, representantes o invitados ser\u00e1n responsabilidad exclusiva del propietario sin que nosotros asumimos ninguna responsabilidad en caso de que se produzcan da\u00f1os en relaci\u00f3n con estos bienes o en caso de robo o apropiaci\u00f3n indebida de los mismos.<\/span><\/li>\n<\/ol>\n<p>[\/et_pb_text][et_pb_text _builder_version=\u201d4.19.4\u2033 _module_preset=\u201ddefault\u201d global_colors_info=\u201d{}\u201d]<\/p>\n<h3>Otros<\/h3>\n<p>[\/et_pb_text][et_pb_text ol_position=&#8221;outside&#8221; ol_item_indent=&#8221;7px&#8221; _builder_version=&#8221;4.27.4&#8243; _module_preset=&#8221;default&#8221; text_font_size=&#8221;18px&#8221; text_line_height=&#8221;1.8em&#8221; ol_font_size=&#8221;16px&#8221; ol_line_height=&#8221;1.6em&#8221; global_colors_info=&#8221;{}&#8221;]<\/p>\n<ol>\n<li style=\"font-weight: 400;\" aria-level=\"1\"><b>Fumar: <\/b><span style=\"font-weight: 400;\">Queda prohibido fumar (nicotina, electr\u00f3nicos, vapear, etc) en todas las zonas p\u00fablicas, entre las que se incluyen las salas de reuniones y de formaci\u00f3n, las zonas exteriores propias de la instalaci\u00f3n, acceso de escaleras y zonas traseras.<\/span><\/li>\n<li style=\"font-weight: 400;\" aria-level=\"1\"><b>La direcci\u00f3n de nuestro edificio <\/b><span style=\"font-weight: 400;\">se puede utilizar como una direcci\u00f3n de empresa registrada \u00fanicamente mientras exista un acuerdo de servicio activo y firmado por nuestra parte.<\/span><\/li>\n<li style=\"font-weight: 400;\" aria-level=\"1\"><b>Provisi\u00f3n de fondo\/dep\u00f3sito:<\/b><span style=\"font-weight: 400;\"> Para los clientes del centro, ser\u00e1 una mensualidad de renta que se mantendr\u00e1 y actualizar\u00e1 correspondientemente durante la vigencia del contrato.<\/span><\/li>\n<li style=\"font-weight: 400;\" aria-level=\"1\"><b>Acceso posterior al centro<\/b><span style=\"font-weight: 400;\">: Queda prohibido el acceso y uso de la salida de emergencia al centro. Esta salida de emergencia se utilizar\u00e1 exclusivamente para su fin, carga\/descarga de mercanc\u00edas y casos de fuerza mayor.<\/span><\/li>\n<li style=\"font-weight: 400;\" aria-level=\"1\"><b>Parking<\/b><span style=\"font-weight: 400;\">: Queda prohibido aparcar en el acceso posterior del centro de planta primera. A excepci\u00f3n del uso de carga y descarga de mercanc\u00edas y casos de fuerza mayor.<\/span><\/li>\n<li style=\"font-weight: 400;\" aria-level=\"1\"><b>El uso del frigor\u00edfico tiene car\u00e1cter de uso diario<\/b><span style=\"font-weight: 400;\">. Se eliminar\u00e1n y limpiar\u00e1n diariamente al final de cada jornada de trabajo.<\/span><\/li>\n<li style=\"font-weight: 400;\" aria-level=\"1\"><span style=\"font-weight: 400;\">Nuestro <\/span><b>Internet y telecomunicaciones<\/b><span style=\"font-weight: 400;\">: Nuestro servicio de Internet le ofrece una conexi\u00f3n a Internet para una actividad empresarial habitual, tal como la navegaci\u00f3n web, as\u00ed como<\/span><span style=\"font-weight: 400;\"><br \/><\/span><span style=\"font-weight: 400;\">la capacidad de enviar y recibir comunicaciones electr\u00f3nicas y acceder a aplicaciones de negocio, entre otras. Nosotros no supervisamos el contenido de la informaci\u00f3n transmitida a trav\u00e9s de nuestras l\u00edneas de telecomunicaciones o equipos y no aceptamos responsabilidad alguna por el contenido de las transmisiones que usted realice.<\/span><span style=\"font-weight: 400;\">\n<p><\/span><\/li>\n<\/ol>\n<p><span style=\"font-weight: 400;\">Nuestro servicio de Internet s\u00f3lo podr\u00e1 utilizarse con fines legales y no deber\u00e1 vincularse a ninguna infracci\u00f3n penal o civil de las legislaciones, normativas y otros requisitos gubernamentales estatales, federales o internacionales. El cliente es responsable de mantener la seguridad b\u00e1sica y la protecci\u00f3n contra virus de sus sistemas para impedir que otros los utilicen de forma que incumpla el contrato de servicios.<\/span><span style=\"font-weight: 400;\"><\/p>\n<p><\/span><\/p>\n<p><span style=\"font-weight: 400;\">Nuestros servicios de Internet s\u00f3lo estar\u00e1n disponibles en nuestras ubicaciones y la conexi\u00f3n a nuestra red s\u00f3lo estar\u00e1 permitida en estas ubicaciones. Queda prohibido crear enlace alguno entre nuestra red y cualquier otra red o servicio de telecomunicaciones sin nuestro consentimiento.<\/span><\/p>\n<p>[\/et_pb_text][\/et_pb_column][\/et_pb_row][\/et_pb_section]<\/p>","protected":false},"excerpt":{"rendered":"<p>NormativaAqu\u00ed us exposem les regles d&#8217;us de Pened\u00e8s Coworking. No s\u00f3n est\u00e0tiques i pot ser que vagin canviant en el futur.Acc\u00e9s i Seguretat Acc\u00e9s: Els usuaris de Pened\u00e8s Coworking tenen acc\u00e9s de dilluns a divendres durant l\u2019horari establert (de 8:00 a 20:00 hores). Disposem de sales de confer\u00e8ncies i oficines privades segons disponibilitat i pr\u00e8via [&hellip;]<\/p>","protected":false},"author":2,"featured_media":0,"parent":0,"menu_order":0,"comment_status":"closed","ping_status":"closed","template":"","meta":{"_et_pb_use_builder":"on","_et_pb_old_content":"","_et_gb_content_width":"","footnotes":""},"class_list":["post-2207","page","type-page","status-publish","hentry"],"_links":{"self":[{"href":"https:\/\/penedescoworking.com\/es\/wp-json\/wp\/v2\/pages\/2207","targetHints":{"allow":["GET"]}}],"collection":[{"href":"https:\/\/penedescoworking.com\/es\/wp-json\/wp\/v2\/pages"}],"about":[{"href":"https:\/\/penedescoworking.com\/es\/wp-json\/wp\/v2\/types\/page"}],"author":[{"embeddable":true,"href":"https:\/\/penedescoworking.com\/es\/wp-json\/wp\/v2\/users\/2"}],"replies":[{"embeddable":true,"href":"https:\/\/penedescoworking.com\/es\/wp-json\/wp\/v2\/comments?post=2207"}],"version-history":[{"count":8,"href":"https:\/\/penedescoworking.com\/es\/wp-json\/wp\/v2\/pages\/2207\/revisions"}],"predecessor-version":[{"id":5135,"href":"https:\/\/penedescoworking.com\/es\/wp-json\/wp\/v2\/pages\/2207\/revisions\/5135"}],"wp:attachment":[{"href":"https:\/\/penedescoworking.com\/es\/wp-json\/wp\/v2\/media?parent=2207"}],"curies":[{"name":"wp","href":"https:\/\/api.w.org\/{rel}","templated":true}]}}