{"id":2019,"date":"2022-12-15T12:19:39","date_gmt":"2022-12-15T11:19:39","guid":{"rendered":"http:\/\/penedescoworking.com\/?page_id=2019"},"modified":"2024-10-31T10:20:20","modified_gmt":"2024-10-31T09:20:20","slug":"reserva","status":"publish","type":"page","link":"https:\/\/penedescoworking.com\/es\/reserva\/","title":{"rendered":"Quiero un espacio"},"content":{"rendered":"<p>[et_pb_section fb_built=\u201d1\u2033 admin_label=\u201dHeader\u201d _builder_version=\u201d4.16\u2033 _module_preset=\u201ddefault\u201d background_color=\u201d#f1f1f1\u2033 locked=\u201doff\u201d global_colors_info=\u201d{}\u201d][et_p default \u201d global_colors_info=\u201d{}\u201d][et_pb_column type=\u201d4_4\u2033 _builder_version=\u201d4.16\u2033 _module_preset=\u201ddefault\u201d global_colors_info=\u201d{}\u201d][et_pb_text _builder_version=\u201d4.16\u2033 _module_preset= |||||||\u201d header_text_color=\u201d#000000\u2033 header_font_size=\u201d60px\u201d header_line_height=\u201d1.4em\u201d background_enable_color=\u201doff\u201d header_font_size_tablet=\u201d40px\u201d header_font_size_phone=\u201d25px\u201d global_colors_info=\u201d{}\u201d]<\/p>\n<h1>Quiero un espacio<\/h1>\n<p>[\/et_pb_text][\/et_pb_column][\/et_pb_row][et_pb_row _builder_version=\u201d4.21.0\u2033 _module_preset=\u201ddefault\u201d custom_padding=\u201d3px|||||\u201d global_colors_info=\u201d{}\u201d][et_pb_column type=\u201d4_4\u2033 _builder_version=\u201d4.21.0\u2033 _module_preset=\u201ddefault\u201d global_colors_info=\u201d{}\u201d][et_pb_text _builder_version=\u201d4.21.0\u2033 _module_pres 19px\u201d background_color=\u201d#FFFFFF\u201d custom_padding=\u201d40px|40px|40px|40px|true|true\u201d global_colors_info=\u201d{}\u201d]<\/p>\n<p>Reservar un espacio en Pened\u00e8s Coworking <strong>es muy f\u00e1cil<\/strong> y directo!<\/p>\n<p><strong>Rellena el siguiente formulario<\/strong>, s\u00f3lo tienes que escoger qu\u00e9 necesitas, si es de forma mensual o puntual, \u00a1introduzcas tus datos, haces el pago y bum! Ya puedes acceder al coworking.<\/p>\n<p>S\u00f3lo tendr\u00e1s que recoger<strong> tu nueva tarjeta de acceso<\/strong> y ya est\u00e1, \u00a1as\u00ed de f\u00e1cil!<\/p>\n<p>[\/et_pb_text][\/et_pb_column][\/et_pb_row][et_pb_row column_structure=\u201d3_5,2_5\u2033 use_custom_gutter=\u201ddonde\u201d gutter_width=\u201d4\u2033 _builder_version=\u201d4.16\u2033 _module_preset=\u201ddefault type=\u201d3_5\u2033 _builder_version=\u201d4.16\u2033 _module_preset=\u201ddefault\u201d custom_padding=\u201d|60px|||false|false\u201d custom_padding_tablet=\u201d|0px|||false|false\u201d custom_padding_phone=\u201d\u201d custom_pad border_color_all=\u201drgba(51,51,51,0.24)\u201d border_width_right=\u201d1px\u201d border_width_right_tablet=\u201d0px\u201d border_width_right_phone=\u201d border_width_right_last_edited=\u201don|tablet\u201d version=\u201d4.24.0 \u2033 _module_preset=\u201ddefault\u201d global_colors_info=\u201d{}\u201d]\n<div class=\"wpcf7 no-js\" id=\"wpcf7-f3341-o1\" lang=\"ca\" dir=\"ltr\" data-wpcf7-id=\"3341\">\n<div class=\"screen-reader-response\"><p role=\"status\" aria-live=\"polite\" aria-atomic=\"true\"><\/p> <ul><\/ul><\/div>\n<form action=\"\/es\/wp-json\/wp\/v2\/pages\/2019#wpcf7-f3341-o1\" method=\"post\" class=\"wpcf7-form init\" aria-label=\"Formulario de contacto\" novalidate=\"novalidate\" data-status=\"init\" data-trp-original-action=\"\/es\/wp-json\/wp\/v2\/pages\/2019#wpcf7-f3341-o1\">\n<fieldset class=\"hidden-fields-container\"><input type=\"hidden\" name=\"_wpcf7\" value=\"3341\" \/><input type=\"hidden\" name=\"_wpcf7_version\" value=\"6.1.4\" \/><input type=\"hidden\" name=\"_wpcf7_locale\" value=\"ca\" \/><input type=\"hidden\" name=\"_wpcf7_unit_tag\" value=\"wpcf7-f3341-o1\" \/><input type=\"hidden\" name=\"_wpcf7_container_post\" value=\"0\" \/><input type=\"hidden\" name=\"_wpcf7_posted_data_hash\" value=\"\" \/><input type=\"hidden\" name=\"_wpcf7_recaptcha_response\" value=\"\" \/>\n<\/fieldset>\n<p><label> Nombre y apellidos *<br \/>\n<span class=\"wpcf7-form-control-wrap\" data-name=\"your-name\"><input size=\"40\" maxlength=\"400\" class=\"wpcf7-form-control wpcf7-text wpcf7-validates-as-required\" autocomplete=\"name\" aria-required=\"true\" aria-invalid=\"false\" value=\"\" type=\"text\" name=\"your-name\" \/><\/span> <\/label>\n<\/p>\n<p><label> Correo electr\u00f3nico<br \/>\n<span class=\"wpcf7-form-control-wrap\" data-name=\"your-email\"><input size=\"40\" maxlength=\"400\" class=\"wpcf7-form-control wpcf7-email wpcf7-validates-as-required wpcf7-text wpcf7-validates-as-email\" autocomplete=\"email\" aria-required=\"true\" aria-invalid=\"false\" value=\"\" type=\"email\" name=\"your-email\" \/><\/span> <\/label>\n<\/p>\n<p><label> Tel\u00e9fono<br \/>\n<span class=\"wpcf7-form-control-wrap\" data-name=\"your-tel\"><input size=\"40\" maxlength=\"400\" class=\"wpcf7-form-control wpcf7-tel wpcf7-validates-as-required wpcf7-text wpcf7-validates-as-tel\" autocomplete=\"tel\" aria-required=\"true\" aria-invalid=\"false\" value=\"\" type=\"tel\" name=\"your-tel\" \/><\/span> <\/label>\n<\/p>\n<p><span class=\"wpcf7-form-control-wrap\" data-name=\"factura\"><span class=\"wpcf7-form-control wpcf7-acceptance optional\"><span class=\"wpcf7-list-item\"><label><input type=\"checkbox\" name=\"factura\" value=\"1\" class=\"factura\" id=\"factura\" aria-invalid=\"false\" \/><span class=\"wpcf7-list-item-label\">\u00bfNecesitas factura?<\/span><\/label><\/span><\/span><\/span>\n<\/p>\n<p><label> Datos de la factura: empresa, DNI\/NIF\/CIF y Direcci\u00f3n de facturaci\u00f3n<br \/>\n<span class=\"wpcf7-form-control-wrap\" data-name=\"your-dades\"><textarea cols=\"40\" rows=\"10\" maxlength=\"2000\" class=\"wpcf7-form-control wpcf7-textarea\" aria-invalid=\"false\" name=\"your-dades\"><\/textarea><\/span> <\/label>\n<\/p>\n<p>\u00bfQu\u00e9 necesitas?<br \/>\n<label><span class=\"wpcf7-form-control-wrap\" data-name=\"lloguer\"><select class=\"wpcf7-form-control wpcf7-select wpcf7-validates-as-required\" aria-required=\"true\" aria-invalid=\"false\" name=\"lloguer\"><option value=\"Lloguer mensual\">Alquiler mensual<\/option><option value=\"Lloguer puntual\">Alquiler puntual<\/option><\/select><\/span> <\/label>\n<\/p>\n<p>\u00bfQu\u00e9 espacio te interesar\u00eda?<br \/>\n<label><span class=\"wpcf7-form-control-wrap\" data-name=\"espai\"><textarea cols=\"40\" rows=\"10\" maxlength=\"2000\" class=\"wpcf7-form-control wpcf7-textarea\" aria-invalid=\"false\" name=\"espai\"><\/textarea><\/span><\/label>\n<\/p>\n<p>\u00bfQu\u00e9 d\u00eda?<br \/>\n<label><span class=\"wpcf7-form-control-wrap\" data-name=\"data\"><input class=\"wpcf7-form-control wpcf7-date wpcf7-validates-as-required wpcf7-validates-as-date\" aria-required=\"true\" aria-invalid=\"false\" value=\"\" type=\"date\" name=\"data\" \/><\/span><\/label>\n<\/p>\n<p><label> \u00bfQuieres comentarnos algo?<br \/>\n<span class=\"wpcf7-form-control-wrap\" data-name=\"your-message\"><textarea cols=\"40\" rows=\"10\" maxlength=\"2000\" class=\"wpcf7-form-control wpcf7-textarea\" aria-invalid=\"false\" name=\"your-message\"><\/textarea><\/span> <\/label>\n<\/p>\n<p><span class=\"wpcf7-form-control-wrap\" data-name=\"RGPD\"><span class=\"wpcf7-form-control wpcf7-checkbox wpcf7-validates-as-required\"><span class=\"wpcf7-list-item first last\"><label><input type=\"checkbox\" name=\"RGPD[]\" value=\"Accepto la Pol\u00edtica de Privacitat\" \/><span class=\"wpcf7-list-item-label\">Acepto la Pol\u00edtica de Privacidad<\/span><\/label><\/span><\/span><\/span><br \/>\n<br \/>\n<label><input class=\"wpcf7-form-control wpcf7-submit has-spinner\" type=\"submit\" value=\"Enviar\" \/><\/label>\n<\/p><div class=\"wpcf7-response-output\" aria-hidden=\"true\"><\/div>\n<input type=\"hidden\" name=\"trp-form-language\" value=\"es\"\/><\/form>\n<\/div>\n[\/et_pb_code][\/et_pb_column][et_pb_column type=\u201d2_5\u2033 _builder_version=\u201d4.16\u2033 _module_preset=\u201ddefault\u201d global_colors_info=\u201d{}\u201d][et_pb_text _builder_version=\u201d4.19.3\u2033| |||||\u201d header_3_font_size=\u201d18px\u201d header_3_line_height=\u201d1.2em\u201d background_enable_color=\u201doff\u201d custom_margin=\u201d||12px||false|false\u201d header_3_font_size_tablet=\u201d14px\u201d header_3_font_size_ locked=\u201doff\u201d global_colors_info =\u201d{}\u201d]<\/p>\n<h3>Ll\u00e1manos<\/h3>\n<p>\u00bfTienes dudas? \u00bfQuieres que te contemos algo en m\u00e1s detalle? Nos puedes llamar de 8 de la ma\u00f1ana a 8 de la noche y te responderemos a todas las preguntas que tengas.<\/p>\n<p>[\/et_pb_text][et_pb_blurb title=\u201d 624 684 421\u2033 use_icon=\u201don\u201d font_icon=\u201d\ue090||divi||400\u2033 icon_color=\u201d#ea6c01\u2033 image_icon_background_color=\u201drgba(2) icon_placement=&quot;left&quot; image_icon_width=&quot;14px&quot; content_max_width=&quot;100%&quot; _builder_version=&quot;4.27.2&quot; _module_preset=&quot;default&quot; header_font=&quot;Poppins|600||||||||&quot; header_text_color=\u201d#fd6927\u2033 header_font_size=\u201d13px\u201d header_line_height=\u201d2em\u201d image_icon_custom_padding=\u201d8px|8px|8px|8px|false|false\u201d animation=\u201doff\u201d hover_enabled=\u201d border_radii_image=\u201ddonde|100%|100%|100%|100%\u201d icon_font_size=\u201d14px\u201d use_circle=\u201ddonde\u201d circle_color=\u201drgba(234,108,1,0.11) image_icon_background_color__sticky_enabled=&quot;#7EBEC5&quot; image_icon_background_color__sticky=&quot;#7EBEC5&quot; url=&quot;tel: 624 684 421&quot; sticky_enabled=&quot;0&quot;][\/et_pb_bl _builder_version=\u201d4.16\u2033 header_3_font=\u201dOpen Sans|700|||||||\u201d header_3_font_size=\u201d18px\u201d header_3_line_height=\u201d1.2em\u201d background_enable_color=\u201doff\u201d custom_margin=\u201d||12px||false|false\u201d header_3_font_size_tablet=\u201d14px\u201d header_3_font_size_phone header_3_font_size_last_edited=\u201don|phone\u201d locked=\u201doff\u201d global_colors_info=\u201d{}\u201d]<\/p>\n<h3>Vis\u00edtanos<\/h3>\n<p>\u00bfQuieres ver el coworking antes de reservar? Ven y te la ense\u00f1aremos y de paso te responderemos a las dudas que tengas. Av\u00edsanos por tel\u00e9fono.<\/p>\n<p>[\/et_pb_text][et_pb_blurb title=\u201dAvda. Vilafranca del Pened\u00e8s, 11B, 08799 San Pedro Molanta, Barcelona\u201d use_icon=\u201ddonde\u201d font_icon=\u201d\ue081||divio||400\u2033 icon_color=\u201d#ea6c01\u2033 image_icon_background_color=\u201drgba(234,108) \u201d image_icon_width=\u201d14px\u201d content_max_width=\u201d100%\u201d _builder_version=\u201d4.19.3\u2033 _module_preset=\u201ddefault\u201d header_font=\u201dPoppins|600||||||||\u201d header_text_color=\u201d#fd6927\u2033 header_font_size=\u201d13px\u201d header_line_height=\u201d2em\u201d image_icon_custom_padding=\u201d8px|8px|8px|8px|false|false\u201d animation=\u201doff1 border_radii_0=0 14T|100%\u201d icon_font_size= \u201d14px\u201d use_circle=\u201don\u201d circle_color=\u201drgba(234,108,1,0.11)\u201d locked=\u201doff\u201d global_colors_info=\u201d{}\u201d image_icon_background_color__sticky_enabled=\u201d#7EBEC5\u20335 et_pb_blurb][et_pb_text _builder_version= \u201d4.16\u2033 header_3_font=\u201dOpen Sans|700|||||||\u201d header_3_font_size=\u201d18px\u201d header_3_line_height=\u201d1.2em\u201d background_enable_color=\u201doff\u201d custom_margin=\u201d||12px||false|false\u201d header_3_font_size_tablet=\u201d14px\u201d header_3_font_size_ locked=\u201doff\u201d global_colors_info =\u201d{}\u201d]<\/p>\n<h3>Chat en vivo<\/h3>\n<p>Si lo prefieres podemos resolver tus dudas o inquietudes directamente desde el chat en vivo.<\/p>\n<p>[\/et_pb_text][et_pb_blurb title=\u201dEmpezar a chatear\u201d url=\u201dhttps:\/\/wa.me\/624684421\u2033 use_icon=\u201don\u201d font_icon=\u201d\ue066||divi||400\u2033 icon_color=\u201d#ea6c01\u2033 image_icon_background_color=\u201drgba(234,108,1,0.11)\u201d icon_placement=\u201dleft\u201d image_icon_width=\u201d14px\u201d content_max_width=\u201d100%\u201d _builder_version=\u201d4.27.2\u2033= _module header_font=\u201dPoppins|600|||||||\u201d header_text_color=\u201d#fd6927\u2033 header_font_size=\u201d13px\u201d header_line_height=\u201d2em\u201d image_icon_custom_padding=\u201d8px|8px|8px|8px|false|false\u201d animation=\u201doff\u201d border_radii_image=\u201ddonde|100%|100%|100%|100%\u201d icon_font_size=\u201d14px\u201d use_circle=\u201ddonde\u201d circle_color=\u201drgba(234,108,1,0.11) image_icon_background_color__sticky_enabled=\u201d#7EBEC5\u2033 image_icon_background_color__sticky=\u201d#7EBEC5\u2033][\/et_pb_blurb][\/et_pb_column][\/et_pb_row][et_pb_row_\u2033. _module_preset=\u201ddefault\u201d global_colors_info=\u201d{}\u201d][et_pb_column type=\u201d4_4\u2033 _builder_version=\u201d4.19.3\u2033 _module_preset=\u201ddefault\u201d global_colors_info=\u201d{}\u201d][\/et_pb_column][\/et_pb_row fb_built=\u201d1\u2033 admin_label=\u201dMap\u201d _builder_version=\u201d4.16\u2033 _module_preset=\u201ddefault\u201d background_color=\u201d#f1f1f1\u2033 background_enable_image=\u201doff\u201d background_size=\u201dcontain\u201d global_colors_info=\u201d{}\u201d][ _module_preset=\u201ddefault\u201d global_colors_info=\u201d{}\u201d][et_pb_column type=\u201d4_4\u2033 _builder_version=\u201d4.16\u2033 _module_preset=\u201ddefault\u201d global_colors_info=\u201d{}\u201d][et_pb_map address=\u201dAvda. Vilafranca2 Pened\u00e8s, Barcelona, Espa\u00f1a\u201d zoom_level=\u201d12\u2033 address_lat=\u201d41.3525556\u2033 address_lng=\u201d1.7301802\u2033 mouse_wheel=\u201doff\u201d _builder_version=\u201d4.19.3\u2033 module_alignment=\u201dright\u201d filter_s filter_brightness=\u201d90%\u201d filter_contrast=\u201d110%\u201d border_radii=\u201ddonde|20px|20px|20px|20px\u201d global_colors_info=\u201d{}\u201d][et_pb_map_pin title=\u201dPened\u00e8s Coworking\u201d pin 08720 Vilafranca del Pened\u00e8s, Barcelona, Spain\u201d pin_address_lat=\u201d41.3525556\u2033 pin_address_lng=\u201d1.7301802\u2033 _builder_version=\u201d4.19.3\u2033 global_colors_info=\u201d{}\u201d][\/et_pb_map_pin][\/et_pb_map][\/et_pb_column][\/et_pb_row][\/et_pb_section]<\/p>","protected":false},"excerpt":{"rendered":"<p>Quiero un espacioReservar un espacio en Pened\u00e8s Coworking es muy f\u00e1cil y directo! Rellena el siguiente formulario, s\u00f3lo tienes que escoger qu\u00e9 necesitas, si es de forma mensual o puntual, \u00a1introduzcas tus datos, haces el pago y bum! Ya puedes acceder al coworking. S\u00f3lo tendr\u00e1s que recoger tu nueva tarjeta de acceso y ya est\u00e1 [\u2026]<\/p>","protected":false},"author":2,"featured_media":0,"parent":0,"menu_order":0,"comment_status":"closed","ping_status":"closed","template":"","meta":{"_et_pb_use_builder":"on","_et_pb_old_content":"","_et_gb_content_width":"","footnotes":""},"class_list":["post-2019","page","type-page","status-publish","hentry"],"_links":{"self":[{"href":"https:\/\/penedescoworking.com\/es\/wp-json\/wp\/v2\/pages\/2019","targetHints":{"allow":["GET"]}}],"collection":[{"href":"https:\/\/penedescoworking.com\/es\/wp-json\/wp\/v2\/pages"}],"about":[{"href":"https:\/\/penedescoworking.com\/es\/wp-json\/wp\/v2\/types\/page"}],"author":[{"embeddable":true,"href":"https:\/\/penedescoworking.com\/es\/wp-json\/wp\/v2\/users\/2"}],"replies":[{"embeddable":true,"href":"https:\/\/penedescoworking.com\/es\/wp-json\/wp\/v2\/comments?post=2019"}],"version-history":[{"count":5,"href":"https:\/\/penedescoworking.com\/es\/wp-json\/wp\/v2\/pages\/2019\/revisions"}],"predecessor-version":[{"id":4106,"href":"https:\/\/penedescoworking.com\/es\/wp-json\/wp\/v2\/pages\/2019\/revisions\/4106"}],"wp:attachment":[{"href":"https:\/\/penedescoworking.com\/es\/wp-json\/wp\/v2\/media?parent=2019"}],"curies":[{"name":"wp","href":"https:\/\/api.w.org\/{rel}","templated":true}]}}