{"id":171,"date":"2022-07-21T13:03:49","date_gmt":"2022-07-21T13:03:49","guid":{"rendered":"http:\/\/penedescoworking.com\/?page_id=171"},"modified":"2022-12-15T09:27:50","modified_gmt":"2022-12-15T08:27:50","slug":"politica-de-privacidad","status":"publish","type":"page","link":"https:\/\/penedescoworking.com\/es\/politica-de-privacidad\/","title":{"rendered":"Pol\u00edtica de privacidad"},"content":{"rendered":"<p>[et_pb_section fb_built=\u201d1\u2033 _builder_version=\u201d4.18.0\u2033 _module_preset=\u201ddefault\u201d global_colors_info=\u201d{}\u201d][et_pb_row _builder_version=\u201d4.18.0\u2033 _module_preset=\u201ddefault\u201d global_ =\u201d4_4\u2033 _builder_version=\u201d4.18.0\u2033 _module_preset=\u201ddefault\u201d global_colors_info=\u201d{}\u201d][et_pb_post_title meta=\u201doff\u201d featured_image=\u201doff\u201d _builder_version=\u201d4.18.0\u2033 _module_preset=\u201d 38px\u201d global_colors_info=\u201d{}\u201d][\/et_pb_post_title][et_pb_text _builder_version=\u201d4.18.0\u2033 _module_preset=\u201ddefault\u201d global_colors_info=\u201d{}\u201d]<\/p>\n<h2>Qu\u00e9 son las\u00a0<em>cookies<\/em>?<\/h2>\n<p>Las\u00a0<em>cookies<\/em>\u00a0son peque\u00f1os archivos de datos que se reciben en el terminal desde el sitio web visitado y se usan para registrar ciertas interacciones de la navegaci\u00f3n en un sitio web almacenando datos que podr\u00e1n ser actualizados y recuperados. Estos archivos se almacenan en el ordenador del usuario y contienen datos an\u00f3nimos que no son perjudiciales para su equipo. Se utilizan para recordar las preferencias del usuario, como el idioma seleccionado, los datos de acceso o la personalizaci\u00f3n de la p\u00e1gina.<\/p>\n<p>Las\u00a0<em>cookies<\/em>\u00a0tambi\u00e9n pueden ser utilizadas para registrar informaci\u00f3n an\u00f3nima sobre c\u00f3mo utiliza el sitio el visitante. Por ejemplo, desde qu\u00e9 p\u00e1gina web ha accedido o si ha utilizado un banner publicitario para llegar a \u00e9l.<\/p>\n<h2>\u00bfPor qu\u00e9 PENEDESCOWORKING.COM utiliza <em>cookies<\/em>?<\/h2>\n<p>PENEDESCOWORKING.COM utiliza <em>cookies<\/em>\u00a0estrictamente necesarias y esenciales para que usted utilice nuestros sitios web y pueda moverse libremente, utilizar \u00e1reas seguras, configurar opciones personalizadas, etc. Adem\u00e1s, utiliza\u00a0<em>cookies<\/em>\u00a0que recogen datos relativos al an\u00e1lisis de uso de la web. \u00c9stas se utilizan para ayudar a mejorar el servicio por el usuario, midiendo el uso y el rendimiento de la p\u00e1gina para optimizarla y personalizarla.<\/p>\n<p>Nuestros sitios tambi\u00e9n pueden tener enlaces de redes sociales (como Facebook o Twitter). PENEDESCOWORKING.COM no controla las <em>cookies<\/em>\u00a0utilizadas por estas webs externas. Para m\u00e1s informaci\u00f3n sobre las<em>cookies<\/em>\u00a0de las redes sociales u otras webs ajenas, aconsejamos que revise sus propias pol\u00edticas de\u00a0<em>cookies<\/em>.<\/p>\n<h2>Qu\u00e9 uso damos a los diferentes tipos de\u00a0<em>cookies<\/em>?<\/h2>\n<h3>Seg\u00fan su finalidad:<\/h3>\n<table>\n<colgroup>\n<col width=\"30%\" \/>\n<col width=\"70%\" \/> <\/colgroup>\n<tbody>\n<tr>\n<td>Cookies t\u00e9cnicas<\/td>\n<td>\n<p>Las\u00a0<em>cookies<\/em>\u00a0t\u00e9cnicas son aquellas imprescindibles y estrictamente necesarias para el correcto funcionamiento de un portal web y la utilizaci\u00f3n de las diferentes opciones y servicios que ofrece.<\/p>\n<p>&nbsp;<\/p>\n<p>Por ejemplo, aquellas que sirven para el mantenimiento de la sesi\u00f3n, gesti\u00f3n del tiempo de respuesta, rendimiento o validaci\u00f3n de opciones, uso de elementos de seguridad, compartici\u00f3n de contenido con redes sociales, etc.<\/p>\n<\/td>\n<\/tr>\n<tr>\n<td>Cookies de personalizaci\u00f3n<\/td>\n<td>\u00c9stas\u00a0<em>cookies<\/em>\u00a0permiten al usuario especificar o personalizar algunas caracter\u00edsticas de las opciones generales de la p\u00e1gina web. Por ejemplo, definir el idioma, la configuraci\u00f3n regional o el tipo de navegador.<\/td>\n<\/tr>\n<tr>\n<td>Cookies anal\u00edticas<\/td>\n<td>\n<p>Las\u00a0<em>cookies<\/em>\u00a0anal\u00edticas son las utilizadas por nuestros portales web para elaborar perfiles de navegaci\u00f3n y poder conocer las preferencias de los usuarios con el fin de mejorar la oferta de productos y servicios.<\/p>\n<p>&nbsp;<\/p>\n<p>Por ejemplo, mediante una\u00a0<em>cookie<\/em>\u00a0anal\u00edtica se controlar\u00edan las \u00e1reas geogr\u00e1ficas de mayor inter\u00e9s de un usuario, cu\u00e1l es el producto de mayor aceptaci\u00f3n, etc.<\/p>\n<\/td>\n<\/tr>\n<tr>\n<td>Cookies publicitarias \/ de publicidad<\/td>\n<td>\n<p>Las\u00a0<em>cookies<\/em>\u00a0publicitarias permiten la gesti\u00f3n de los espacios publicitarios de acuerdo a criterios concretos. Por ejemplo, la frecuencia de acceso, contenido editado, etc.<\/p>\n<p>&nbsp;<\/p>\n<p>Las\u00a0<em>cookies<\/em>\u00a0publicitarias permiten, a trav\u00e9s de la gesti\u00f3n de la publicidad, almacenar informaci\u00f3n del comportamiento a trav\u00e9s de la observaci\u00f3n de h\u00e1bitos, estudiando los accesos y formando un perfil de preferencias del usuario, para ofrecerle publicidad relacionada con los intereses del su perfil.<\/p>\n<\/td>\n<\/tr>\n<\/tbody>\n<\/table>\n<h3>Seg\u00fan plazo:<\/h3>\n<table>\n<colgroup>\n<col width=\"30%\" \/>\n<col width=\"70%\" \/> <\/colgroup>\n<tbody>\n<tr>\n<td>Cookies de sesi\u00f3n<\/td>\n<td>Las\u00a0<em>cookies<\/em>\u00a0de sesi\u00f3n son aquellas que duran el tiempo que el usuario est\u00e1 navegando por la p\u00e1gina web y se borran cuando acaba de hacerlo.<\/td>\n<\/tr>\n<tr>\n<td>Cookies persistentes<\/td>\n<td>\u00c9stas\u00a0<em>cookies<\/em>\u00a0quedan almacenadas en el terminal del usuario durante un tiempo m\u00e1s largo, facilitando as\u00ed el control de las preferencias escogidas sin tener que repetir ciertos par\u00e1metros cada vez que se visite el sitio web.<\/td>\n<\/tr>\n<\/tbody>\n<\/table>\n<h2>Y si no quiero tener estas\u00a0<em>cookies<\/em>\u00a0\u00bfo no hago nada?<\/h2>\n<p>Para cumplir con la legislaci\u00f3n vigente, debemos pedirle permiso para gestionar\u00a0<em>cookies<\/em>. Si decide no autorizar el tratamiento indic\u00e1ndonos que no est\u00e1 de acuerdo, s\u00f3lo utilizar\u00edamos las\u00a0<em>cookies<\/em>\u00a0t\u00e9cnicas, ya que son imprescindibles para navegar por nuestra web. En este caso, no almacenar\u00edamos ninguna <em>cookie<\/em>. Si continua navegando por nuestro sitio web sin denegar su autorizaci\u00f3n, esto implica que acepta su uso.<\/p>\n<p>Tenga en cuenta que si rechaza o borra las\u00a0<em>cookies<\/em>\u00a0de navegaci\u00f3n por la web, no podremos mantener sus preferencias, algunas caracter\u00edsticas de las p\u00e1ginas no estar\u00e1n operativas, no podremos ofrecerle servicios personalizados y cada vez que navegue por nuestra web deberemos solicitarle de nuevo su autorizaci\u00f3n para el uso de\u00a0<em>cookies<\/em>.<\/p>\n<p>Si, sin embargo, decide modificar la configuraci\u00f3n de su acceso a la p\u00e1gina web, debe saber que es posible eliminar las\u00a0<em>cookies<\/em>\u00a0o impedir que se registre esta informaci\u00f3n en su equipo en cualquier momento mediante la modificaci\u00f3n de los par\u00e1metros de configuraci\u00f3n de su navegador:<\/p>\n<ul>\n<li><a href=\"http:\/\/windows.microsoft.com\/es-es\/windows-vista\/block-or-allow-cookies\" target=\"_blanc\" rel=\"noopener noreferrer\">Configuraci\u00f3n de\u00a0<em>cookies<\/em>\u00a0de Internet Explorer<\/a><\/li>\n<li><a href=\"http:\/\/support.mozilla.org\/ca\/kb\/enable-and-disable-cookies-website-preferences\" target=\"_blanc\" rel=\"noopener noreferrer\">Configuraci\u00f3n de\u00a0<em>cookies<\/em>\u00a0de Firefox<\/a><\/li>\n<li><a href=\"https:\/\/support.google.com\/chrome\/answer\/95647?hl=ca\" target=\"_blanc\" rel=\"noopener noreferrer\">Configuraci\u00f3n de\u00a0<em>cookies<\/em>\u00a0de Google Chrome<\/a><\/li>\n<li><a href=\"http:\/\/support.apple.com\/kb\/HT1677?viewlocale=es_ES&amp;locale=es_ES\" target=\"_blanc\" rel=\"noopener noreferrer\">Configuraci\u00f3n de\u00a0<em>cookies<\/em>\u00a0de Safari<\/a><\/li>\n<\/ul>\n<p>Estos navegadores est\u00e1n sometidos a actualizaciones o modificaciones, por lo que no podemos garantizar que se ajusten por completo a la versi\u00f3n de su navegador. Tambi\u00e9n puede que utilice otro navegador no contemplado en estos enlaces como Konqueror, Arora, Flock, etc. Para evitar estos desajustes, puede acceder directamente desde las opciones de su navegador que se encuentra generalmente en el men\u00fa de Opciones, en la secci\u00f3n de \u201cPrivacidad\u201d. (Por favor, consulte la ayuda de su navegador para m\u00e1s informaci\u00f3n.)<\/p>\n<h2>Los datos recogidos en las\u00a0<em>cookies<\/em>, \u00bfse utilizan en webs que no son PENEDESCOWORKING.COM?<\/h2>\n<p>Alguna de nuestras\u00a0<em>cookies<\/em> se utiliza para generar publicidad en redes de terceros o para realizar anal\u00edticas para las que utilizamos herramientas externas al PENEDESCOWORKING.COM. Las <em>cookies<\/em>\u00a0utilizadas son para uso exclusivo del banco y su grupo de empresas, que en ning\u00fan caso las comercializa.<\/p>\n<p>En PENEDESCOWORKING.COM trabajamos con proveedores de confianza que nos ayudan en la gesti\u00f3n y la personalizaci\u00f3n de nuestras p\u00e1ginas web.<\/p>\n<h2>Entonces, \u00bfqu\u00e9 significa la informaci\u00f3n anterior?<\/h2>\n<p>Si acepta las nuestras\u00a0<em>cookies<\/em>, nos permite la mejora de las webs de PENEDESCOWORKING.COM para ofrecerle un acceso \u00f3ptimo y darle un servicio m\u00e1s eficaz y personalizado.<\/p>\n<p>Adem\u00e1s, usted puede configurar su navegador para establecer que s\u00f3lo los sitios web de confianza o las p\u00e1ginas por las que est\u00e1 navegando en ese momento puedan gestionar\u00a0<em>cookies<\/em>, lo que le permite seleccionar sus preferencias.<\/p>\n<p>Con esta pol\u00edtica, PENEDESCOWORKING.COM demuestra el compromiso adquirido con la legislaci\u00f3n vigente sobre el uso de <em>cookies<\/em>, d\u00e1ndole informaci\u00f3n para que usted pueda comprender qu\u00e9 tipo de\u00a0<em>cookies<\/em>utilizaremos y por qu\u00e9 lo hacemos. Con ello pretendemos proporcionarle transparencia en relaci\u00f3n con los datos tratados durante la navegaci\u00f3n hecha desde su equipo en nuestra web.<\/p>\n<p>Esta pol\u00edtica se revisa peri\u00f3dicamente para asegurar su vigencia, por lo que puede modificarse. Le recomendamos que visite la p\u00e1gina con regularidad, donde le informaremos de cualquier actualizaci\u00f3n.<\/p>\n<h2>\u00bfD\u00f3nde puedo obtener m\u00e1s informaci\u00f3n?<\/h2>\n<p>Si necesita obtener m\u00e1s informaci\u00f3n sobre la directiva de\u00a0<em>cookies<\/em>, por favor, consulte el Bolet\u00edn Oficial del Estado publicado el pasado 31 de marzo de 2012 (para Espa\u00f1a), en el que se transponen las directivas en materia de comunicaciones electr\u00f3nicas. Tambi\u00e9n se puede consultar la directiva en\u00a0<a href=\"https:\/\/ico.org.uk\/\" target=\"_blank\" rel=\"noopener noreferrer\">Information Commissioner Office<\/a>\u00a0(en ingl\u00e9s).<\/p>\n<p>Adicionalmente, puede acceder a unos v\u00eddeos did\u00e1cticos publicados por la Agencia Espa\u00f1ola de Protecci\u00f3n de Datos en los que se explica, paso a paso, c\u00f3mo configurar las opciones de privacidad de los navegadores, las redes sociales y los sistemas operativos m\u00f3viles m\u00e1s comunes, en\u00a0<a href=\"http:\/\/www.youtube.com\/user\/desdelaAEPD\" target=\"_blank\" rel=\"noopener noreferrer\">V\u00eddeos AEPD<\/a>.<\/p>\n<p>[\/et_pb_text][\/et_pb_column][\/et_pb_row][et_pb_row _builder_version=\u201d4.18.0\u2033 _module_preset=\u201ddefault\u201d global_colors_info=\u201d{}\u201d][et_pb_column type=\u201d4_4\u2033 _builder_version=. default\u201d global_colors_info=\u201d{}\u201d][\/et_pb_column][\/et_pb_row][\/et_pb_section]<\/p>","protected":false},"excerpt":{"rendered":"<p>\u00bfQu\u00e9 son las cookies? Las cookies son peque\u00f1os archivos de datos que se reciben en el terminal desde el sitio web visitado y se usan para registrar ciertas interacciones de la navegaci\u00f3n en un sitio web almacenando datos que podr\u00e1n ser actualizados y recuperados. Estos archivos se almacenan en el ordenador del usuario y contienen datos an\u00f3nimos que no son perjudiciales [\u2026]<\/p>","protected":false},"author":2,"featured_media":0,"parent":0,"menu_order":0,"comment_status":"closed","ping_status":"closed","template":"","meta":{"_et_pb_use_builder":"on","_et_pb_old_content":"","_et_gb_content_width":"","footnotes":""},"class_list":["post-171","page","type-page","status-publish","hentry"],"_links":{"self":[{"href":"https:\/\/penedescoworking.com\/es\/wp-json\/wp\/v2\/pages\/171","targetHints":{"allow":["GET"]}}],"collection":[{"href":"https:\/\/penedescoworking.com\/es\/wp-json\/wp\/v2\/pages"}],"about":[{"href":"https:\/\/penedescoworking.com\/es\/wp-json\/wp\/v2\/types\/page"}],"author":[{"embeddable":true,"href":"https:\/\/penedescoworking.com\/es\/wp-json\/wp\/v2\/users\/2"}],"replies":[{"embeddable":true,"href":"https:\/\/penedescoworking.com\/es\/wp-json\/wp\/v2\/comments?post=171"}],"version-history":[{"count":1,"href":"https:\/\/penedescoworking.com\/es\/wp-json\/wp\/v2\/pages\/171\/revisions"}],"predecessor-version":[{"id":2014,"href":"https:\/\/penedescoworking.com\/es\/wp-json\/wp\/v2\/pages\/171\/revisions\/2014"}],"wp:attachment":[{"href":"https:\/\/penedescoworking.com\/es\/wp-json\/wp\/v2\/media?parent=171"}],"curies":[{"name":"wp","href":"https:\/\/api.w.org\/{rel}","templated":true}]}}