{"id":4741,"date":"2025-10-02T12:33:21","date_gmt":"2025-10-02T11:33:21","guid":{"rendered":"https:\/\/penedescoworking.com\/coworking-a-prop-de-molins-de-rei\/"},"modified":"2025-10-02T12:33:21","modified_gmt":"2025-10-02T11:33:21","slug":"coworking-near-molins-de-rei","status":"publish","type":"page","link":"https:\/\/penedescoworking.com\/en\/coworking-near-molins-de-rei\/","title":{"rendered":"Coworking near Molins de Rei"},"content":{"rendered":"<div class=\"wp-block-columns is-layout-flex wp-container-core-columns-is-layout-9d6595d7 wp-block-columns-is-layout-flex\">\n<div class=\"wp-block-column is-layout-flow wp-block-column-is-layout-flow\" style=\"flex-basis:66.66%\">\n<p>You are looking for one <strong>coworking near Molins de Rei<\/strong>? You&#039;ve already found it! Pened\u00e8s Coworking is your ideal coworking space for working, starting your business, networking or using the meeting rooms. <\/p>\n\n\n\n<p>Pened\u00e8s Coworking is located in Sant Pere Molanta, next to Vilafranca del Pened\u00e8s.<\/p>\n\n\n\n<p>Pened\u00e8s Coworking <strong>offers you a space whether you are a freelancer<\/strong>, you have a startup, a small or medium-sized company, you are a student, you are an opponent, you work remotely or you are a delegation from the Molins de Rei area.<\/p>\n\n\n\n<div style=\"height:67px\" aria-hidden=\"true\" class=\"wp-block-spacer\"><\/div>\n\n\n\n<h2 class=\"wp-block-heading\" id=\"que-ofereix-penedes-coworking-a-poblacions-city-name\">What does Pened\u00e8s Coworking offer in Molins de Rei?<\/h2>\n\n\n\n<p>With a population of 24067, Molins de Rei has a large number of freelancers, telecommuters, freelancers and SMEs who need a space and <strong>in Pened\u00e8s Coworking they have found it<\/strong>. <\/p>\n\n\n\n<p>With more than 600 square meters of space, we have more than 50 jobs available, where <strong>for only \u20ac99 a month you will have your own fixed table<\/strong>, a locker with key, access card, high-speed internet, an office and huge recreation area, free parking and most importantly, 6 meeting rooms available to use whenever you want, at no additional cost.<\/p>\n<\/div>\n\n\n\n<div class=\"wp-block-column is-layout-flow wp-block-column-is-layout-flow\" style=\"flex-basis:33.33%\"><figure class=\"wp-block-post-featured-image\"><img decoding=\"async\" width=\"2560\" height=\"1707\" src=\"https:\/\/penedescoworking.com\/wp-content\/uploads\/2025\/10\/Coworking-Molins-de-Rei-scaled.jpg\" class=\"attachment-post-thumbnail size-post-thumbnail wp-post-image\" alt=\"Coworking Molins de Rei\" style=\"object-fit:cover;\" srcset=\"https:\/\/penedescoworking.com\/wp-content\/uploads\/2025\/10\/Coworking-Molins-de-Rei-scaled.jpg 2560w, https:\/\/penedescoworking.com\/wp-content\/uploads\/2025\/10\/Coworking-Molins-de-Rei-1280x854.jpg 1280w, https:\/\/penedescoworking.com\/wp-content\/uploads\/2025\/10\/Coworking-Molins-de-Rei-980x653.jpg 980w, https:\/\/penedescoworking.com\/wp-content\/uploads\/2025\/10\/Coworking-Molins-de-Rei-480x320.jpg 480w\" sizes=\"(min-width: 0px) and (max-width: 480px) 480px, (min-width: 481px) and (max-width: 980px) 980px, (min-width: 981px) and (max-width: 1280px) 1280px, (min-width: 1281px) 2560px, 100vw\" title=\"\"><\/figure><\/div>\n<\/div>\n\n\n\n<div style=\"height:60px\" aria-hidden=\"true\" class=\"wp-block-spacer\"><\/div>\n\n\n\n<div class=\"wp-block-columns is-layout-flex wp-container-core-columns-is-layout-9d6595d7 wp-block-columns-is-layout-flex\">\n<div class=\"wp-block-column is-layout-flow wp-block-column-is-layout-flow\" style=\"flex-basis:33.33%\">\n<figure class=\"wp-block-image size-large\"><img decoding=\"async\" width=\"768\" height=\"1024\" src=\"https:\/\/penedescoworking.com\/wp-content\/uploads\/2023\/01\/despatx-ind.-768x1024.jpg\" alt=\"Office rental Molins de Rei\" class=\"wp-image-2808\" title=\"\"><figcaption class=\"wp-element-caption\">Office rental Molins de Rei<\/figcaption><\/figure>\n<\/div>\n\n\n\n<div class=\"wp-block-column is-layout-flow wp-block-column-is-layout-flow\" style=\"flex-basis:66.66%\">\n<div class=\"wp-block-rank-math-toc-block has-white-background-color has-background\" id=\"rank-math-toc\"><h2>Table of contents<\/h2><nav><ul><li class=\"\"><a href=\"#que-ofereix-penedes-coworking-a-poblacions-city-name\">What does Pened\u00e8s Coworking offer in Molins de Rei?<\/a><\/li><li class=\"\"><a href=\"#el-coworking-mes-barat-aprop-de-poblacions-city-name\">The cheapest coworking near Molins de Rei<\/a><\/li><li class=\"\"><a href=\"#perque-fer-servir-un-coworking-aprop-de-poblacions-city-name\">Why use a coworking space near Molins de Rei?<\/a><\/li><li class=\"\"><a href=\"#com-anar-de-poblacions-city-name-a-penedes-coworking\">How to get from Molins de Rei to Pened\u00e8s Coworking?<\/a><\/li><li class=\"\"><a href=\"#quins-horaris-te-penedes-coworking\">What are Pened\u00e8s Coworking&#039;s opening hours?<\/a><\/li><li class=\"\"><a href=\"#lloguer-doficines-aprop-de-poblacions-city-name\">Office rental near Molins de Rei<\/a><\/li><li class=\"\"><a href=\"#preguntes-mes-frequents-faq\">Frequently asked questions (FAQ)<\/a><ul><li class=\"\"><a href=\"#faq-question-1672510823706\">What services do you offer?<\/a><\/li><li class=\"\"><a href=\"#faq-question-1672510977421\">How much is it?<\/a><\/li><li class=\"\"><a href=\"#faq-question-1675152148672\">How do you communicate with each other?<\/a><\/li><li class=\"\"><a href=\"#faq-question-1710411607120\">Where is Pened\u00e8s Coworking located?<\/a><\/li><\/ul><\/li><\/ul><\/nav><\/div>\n<\/div>\n<\/div>\n\n\n\n<div style=\"height:51px\" aria-hidden=\"true\" class=\"wp-block-spacer\"><\/div>\n\n\n\n<figure class=\"wp-block-gallery has-nested-images columns-default is-cropped wp-block-gallery-1 is-layout-flex wp-block-gallery-is-layout-flex\">\n<figure class=\"wp-block-image size-large\"><img decoding=\"async\" width=\"1024\" height=\"768\" data-id=\"2457\" src=\"https:\/\/penedescoworking.com\/wp-content\/uploads\/2023\/01\/exterior3-1024x768.jpg\" alt=\"Coworking Vilafranca\" class=\"wp-image-2457\" title=\"\" srcset=\"https:\/\/penedescoworking.com\/wp-content\/uploads\/2023\/01\/exterior3-980x735.jpg 980w, https:\/\/penedescoworking.com\/wp-content\/uploads\/2023\/01\/exterior3-480x360.jpg 480w\" sizes=\"(min-width: 0px) and (max-width: 480px) 480px, (min-width: 481px) and (max-width: 980px) 980px, (min-width: 981px) 1024px, 100vw\" \/><\/figure>\n\n\n\n<figure class=\"wp-block-image size-large\"><img decoding=\"async\" width=\"1024\" height=\"683\" data-id=\"2467\" src=\"https:\/\/penedescoworking.com\/wp-content\/uploads\/2023\/01\/coworking-o-oficina-tradicional-1024x683.jpeg\" alt=\"coworking or traditional office\" class=\"wp-image-2467\" title=\"\" srcset=\"https:\/\/penedescoworking.com\/wp-content\/uploads\/2023\/01\/coworking-o-oficina-tradicional-980x654.jpeg 980w, https:\/\/penedescoworking.com\/wp-content\/uploads\/2023\/01\/coworking-o-oficina-tradicional-480x320.jpeg 480w\" sizes=\"(min-width: 0px) and (max-width: 480px) 480px, (min-width: 481px) and (max-width: 980px) 980px, (min-width: 981px) 1024px, 100vw\" \/><\/figure>\n\n\n\n<figure class=\"wp-block-image size-large\"><img decoding=\"async\" width=\"1024\" height=\"768\" data-id=\"2402\" src=\"https:\/\/penedescoworking.com\/wp-content\/uploads\/2022\/12\/IMG_8536-1024x768.jpg\" alt=\"Vilafranca Coworking Living Room\" class=\"wp-image-2402\" title=\"\" srcset=\"https:\/\/penedescoworking.com\/wp-content\/uploads\/2022\/12\/IMG_8536-980x735.jpg 980w, https:\/\/penedescoworking.com\/wp-content\/uploads\/2022\/12\/IMG_8536-480x360.jpg 480w\" sizes=\"(min-width: 0px) and (max-width: 480px) 480px, (min-width: 481px) and (max-width: 980px) 980px, (min-width: 981px) 1024px, 100vw\" \/><\/figure>\n\n\n\n<figure class=\"wp-block-image size-large\"><img decoding=\"async\" width=\"1024\" height=\"768\" data-id=\"2096\" src=\"https:\/\/penedescoworking.com\/wp-content\/uploads\/2022\/12\/IMG_8519-1024x768.jpg\" alt=\"Coworking Vilafranca\" class=\"wp-image-2096\" title=\"\" srcset=\"https:\/\/penedescoworking.com\/wp-content\/uploads\/2022\/12\/IMG_8519-980x735.jpg 980w, https:\/\/penedescoworking.com\/wp-content\/uploads\/2022\/12\/IMG_8519-480x360.jpg 480w\" sizes=\"(min-width: 0px) and (max-width: 480px) 480px, (min-width: 481px) and (max-width: 980px) 980px, (min-width: 981px) 1024px, 100vw\" \/><\/figure>\n\n\n\n<figure class=\"wp-block-image size-large\"><img decoding=\"async\" width=\"1024\" height=\"768\" data-id=\"2097\" src=\"https:\/\/penedescoworking.com\/wp-content\/uploads\/2022\/12\/IMG_8522-1024x768.jpg\" alt=\"\" class=\"wp-image-2097\" title=\"\" srcset=\"https:\/\/penedescoworking.com\/wp-content\/uploads\/2022\/12\/IMG_8522-980x735.jpg 980w, https:\/\/penedescoworking.com\/wp-content\/uploads\/2022\/12\/IMG_8522-480x360.jpg 480w\" sizes=\"(min-width: 0px) and (max-width: 480px) 480px, (min-width: 481px) and (max-width: 980px) 980px, (min-width: 981px) 1024px, 100vw\" \/><\/figure>\n\n\n\n<figure class=\"wp-block-image size-large\"><img decoding=\"async\" width=\"600\" height=\"440\" data-id=\"2105\" src=\"https:\/\/penedescoworking.com\/wp-content\/uploads\/2022\/12\/co-working-space-44.png\" alt=\"\" class=\"wp-image-2105\" title=\"\" srcset=\"https:\/\/penedescoworking.com\/wp-content\/uploads\/2022\/12\/co-working-space-44.png 600w, https:\/\/penedescoworking.com\/wp-content\/uploads\/2022\/12\/co-working-space-44-480x352.png 480w\" sizes=\"(min-width: 0px) and (max-width: 480px) 480px, (min-width: 481px) 600px, 100vw\" \/><\/figure>\n<\/figure>\n\n\n\n<div style=\"height:60px\" aria-hidden=\"true\" class=\"wp-block-spacer\"><\/div>\n\n\n\n<div class=\"wp-block-columns is-layout-flex wp-container-core-columns-is-layout-9d6595d7 wp-block-columns-is-layout-flex\">\n<div class=\"wp-block-column is-layout-flow wp-block-column-is-layout-flow\">\n<h2 class=\"wp-block-heading\" id=\"el-coworking-mes-barat-aprop-de-poblacions-city-name\">The cheapest coworking near Molins de Rei<\/h2>\n\n\n\n<div style=\"height:36px\" aria-hidden=\"true\" class=\"wp-block-spacer\"><\/div>\n\n\n\n<p>We are the <strong>cheapest coworking near Molins de Rei<\/strong> and the area, with a unique price that includes multiple advantages.<\/p>\n\n\n\n<div style=\"height:39px\" aria-hidden=\"true\" class=\"wp-block-spacer\"><\/div>\n\n\n\n<figure class=\"wp-block-jetpack-rating-star is-style-filled\" style=\"text-align:left\"><span>\u2605<\/span><span>\u2605<\/span><span>\u2605<\/span><span>\u2605<\/span><span>\u2605<\/span><\/figure>\n\n\n\n<div class=\"wp-block-buttons is-layout-flex wp-block-buttons-is-layout-flex\">\n<div class=\"wp-block-button\"><a class=\"wp-block-button__link wp-element-button\" href=\"https:\/\/penedescoworking.com\/en\/prices\/\">Price list<\/a><\/div>\n<\/div>\n<\/div>\n\n\n\n<div class=\"wp-block-column is-layout-flow wp-block-column-is-layout-flow\">\n<ul class=\"wp-block-list\">\n<li>6 meeting rooms of unlimited use<\/li>\n\n\n\n<li>Fixed table with private drawer<\/li>\n\n\n\n<li>Ergonomic chair<\/li>\n\n\n\n<li>Office rental for small and medium-sized companies<\/li>\n\n\n\n<li>6 toilets for men and women<\/li>\n\n\n\n<li>shower<\/li>\n\n\n\n<li>Reception, office, kitchen, waiting area...<\/li>\n<\/ul>\n<\/div>\n<\/div>\n\n\n\n<div style=\"height:60px\" aria-hidden=\"true\" class=\"wp-block-spacer\"><\/div>\n\n\n\n<h2 class=\"wp-block-heading\" id=\"perque-fer-servir-un-coworking-aprop-de-poblacions-city-name\">Why use a coworking space near Molins de Rei?<\/h2>\n\n\n\n<div style=\"height:33px\" aria-hidden=\"true\" class=\"wp-block-spacer\"><\/div>\n\n\n\n<div class=\"wp-block-columns is-layout-flex wp-container-core-columns-is-layout-9d6595d7 wp-block-columns-is-layout-flex\">\n<div class=\"wp-block-column is-layout-flow wp-block-column-is-layout-flow\" style=\"flex-basis:33.33%\">\n<figure class=\"wp-block-image size-large\"><img decoding=\"async\" width=\"1024\" height=\"768\" src=\"https:\/\/penedescoworking.com\/wp-content\/uploads\/2023\/01\/IMG_8518-1024x768.jpg\" alt=\"\" class=\"wp-image-2802\" title=\"\" srcset=\"https:\/\/penedescoworking.com\/wp-content\/uploads\/2023\/01\/IMG_8518-980x735.jpg 980w, https:\/\/penedescoworking.com\/wp-content\/uploads\/2023\/01\/IMG_8518-480x360.jpg 480w\" sizes=\"(min-width: 0px) and (max-width: 480px) 480px, (min-width: 481px) and (max-width: 980px) 980px, (min-width: 981px) 1024px, 100vw\" \/><\/figure>\n<\/div>\n\n\n\n<div class=\"wp-block-column is-layout-flow wp-block-column-is-layout-flow\" style=\"flex-basis:66.66%\">\n<p>Going to a coworking space near Molins de Rei can have several advantages, such as:<\/p>\n\n\n\n<ol class=\"wp-block-list\">\n<li><strong>Collaboration and network<\/strong>: Sharing a workspace with other Molins de Rei professionals can lead to collaboration and networking opportunities.<\/li>\n\n\n\n<li><strong>productivity<\/strong>: Working in a stimulating and motivating environment can increase productivity and creativity.<\/li>\n\n\n\n<li><strong>flexibility<\/strong>: Pened\u00e8s Coworking different rental options, from individual offices to shared work areas, to meet the work needs of each person.<\/li>\n\n\n\n<li><strong>Financial savings<\/strong>: Sharing facilities and services is cheaper than renting a private office in Molins de Rei.<\/li>\n\n\n\n<li><strong>Services and facilities<\/strong>: Pened\u00e8s Coworking offers additional services and facilities, such as a meeting room, rest area, and internet connection, to help improve your work experience.<\/li>\n\n\n\n<li><strong>At the <a href=\"http:\/\/Province of Barcelona\">province of Barcelona<\/a><\/strong>: With direct access from the AP7 and the National 340.<\/li>\n<\/ol>\n<\/div>\n<\/div>\n\n\n\n<div class=\"wp-block-buttons is-layout-flex wp-block-buttons-is-layout-flex\">\n<div class=\"wp-block-button\"><a class=\"wp-block-button__link wp-element-button\" href=\"https:\/\/penedescoworking.com\/en\/benefits-services\/\">Discover all the advantages and services<\/a><\/div>\n<\/div>\n\n\n\n<div style=\"height:41px\" aria-hidden=\"true\" class=\"wp-block-spacer\"><\/div>\n\n\n\n<h2 class=\"wp-block-heading\" id=\"com-anar-de-poblacions-city-name-a-penedes-coworking\">How to get from Molins de Rei to Pened\u00e8s Coworking?<\/h2>\n\n\n\n<div style=\"height:30px\" aria-hidden=\"true\" class=\"wp-block-spacer\"><\/div>\n\n\n<iframe title=\"Google driving directions map from Molins de Rei to Av. Vilafranca del Pened\u00e8s 11, Ol\u00e8rdola 08799\" class=\"page-generator-pro-map\" width=\"100%\" height=\"400\" frameborder=\"0\" style=\"border:0\" src=\"https:\/\/www.google.com\/maps\/embed\/v1\/directions?origin=Molins+de+Rei&#038;destination=Av.+Vilafranca+del+Pened%C3%A8s+11%2C+Ol%C3%A8rdola+08799&#038;mode=driving&#038;maptype=roadmap&#038;key=AIzaSyCNTEOso0tZG6YMSJFoaJEY5Th1stEWrJI\" referrerpolicy=\"no-referrer-when-downgrade\" allowfullscreen><\/iframe>\n\n\n<div style=\"height:84px\" aria-hidden=\"true\" class=\"wp-block-spacer\"><\/div>\n\n\n\n<div class=\"wp-block-columns is-layout-flex wp-container-core-columns-is-layout-9d6595d7 wp-block-columns-is-layout-flex\">\n<div class=\"wp-block-column is-layout-flow wp-block-column-is-layout-flow\">\n<h2 class=\"wp-block-heading\" id=\"quins-horaris-te-penedes-coworking\">What are Pened\u00e8s Coworking&#039;s opening hours?<\/h2>\n\n\n\n<div style=\"height:29px\" aria-hidden=\"true\" class=\"wp-block-spacer\"><\/div>\n\n\n\n<p>We are open from Monday to Friday from 8am to 8pm continuously.<\/p>\n\n\n\n<p>We want to be able to open 24 hours a day, 365 days a week, but we need to be more! Sign up and we&#039;ll be able to open all day throughout the year.<\/p>\n\n\n\n<div style=\"height:57px\" aria-hidden=\"true\" class=\"wp-block-spacer\"><\/div>\n\n\n\n<h2 class=\"wp-block-heading\" id=\"lloguer-doficines-aprop-de-poblacions-city-name\">Office rental near Molins de Rei<\/h2>\n\n\n\n<div style=\"height:37px\" aria-hidden=\"true\" class=\"wp-block-spacer\"><\/div>\n\n\n\n<p>Pened\u00e8s Coworking also offers <strong>office rental near Molins de Rei<\/strong> (08750) for professionals looking for a shared workspace. The offices include services and facilities such as high-speed Internet connection, meeting room, break and breakfast area, and cleaning service. Contact Pened\u00e8s Coworking for more information on prices and availability.<\/p>\n<\/div>\n\n\n\n<div class=\"wp-block-column is-layout-flow wp-block-column-is-layout-flow\">\n<figure class=\"wp-block-image size-large\"><img decoding=\"async\" width=\"1024\" height=\"1024\" src=\"https:\/\/penedescoworking.com\/wp-content\/uploads\/2023\/01\/coworking-vilafranca-del-penedes-1024x1024.jpg\" alt=\"Rent of offices in Molins de Rei\" class=\"wp-image-2490\" title=\"\" srcset=\"https:\/\/penedescoworking.com\/wp-content\/uploads\/2023\/01\/coworking-vilafranca-del-penedes-980x980.jpg 980w, https:\/\/penedescoworking.com\/wp-content\/uploads\/2023\/01\/coworking-vilafranca-del-penedes-480x480.jpg 480w\" sizes=\"(min-width: 0px) and (max-width: 480px) 480px, (min-width: 481px) and (max-width: 980px) 980px, (min-width: 981px) 1024px, 100vw\" \/><\/figure>\n<\/div>\n<\/div>\n\n\n\n<div style=\"height:37px\" aria-hidden=\"true\" class=\"wp-block-spacer\"><\/div>\n\n\n\n<h2 class=\"wp-block-heading\" id=\"preguntes-mes-frequents-faq\">Frequently asked questions (FAQ)<\/h2>\n\n\n\n<div style=\"height:37px\" aria-hidden=\"true\" class=\"wp-block-spacer\"><\/div>\n\n\n<div id=\"rank-math-faq\" class=\"rank-math-block\">\n<div class=\"rank-math-list\">\n<div id=\"faq-question-1672510823706\" class=\"rank-math-list-item\">\n<h3 class=\"rank-math-question\">What services do you offer?<\/h3>\n<div class=\"rank-math-answer\">\n\n<p>You can find them in the section of<a href=\"https:\/\/penedescoworking.com\/en\/benefits-services\/\" data-type=\"page\" data-id=\"2103\">Advantages and Services<\/a>. Here are some examples: <br \/>Wi-Fi and Ethernet<br \/>Printing of documents<br \/>We offer you the possibility to print documents on demand<br \/>Modern furniture<br \/>All our furniture is high quality, ergonomic and elegant chairs<br \/>Meeting rooms<br \/>From the start, the meeting rooms are free to use, and included in the price<br \/>Office and coffee<br \/>Access from 8AM to 8PM<br \/>Virtual office<br \/>Activities and parties<\/p>\n<p><code>--------<\/code><\/p>\n\n<\/div>\n<\/div>\n<div id=\"faq-question-1672510977421\" class=\"rank-math-list-item\">\n<h3 class=\"rank-math-question\">How much is it?<\/h3>\n<div class=\"rank-math-answer\">\n\n<p>For only \u20ac99 a month you have all the integrated services, and unlimited use of the meeting rooms. The cheapest coworking in Catalonia.<\/p>\n<p>We also have special prices for room hire, areas for small and medium-sized companies, the agora area... Consult the prices page or contact us directly.<\/p>\n<p><code><code>--------<\/code><\/code><\/p>\n\n<\/div>\n<\/div>\n<div id=\"faq-question-1675152148672\" class=\"rank-math-list-item\">\n<h3 class=\"rank-math-question\">How do you communicate with each other?<\/h3>\n<div class=\"rank-math-answer\">\n\n<p>Once you are part of Pened\u00e8s Coworking, you will enter a Whatsapp group where all the coworkers are and we communicate events, if you have any problems, if you want to do something together... We have a very lively community and we want to be the reference coworking in the Molins de Rei area.<code><code>.<\/code><\/code><\/p>\n\n<\/div>\n<\/div>\n<div id=\"faq-question-1710411607120\" class=\"rank-math-list-item\">\n<h3 class=\"rank-math-question\">Where is Pened\u00e8s Coworking located?<\/h3>\n<div class=\"rank-math-answer\">\n\n<p>We are located in the Industrial Estate of Sant Pere Molanta, next to Vilafranca del Pened\u00e8s, at the connection with the AP7 and the N-360, at Carrer Vilafranca del Pened\u00e8s 11B.<\/p>\n\n<\/div>\n<\/div>\n<\/div>\n<\/div>\n\n\n<div style=\"height:68px\" aria-hidden=\"true\" class=\"wp-block-spacer\"><\/div>","protected":false},"excerpt":{"rendered":"<p>Are you looking for a coworking space near Molins de Rei? You&#039;ve found it! Pened\u00e8s Coworking is your ideal coworking space to work, start your business, network or use the meeting rooms. Pened\u00e8s Coworking is located in the Sant Pere Molanta industrial estate, next to Vilafranca del Pened\u00e8s. Pened\u00e8s [\u2026]<\/p>","protected":false},"author":2,"featured_media":4743,"parent":0,"menu_order":0,"comment_status":"closed","ping_status":"closed","template":"","meta":{"_et_pb_use_builder":"","_et_pb_old_content":"","_et_gb_content_width":"","footnotes":""},"class_list":["post-4741","page","type-page","status-publish","has-post-thumbnail","hentry"],"_links":{"self":[{"href":"https:\/\/penedescoworking.com\/en\/wp-json\/wp\/v2\/pages\/4741","targetHints":{"allow":["GET"]}}],"collection":[{"href":"https:\/\/penedescoworking.com\/en\/wp-json\/wp\/v2\/pages"}],"about":[{"href":"https:\/\/penedescoworking.com\/en\/wp-json\/wp\/v2\/types\/page"}],"author":[{"embeddable":true,"href":"https:\/\/penedescoworking.com\/en\/wp-json\/wp\/v2\/users\/2"}],"replies":[{"embeddable":true,"href":"https:\/\/penedescoworking.com\/en\/wp-json\/wp\/v2\/comments?post=4741"}],"version-history":[{"count":0,"href":"https:\/\/penedescoworking.com\/en\/wp-json\/wp\/v2\/pages\/4741\/revisions"}],"wp:featuredmedia":[{"embeddable":true,"href":"https:\/\/penedescoworking.com\/en\/wp-json\/wp\/v2\/media\/4743"}],"wp:attachment":[{"href":"https:\/\/penedescoworking.com\/en\/wp-json\/wp\/v2\/media?parent=4741"}],"curies":[{"name":"wp","href":"https:\/\/api.w.org\/{rel}","templated":true}]}}