{"id":2227,"date":"2022-12-21T17:12:09","date_gmt":"2022-12-21T16:12:09","guid":{"rendered":"http:\/\/penedescoworking.com\/?page_id=2227"},"modified":"2026-04-28T10:11:57","modified_gmt":"2026-04-28T09:11:57","slug":"contact","status":"publish","type":"page","link":"https:\/\/penedescoworking.com\/en\/contact\/","title":{"rendered":"contact"},"content":{"rendered":"<p>[et_pb_section fb_built=\u201d1\u2033 admin_label=\u201dDetails\u201d _builder_version=\u201d4.19.4\u2033 _module_preset=\u201ddefault\u201d background_enable_color=\u201doff\u201d global_colors_info=\u201d{}\u201d][et_pb_row _builder_version=\u201d4.16\u2033 _module_preset=\u201ddefault\u201d custom_padding=\u201d1px|||||\u201d global_colors_info=\u201d{}\u201d][et_pb_column type=\u201d4_4\u2033 _builder_version=\u201d4.16\u2033 _module_preset=\u201ddefault\u201d global_colors_info=\u201d{}\u201d][et_pb_text _builder_version=\u201d4.16\u2033 _module_preset=\u201ddefault\u201d header_font=\u201dPoppins|800||||\u201d header_text_color=\u201d#000000\u2033 header_font_size=\u201d60px\u201d header_line_height=\u201d1.4em\u201d background_enable_color=\u201doff\u201d header_font_size_tablet=\u201d40px\u201d header_font_size_phone=\u201d25px\u201d header_font_size_last_edited=\u201don|phone\u201d locked=\u201doff\u201d global_colors_info=\u201d{}\u201d]<\/p>\n<h1>contact<\/h1>\n<p>[\/et_pb_text][\/et_pb_column][\/et_pb_row][et_pb_row column_structure=\u201d1_3,1_3,1_3\u2033 _builder_version=\u201d4.16\u2033 _module_preset=\u201ddefault\u201d global_colors_info=\u201d{}\u201d][et_pb_column type=\u201d1_3\u2033 _builder_version=\u201d4.16\u2033 _module_preset=\u201ddefault\u201d global_colors_info=\u201d{}\u201d][et_pb_text _builder_version=\u201d4.19.4\u2033 _module_preset=\u201ddefault\u201d text_font_size=\u201d16px\u201d text_line_height=\u201d1.8em\u201d header_font=\u201d|700|||||||\u201d header_line_height=\u201d1.2em\u201d header_2_font=\u201d|700|||||||\u201d header_2_line_height=\u201d1.2em\u201d header_3_font=\u201d|700|||||||\u201d header_3_line_height=\u201d1.2em\u201d header_4_font=\u201d|700|||||||\u201d header_4_line_height=\u201d1.2em\u201d header_5_font=\u201d|700|||||||\u201d header_5_line_height=\u201d1.2em\u201d header_6_font=\u201d|700|||||||\u201d header_6_line_height=\u201d1.2em\u201d background_enable_color=\u201doff\u201d text_font_size_tablet=\u201d14px\u201d text_font_size_phone=\u201d\u201d text_font_size_last_edited=\u201don|phone\u201d global_colors_info=\u201d{}\u201d]<\/p>\n<h3>whatsapp<\/h3>\n<p>You can contact us via Whatsapp. It is the most direct means we have. Write to us at:<\/p>\n<p>[\/et_pb_text][et_pb_blurb title=&#8221;624 684 421&#8243; url=&#8221;https:\/\/wa.me\/34624684421&#8243; use_icon=&#8221;on&#8221; font_icon=&#8221;&#xf232;||fa||400&#8243; icon_color=&#8221;#ea6c01&#8243; image_icon_background_color=&#8221;rgba(234,108,1,0.11)&#8221; icon_placement=&#8221;left&#8221; image_icon_width=&#8221;14px&#8221; content_max_width=&#8221;100%&#8221; _builder_version=&#8221;4.27.5&#8243; _module_preset=&#8221;default&#8221; header_font=&#8221;Poppins|600|||||||&#8221; header_text_color=&#8221;#fd6927&#8243; header_font_size=&#8221;19px&#8221; header_line_height=&#8221;1.7em&#8221; image_icon_custom_padding=&#8221;8px|8px|8px|8px|false|false&#8221; custom_margin=&#8221;||10px||false|false&#8221; animation=&#8221;off&#8221; hover_enabled=&#8221;0&#8243; border_radii_image=&#8221;on|100%|100%|100%|100%&#8221; icon_font_size=&#8221;14px&#8221; use_circle=&#8221;on&#8221; circle_color=&#8221;rgba(234,108,1,0.11)&#8221; locked=&#8221;off&#8221; global_colors_info=&#8221;{}&#8221; image_icon_background_color__sticky_enabled=&#8221;#7EBEC5&#8243; image_icon_background_color__sticky=&#8221;#7EBEC5&#8243; sticky_enabled=&#8221;0&#8243;][\/et_pb_blurb][\/et_pb_column][et_pb_column type=&#8221;1_3&#8243; _builder_version=&#8221;4.16&#8243; _module_preset=&#8221;default&#8221; global_colors_info=&#8221;{}&#8221;][et_pb_text _builder_version=&#8221;4.27.4&#8243; _module_preset=&#8221;default&#8221; text_font_size=&#8221;16px&#8221; text_line_height=&#8221;1.8em&#8221; header_font=&#8221;|700|||||||&#8221; header_line_height=&#8221;1.2em&#8221; header_2_font=&#8221;|700|||||||&#8221; header_2_line_height=&#8221;1.2em&#8221; header_3_font=&#8221;|700|||||||&#8221; header_3_line_height=&#8221;1.2em&#8221; header_4_font=&#8221;|700|||||||&#8221; header_4_line_height=&#8221;1.2em&#8221; header_5_font=&#8221;|700|||||||&#8221; header_5_line_height=&#8221;1.2em&#8221; header_6_font=&#8221;|700|||||||&#8221; header_6_line_height=&#8221;1.2em&#8221; background_enable_color=&#8221;off&#8221; text_font_size_tablet=&#8221;14px&#8221; text_font_size_phone=&#8221;&#8221; text_font_size_last_edited=&#8221;on|phone&#8221; locked=&#8221;off&#8221; global_colors_info=&#8221;{}&#8221;]<\/p>\n<h3>Email<\/h3>\n<p>You can also write to us via the following contact form or directly to the following email address:<\/p>\n<p>[\/et_pb_text][et_pb_blurb title=&#8221;hola@penedescoworking.com&#8221; url=&#8221;mailto:hola@penedescoworking.com&#8221; use_icon=&#8221;on&#8221; font_icon=&#8221;&#xe076;||divi||400&#8243; icon_color=&#8221;#ea6c01&#8243; image_icon_background_color=&#8221;rgba(234,108,1,0.11)&#8221; icon_placement=&#8221;left&#8221; image_icon_width=&#8221;14px&#8221; content_max_width=&#8221;100%&#8221; _builder_version=&#8221;4.27.4&#8243; _module_preset=&#8221;default&#8221; header_font=&#8221;Poppins|600|||||||&#8221; header_text_color=&#8221;#fd6927&#8243; header_font_size=&#8221;17px&#8221; header_line_height=&#8221;1.8em&#8221; image_icon_custom_padding=&#8221;8px|8px|8px|8px|false|false&#8221; custom_margin=&#8221;||10px||false|false&#8221; animation=&#8221;off&#8221; border_radii_image=&#8221;on|100%|100%|100%|100%&#8221; icon_font_size=&#8221;14px&#8221; use_circle=&#8221;on&#8221; circle_color=&#8221;rgba(234,108,1,0.11)&#8221; locked=&#8221;off&#8221; global_colors_info=&#8221;{}&#8221; image_icon_background_color__sticky_enabled=&#8221;#7EBEC5&#8243; image_icon_background_color__sticky=&#8221;#7EBEC5&#8243;][\/et_pb_blurb][\/et_pb_column][et_pb_column type=&#8221;1_3&#8243; _builder_version=&#8221;4.16&#8243; _module_preset=&#8221;default&#8221; global_colors_info=&#8221;{}&#8221;][et_pb_text _builder_version=&#8221;4.27.4&#8243; _module_preset=&#8221;default&#8221; text_font=&#8221;|600|||||||&#8221; text_text_color=&#8221;#000000&#8243; text_font_size=&#8221;18px&#8221; text_line_height=&#8221;1.8em&#8221; background_enable_color=&#8221;off&#8221; locked=&#8221;off&#8221; global_colors_info=&#8221;{}&#8221;]<\/p>\n<p>If you want, you can also come directly to the coworking during office hours, Monday to Thursday from 9 am to 4 pm and Friday from 9 am to 2 pm.<\/p>\n<p>[\/et_pb_text][\/et_pb_column][\/et_pb_row][\/et_pb_section]<\/p>","protected":false},"excerpt":{"rendered":"<p>ContactarWhatsapp Ens pots contactar via Whatsapp. \u00c9s el mitj\u00e0 m\u00e9s directe que tenim. Escriu-nos a:Correu electr\u00f2nic Tamb\u00e9 pots escriure\u2019ns via el seg\u00fcent formulari de contacte o directament a la seg\u00fcent adre\u00e7a de correu:Si vols, tamb\u00e9 pots venir directament al coworking en horari de secretaria, de dilluns a dijous de 9 a 16h i divendres de [&hellip;]<\/p>","protected":false},"author":2,"featured_media":0,"parent":0,"menu_order":0,"comment_status":"closed","ping_status":"closed","template":"","meta":{"_et_pb_use_builder":"on","_et_pb_old_content":"","_et_gb_content_width":"","footnotes":""},"class_list":["post-2227","page","type-page","status-publish","hentry"],"_links":{"self":[{"href":"https:\/\/penedescoworking.com\/en\/wp-json\/wp\/v2\/pages\/2227","targetHints":{"allow":["GET"]}}],"collection":[{"href":"https:\/\/penedescoworking.com\/en\/wp-json\/wp\/v2\/pages"}],"about":[{"href":"https:\/\/penedescoworking.com\/en\/wp-json\/wp\/v2\/types\/page"}],"author":[{"embeddable":true,"href":"https:\/\/penedescoworking.com\/en\/wp-json\/wp\/v2\/users\/2"}],"replies":[{"embeddable":true,"href":"https:\/\/penedescoworking.com\/en\/wp-json\/wp\/v2\/comments?post=2227"}],"version-history":[{"count":6,"href":"https:\/\/penedescoworking.com\/en\/wp-json\/wp\/v2\/pages\/2227\/revisions"}],"predecessor-version":[{"id":5295,"href":"https:\/\/penedescoworking.com\/en\/wp-json\/wp\/v2\/pages\/2227\/revisions\/5295"}],"wp:attachment":[{"href":"https:\/\/penedescoworking.com\/en\/wp-json\/wp\/v2\/media?parent=2227"}],"curies":[{"name":"wp","href":"https:\/\/api.w.org\/{rel}","templated":true}]}}