{"id":2225,"date":"2022-12-21T17:11:42","date_gmt":"2022-12-21T16:11:42","guid":{"rendered":"http:\/\/penedescoworking.com\/?page_id=2225"},"modified":"2025-12-24T16:27:53","modified_gmt":"2025-12-24T15:27:53","slug":"where-are-we","status":"publish","type":"page","link":"https:\/\/penedescoworking.com\/en\/where-are-we\/","title":{"rendered":"Where are we"},"content":{"rendered":"<p>[et_pb_section fb_built=\u201d1\u2033 admin_label=\u201dHeader\u201d _builder_version=\u201d4.16\u2033 _module_preset=\u201ddefault\u201d background_color=\u201d#f1f1f1\u2033 locked=\u201doff\u201d global_colors_info=\u201d{}\u201d][et_pb_row _builder_version=\u201d4.16\u2033 _module_preset=\u201ddefault\u201d \u201d global_colors_info=\u201d{}\u201d][et_pb_column type=\u201d4_4\u2033 _builder_version=\u201d4.16\u2033 _module_preset=\u201ddefault\u201d global_colors_info=\u201d{}\u201d][et_pb_text _builder_version=\u201d4.16\u2033 _module_preset=\u201ddefault\u201d header_font=\u201dPoppins|800 |||||||\u201d header_text_color=\u201d#000000\u2033 header_font_size=\u201d60px\u201d header_line_height=\u201d1.4em\u201d background_enable_color=\u201doff\u201d header_font_size_tablet=\u201d40px\u201d header_font_size_phone=\u201d25px\u201d header_font_size_last_edited=\u201don|phone\u201d locked=\u201doff\u201d global_colors_info=\u201d{}\u201d]<\/p>\n<h1>Where is Pened\u00e8s Coworking?<\/h1>\n<p>[\/et_pb_text][\/et_pb_column][\/et_pb_row][et_pb_row column_structure=\u201d3_5,2_5\u2033 use_custom_gutter=\u201don\u201d gutter_width=\u201d4\u2033 _builder_version=\u201d4.16\u2033 _module_preset=\u201ddefault\u201d global_colors_info=\u201d{}\u201d][et_pb_column type=\u201d3_5\u2033 _builder_version=\u201d4.16\u2033 _module_preset=\u201ddefault\u201d custom_padding=\u201d|60px|||false|false\u201d custom_padding_tablet=\u201d|0px|||false|false\u201d custom_padding_phone=\u201d\u201d custom_padding_last_edited=\u201don|tablet\u201d BORDER_COLOR_ALL = &quot;RGBA (51,51,51.0.24)&quot; BORDER_WIDTHTH_RIGHT = &quot;1PX&quot; BORDER_WIDTH_RIGHT_Table = &quot;0px&quot; border_width_right_phone = &quot;&quot; Border_width_right_edited = &quot;On | tablet } \u201d] [ET_PB_Map Google_api_key =\u201d AizasyauhvjqxgsCyhmsw9yersSF1NXPVJMOJCM \u201dAddress =\u201d Av. Vilafranca del Pened\u00e8s, 11, 08720 Vilafranca del Pened\u00e8s, Barcelona, Spain\u201d zoom_level=\u201d14\u2033 address_lat=\u201d41.3525556\u2033 address_lng=\u201d1.7301802\u2033 mouse_wheel=\u201doff\u201d _builder_version=\u201d4.19.4\u2033 module_alignment=\u201dright\u201d height=\u201d 600px\u201d filter_saturate=\u201d0%\u201d filter_brightness=\u201d90%\u201d filter_contrast=\u201d110%\u201d border_radii=\u201don|20px|20px|20px|20px\u201d global_colors_info=\u201d{}\u201d][et_pb_map_pin title=\u201dPened\u00e8s Coworking\u201d pin_address=\u201dAv. Vilafranca del Pened\u00e8s, 11a, 08720 Sant Pere Molanta, Barcelona, Spain\u201d zoom_level=\u201d17\u2033 pin_address_lat=\u201d41.352781102961\u2033 pin_address_lng=\u201d1.7302231153442\u2033 _builder_version=\u201d4.19.4\u2033 global_colors_info=\u201d{}\u201d]<\/p>\n<p><span class=\"color_11\">Av. Vilafranca del Pened\u00e8s 11B<br \/><i>Going up the stairs, above the Multimon<\/i><br \/>Polygon Ind. of Sant Pere Molanta<br \/>08799 \u2013 Ol\u00e8rdola (Barcelona)<\/span><\/p>\n<p>[\/et_pb_map_pin][\/et_pb_map][\/et_pb_column][et_pb_column type=\u201d2_5\u2033 _builder_version=\u201d4.16\u2033 _module_preset=\u201ddefault\u201d global_colors_info=\u201d{}\u201d][et_pb_text _builder_version=\u201d4.16\u2033 header_3_font=\u201dOpen Sans 700| |||||||\u201d header_3_font_size=\u201d18px\u201d header_3_line_height=\u201d1.2em\u201d background_enable_color=\u201doff\u201d custom_margin=\u201d||12px||false|false\u201d header_3_font_size_tablet=\u201d14px\u201d header_3_font_size_phone=\u201d\u201d header_3_font_size_last_edited=\u201don|phone\u201d locked=\u201doff\u201d global_colors_info =\u201d{}\u201d]<\/p>\n<h3>Schedule<\/h3>\n<p>Open from <strong>Monday to Friday from 8AM to 8PM<\/strong> without interruptions<\/p>\n<p><em>We want to be able to open 24 hours a day, 365 days a week, but we need to be more! Help us grow.<\/em><\/p>\n<p>&nbsp;<\/p>\n<p>[\/et_pb_text][et_pb_text _builder_version=&#8221;4.27.4&#8243; header_3_font=&#8221;Open Sans|700|||||||&#8221; header_3_font_size=&#8221;18px&#8221; header_3_line_height=&#8221;1.2em&#8221; background_enable_color=&#8221;off&#8221; custom_margin=&#8221;||12px||false|false&#8221; hover_enabled=&#8221;0&#8243; header_3_font_size_tablet=&#8221;14px&#8221; header_3_font_size_phone=&#8221;&#8221; header_3_font_size_last_edited=&#8221;on|phone&#8221; locked=&#8221;off&#8221; global_colors_info=&#8221;{}&#8221; sticky_enabled=&#8221;0&#8243;]<\/p>\n<h3>Where is Pened\u00e8s Coworking?<\/h3>\n<p><span class=\"color_11\"><\/span><\/p>\n<p><span style=\"font-weight: 400;\">We are at <\/span><b>Polygon of Sant Pere Molanta<\/b><span style=\"font-weight: 400;\">, to the <\/span><b>National 340<\/b><span style=\"font-weight: 400;\">. At the roundabout, turn left, where there is the Rius bakery, Crossfit, Carns Mass\u00f3 and the Multimon store, among others.<\/span><\/p>\n<p><span style=\"font-weight: 400;\">You can park right in front, it&#039;s a <\/span><b>on the Multimon going up the stairs<\/b><span style=\"font-weight: 400;\"> the first door. If you are already a coworker you will have your application to enter directly, if not yet, call and book a visit so we can show you the space.<\/span><\/p>\n<p><b>Where are we exactly?<\/b><\/p>\n<p><span style=\"font-weight: 400;\">Av. Vilafranca del Pened\u00e8s 11B<\/span><span style=\"font-weight: 400;\"><br \/><\/span><i><span style=\"font-weight: 400;\">Going up the stairs, above the Multimon<\/span><\/i><i><span style=\"font-weight: 400;\"><br \/><\/span><\/i><span style=\"font-weight: 400;\">Polygon Ind. of Sant Pere Molanta<\/span><span style=\"font-weight: 400;\"><br \/><\/span><span style=\"font-weight: 400;\">08799 \u2013 Ol\u00e8rdola (Barcelona)<\/span><\/p>\n<p><span class=\"color_11\"><\/span><\/p>\n<p>[\/et_pb_text][\/et_pb_column][\/et_pb_row][\/et_pb_section][et_pb_section fb_built=&#8221;1&#8243; _builder_version=&#8221;4.19.5&#8243; _module_preset=&#8221;default&#8221; global_colors_info=&#8221;{}&#8221;][et_pb_row _builder_version=&#8221;4.19.5&#8243; _module_preset=&#8221;default&#8221; global_colors_info=&#8221;{}&#8221;][et_pb_column type=&#8221;4_4&#8243; _builder_version=&#8221;4.19.5&#8243; _module_preset=&#8221;default&#8221; global_colors_info=&#8221;{}&#8221;][et_pb_text _builder_version=&#8221;4.19.5&#8243; _module_preset=&#8221;default&#8221; global_colors_info=&#8221;{}&#8221;]<\/p>\n<h2>Populations of Pened\u00e8s Coworking<\/h2>\n<p>[\/et_pb_text][\/et_pb_column][\/et_pb_row][et_pb_row _builder_version=&#8221;4.19.5&#8243; _module_preset=&#8221;default&#8221; global_colors_info=&#8221;{}&#8221;][et_pb_column type=&#8221;4_4&#8243; _builder_version=&#8221;4.19.5&#8243; _module_preset=&#8221;default&#8221; global_colors_info=&#8221;{}&#8221;][et_pb_menu menu_id=&#8221;68&#8243; menu_style=&#8221;centered&#8221; active_link_color=&#8221;#dbdbdb&#8221; _builder_version=&#8221;4.19.5&#8243; _module_preset=&#8221;default&#8221; menu_font_size=&#8221;12px&#8221; global_colors_info=&#8221;{}&#8221;][\/et_pb_menu][\/et_pb_column][\/et_pb_row][\/et_pb_section]<\/p>","protected":false},"excerpt":{"rendered":"<p>Where is Pened\u00e8s Coworking? Av. Vilafranca del Pened\u00e8s 11BUp the stairs, above the MultimonPol\u00edgon Ind. de Sant Pere Molanta08799 \u2013 Ol\u00e8rdola (Barcelona) Opening hours from Monday to Friday from 8AM to 8PM without interruptions. We want to be able to open 24 hours a day, 365 days a week, but we need to be more! Help us grow.  Where is Pened\u00e8s Coworking? [\u2026]<\/p>","protected":false},"author":2,"featured_media":0,"parent":0,"menu_order":0,"comment_status":"closed","ping_status":"closed","template":"","meta":{"_et_pb_use_builder":"on","_et_pb_old_content":"","_et_gb_content_width":"","footnotes":""},"class_list":["post-2225","page","type-page","status-publish","hentry"],"_links":{"self":[{"href":"https:\/\/penedescoworking.com\/en\/wp-json\/wp\/v2\/pages\/2225","targetHints":{"allow":["GET"]}}],"collection":[{"href":"https:\/\/penedescoworking.com\/en\/wp-json\/wp\/v2\/pages"}],"about":[{"href":"https:\/\/penedescoworking.com\/en\/wp-json\/wp\/v2\/types\/page"}],"author":[{"embeddable":true,"href":"https:\/\/penedescoworking.com\/en\/wp-json\/wp\/v2\/users\/2"}],"replies":[{"embeddable":true,"href":"https:\/\/penedescoworking.com\/en\/wp-json\/wp\/v2\/comments?post=2225"}],"version-history":[{"count":6,"href":"https:\/\/penedescoworking.com\/en\/wp-json\/wp\/v2\/pages\/2225\/revisions"}],"predecessor-version":[{"id":5068,"href":"https:\/\/penedescoworking.com\/en\/wp-json\/wp\/v2\/pages\/2225\/revisions\/5068"}],"wp:attachment":[{"href":"https:\/\/penedescoworking.com\/en\/wp-json\/wp\/v2\/media?parent=2225"}],"curies":[{"name":"wp","href":"https:\/\/api.w.org\/{rel}","templated":true}]}}