{"id":2207,"date":"2022-12-21T17:10:19","date_gmt":"2022-12-21T16:10:19","guid":{"rendered":"http:\/\/penedescoworking.com\/?page_id=2207"},"modified":"2026-01-30T13:03:17","modified_gmt":"2026-01-30T12:03:17","slug":"regulations","status":"publish","type":"page","link":"https:\/\/penedescoworking.com\/en\/regulations\/","title":{"rendered":"regulations"},"content":{"rendered":"<p>[et_pb_section fb_built=&#8221;1&#8243; custom_padding_last_edited=&#8221;on|phone&#8221; admin_label=&#8221;Header&#8221; _builder_version=&#8221;4.27.3&#8243; _module_preset=&#8221;default&#8221; use_background_color_gradient=&#8221;on&#8221; background_color_gradient_stops=&#8221;rgba(0,0,0,0.61) 0%|rgba(0,0,0,0.79) 100%&#8221; background_color_gradient_overlays_image=&#8221;on&#8221; background_color_gradient_start=&#8221;rgba(0,0,0,0.79)&#8221; background_color_gradient_end=&#8221;rgba(0,0,0,0.79)&#8221; background_image=&#8221;https:\/\/penedescoworking.com\/wp-content\/uploads\/2024\/11\/coworking-A-2-scaled.jpeg&#8221; custom_padding=&#8221;140px||140px||true|false&#8221; custom_padding_tablet=&#8221;100px||100px||true|false&#8221; custom_padding_phone=&#8221;60px||60px||true|false&#8221; global_colors_info=&#8221;{}&#8221;][et_pb_row _builder_version=&#8221;4.16&#8243; _module_preset=&#8221;default&#8221; global_colors_info=&#8221;{}&#8221;][et_pb_column type=&#8221;4_4&#8243; _builder_version=&#8221;4.16&#8243; _module_preset=&#8221;default&#8221; global_colors_info=&#8221;{}&#8221;][et_pb_text _builder_version=&#8221;4.27.5&#8243; _module_preset=&#8221;default&#8221; header_2_font=&#8221;Poppins|800|||||||&#8221; header_2_font_size=&#8221;60px&#8221; header_2_line_height=&#8221;1.4em&#8221; background_enable_color=&#8221;off&#8221; background_layout=&#8221;dark&#8221; max_width=&#8221;80%&#8221; max_width_tablet=&#8221;100%&#8221; max_width_phone=&#8221;&#8221; max_width_last_edited=&#8221;on|tablet&#8221; hover_enabled=&#8221;0&#8243; header_2_font_size_tablet=&#8221;40px&#8221; header_2_font_size_phone=&#8221;25px&#8221; header_2_font_size_last_edited=&#8221;on|phone&#8221; locked=&#8221;off&#8221; global_colors_info=&#8221;{}&#8221; sticky_enabled=&#8221;0&#8243;]<\/p>\n<h1>regulations<\/h1>\n<p>[\/et_pb_text][et_pb_text _builder_version=\u201d4.20.4\u2033 _module_preset=\u201ddefault\u201d text_font=\u201d|600|||||||\u201d text_font_size=\u201d18px\u201d text_line_height=\u201d1.8em\u201d background_enable_color=\u201doff\u201d background_layout=\u201ddark\u201d max_width=\u201d60%\u201d max_width_tablet=\u201d100%\u201d max_width_phone=\u201d\u201d max_width_last_edited=\u201don|tablet\u201d custom_margin=\u201d|||20%|false|false\u201d custom_margin_tablet=\u201d|||0%|false|false\u201d custom_margin_phone=\u201d\u201d custom_margin_last_edited=\u201don|tablet\u201d custom_padding=\u201d||false|false\u201d locked=\u201doff\u201d global_colors_info=\u201d{}\u201d]<\/p>\n<p>Here we explain the rules of use of Pened\u00e8s Coworking. They are not static and may change in the future.<\/p>\n<p>[\/et_pb_text][\/et_pb_column][\/et_pb_row][\/et_pb_section][et_pb_section fb_built=\u201d1\u2033 admin_label=\u201dFeatures\u201d _builder_version=\u201d4.16\u2033 _module_preset=\u201ddefault\u201d background_color=\u201d#f1f1f1\u2033 background_image=\u201dhttps:\/\/ penedescoworking.com\/wp-content\/uploads\/2022\/12\/co-working-space-52-1.png\u201d global_colors_info=\u201d{}\u201d][et_pb_row _builder_version=\u201d4.19.4\u2033 _module_preset=\u201ddefault\u201d custom_padding=\u201d 76px|||||\u201d global_colors_info=\u201d{}\u201d][et_pb_column type=\u201d4_4\u2033 _builder_version=\u201d4.19.4\u2033 _module_preset=\u201ddefault\u201d global_colors_info=\u201d{}\u201d][et_pb_text _builder_version=\u201d4.19.4\u2033 _module_preset=\u201ddefault\u201d global_colors_info=\u201ddefault\u201d {}\u201d]<\/p>\n<h3>Access and Security<\/h3>\n<p>[\/et_pb_text][et_pb_text ol_position=&#8221;outside&#8221; ol_item_indent=&#8221;7px&#8221; _builder_version=&#8221;4.27.4&#8243; _module_preset=&#8221;default&#8221; text_font_size=&#8221;18px&#8221; text_line_height=&#8221;1.8em&#8221; ol_font_size=&#8221;16px&#8221; ol_line_height=&#8221;1.6em&#8221; global_colors_info=&#8221;{}&#8221;]<\/p>\n<ol>\n<li><b>Access<\/b><span style=\"font-weight: 400;\">: Pened\u00e8s Coworking users have access from Monday to Friday during established hours (from 8:00 to 20:00). We have conference rooms and private offices available according to availability and prior reservation.<\/span><\/li>\n<li><b>Care of goods:<\/b><span style=\"font-weight: 400;\"> All elements, as well as the equipment, facilities and accessories used, must be properly cared for. No element of Pened\u00e8s Coworking will be modified without prior authorization.<\/span><\/li>\n<li><b>Access application: <\/b><span style=\"font-weight: 400;\">Access to the facilities is via a mobile application, which allows you to enter and exit the coworking space securely. Access credentials are personal and non-transferable and are linked to the use of the service.<\/span><\/li>\n<li><b>security<\/b><span style=\"font-weight: 400;\">: For security reasons, the center&#039;s doors and windows, exit and\/or emergency doors will not be left open during opening hours or outside of said hours. Community areas may only be used with our consent and these areas must be kept clean and tidy at all times.<\/span><\/li>\n<li><b>Storage is not allowed.<\/b><span style=\"font-weight: 400;\"> or use in the center, any computer equipment (with the exception of personal computers and related peripherals) or other large machinery, reproduction equipment, heating equipment, vending machines or other machines of any kind that are not owned by the center.<\/span><\/li>\n<li><b>You will not be able to carry out any mechanical activity.<\/b><span style=\"font-weight: 400;\"> in the center or cook outside the office space.<\/span><\/li>\n<li><span style=\"font-weight: 400;\">They will not be entered in Pened\u00e8s Coworking <\/span><b>explosives<\/b><span style=\"font-weight: 400;\"> or other items that are considered dangerous.<\/span><\/li>\n<li><span style=\"font-weight: 400;\">The use of is prohibited. <\/span><b>gases, odors or liquids<\/b><span style=\"font-weight: 400;\"> that are unpleasant.<\/span><\/li>\n<li><b>The electric current<\/b><span style=\"font-weight: 400;\"> It will only be used for normal room lighting and to power personal computers and other small devices.<\/span><\/li>\n<li><b>Animals are not allowed.<\/b><span style=\"font-weight: 400;\"> in the center, with the exception of assistance animals.<\/span><\/li>\n<li><span style=\"font-weight: 400;\">No part of Pened\u00e8s Coworking will be occupied or used for the manufacture, sale, offer or <\/span><b>consumption of alcohol, drugs or tobacco<\/b><span style=\"font-weight: 400;\"> of any kind.<\/span><\/li>\n<li><span style=\"font-weight: 400;\">No type of <\/span><b>locks<\/b><span style=\"font-weight: 400;\"> or additional bolts on doors or windows.<\/span><\/li>\n<li><span style=\"font-weight: 400;\">All the <\/span><b>property<\/b><span style=\"font-weight: 400;\"> or any of the employees, representatives or guests will be the exclusive responsibility of the owner without us assuming any responsibility in the event of damage occurring in relation to these goods or in the event of theft or misappropriation thereof.<\/span><\/li>\n<\/ol>\n<p>[\/et_pb_text][et_pb_text _builder_version=\u201d4.19.4\u2033 _module_preset=\u201ddefault\u201d global_colors_info=\u201d{}\u201d]<\/p>\n<h3>others<\/h3>\n<p>[\/et_pb_text][et_pb_text ol_position=&#8221;outside&#8221; ol_item_indent=&#8221;7px&#8221; _builder_version=&#8221;4.27.4&#8243; _module_preset=&#8221;default&#8221; text_font_size=&#8221;18px&#8221; text_line_height=&#8221;1.8em&#8221; ol_font_size=&#8221;16px&#8221; ol_line_height=&#8221;1.6em&#8221; global_colors_info=&#8221;{}&#8221;]<\/p>\n<ol>\n<li style=\"font-weight: 400;\" aria-level=\"1\"><b>Smoking: <\/b><span style=\"font-weight: 400;\">Smoking (nicotine, electronic, vaping, etc.) is prohibited in all public areas, which include meeting and training rooms, the outdoor areas of the facility, stair access and back areas.<\/span><\/li>\n<li style=\"font-weight: 400;\" aria-level=\"1\"><b>The address of our building <\/b><span style=\"font-weight: 400;\">It can be used as a registered business address only while there is an active and signed service agreement with us.<\/span><\/li>\n<li style=\"font-weight: 400;\" aria-level=\"1\"><b>Provision of funds\/deposit:<\/b><span style=\"font-weight: 400;\"> For the center&#039;s clients, it will be a monthly rent that will be maintained and updated accordingly during the term of the contract.<\/span><\/li>\n<li style=\"font-weight: 400;\" aria-level=\"1\"><b>Back access to the center<\/b><span style=\"font-weight: 400;\">: Access to and use of the emergency exit at the center is prohibited. This emergency exit will be used exclusively for its purpose, loading\/unloading of goods and cases of force majeure.<\/span><\/li>\n<li style=\"font-weight: 400;\" aria-level=\"1\"><b>Car park<\/b><span style=\"font-weight: 400;\">: It is prohibited to park at the rear access of the first floor center. With the exception of the use of loading and unloading goods and cases of force majeure.<\/span><\/li>\n<li style=\"font-weight: 400;\" aria-level=\"1\"><b>The use of the refrigerator is for daily use.<\/b><span style=\"font-weight: 400;\">. They will be removed and cleaned daily at the end of each workday.<\/span><\/li>\n<li style=\"font-weight: 400;\" aria-level=\"1\"><span style=\"font-weight: 400;\">Our <\/span><b>Internet and telecommunications<\/b><span style=\"font-weight: 400;\">: Our Internet service provides you with an Internet connection for regular business activity, such as web browsing, as well as<\/span><span style=\"font-weight: 400;\"><br \/><\/span><span style=\"font-weight: 400;\">the ability to send and receive electronic communications and access business applications, among others. We do not monitor the content of information transmitted over our telecommunications lines or equipment and accept no responsibility for the content of any transmissions you make.<\/span><span style=\"font-weight: 400;\">\n<p><\/span><\/li>\n<\/ol>\n<p><span style=\"font-weight: 400;\">Our Internet service may only be used for lawful purposes and shall not be linked to any criminal or civil violation of state, federal or international laws, regulations and other governmental requirements. The customer is responsible for maintaining basic security and virus protection of their systems to prevent others from using them in a manner that violates the service agreement.<\/span><span style=\"font-weight: 400;\"><\/p>\n<p><\/span><\/p>\n<p><span style=\"font-weight: 400;\">Our Internet services will only be available at our locations and connection to our network will only be permitted at those locations. It is prohibited to create any link between our network and any other telecommunications network or service without our consent.<\/span><\/p>\n<p>[\/et_pb_text][\/et_pb_column][\/et_pb_row][\/et_pb_section]<\/p>","protected":false},"excerpt":{"rendered":"<p>NormativaAqu\u00ed us exposem les regles d&#8217;us de Pened\u00e8s Coworking. No s\u00f3n est\u00e0tiques i pot ser que vagin canviant en el futur.Acc\u00e9s i Seguretat Acc\u00e9s: Els usuaris de Pened\u00e8s Coworking tenen acc\u00e9s de dilluns a divendres durant l\u2019horari establert (de 8:00 a 20:00 hores). Disposem de sales de confer\u00e8ncies i oficines privades segons disponibilitat i pr\u00e8via [&hellip;]<\/p>","protected":false},"author":2,"featured_media":0,"parent":0,"menu_order":0,"comment_status":"closed","ping_status":"closed","template":"","meta":{"_et_pb_use_builder":"on","_et_pb_old_content":"","_et_gb_content_width":"","footnotes":""},"class_list":["post-2207","page","type-page","status-publish","hentry"],"_links":{"self":[{"href":"https:\/\/penedescoworking.com\/en\/wp-json\/wp\/v2\/pages\/2207","targetHints":{"allow":["GET"]}}],"collection":[{"href":"https:\/\/penedescoworking.com\/en\/wp-json\/wp\/v2\/pages"}],"about":[{"href":"https:\/\/penedescoworking.com\/en\/wp-json\/wp\/v2\/types\/page"}],"author":[{"embeddable":true,"href":"https:\/\/penedescoworking.com\/en\/wp-json\/wp\/v2\/users\/2"}],"replies":[{"embeddable":true,"href":"https:\/\/penedescoworking.com\/en\/wp-json\/wp\/v2\/comments?post=2207"}],"version-history":[{"count":8,"href":"https:\/\/penedescoworking.com\/en\/wp-json\/wp\/v2\/pages\/2207\/revisions"}],"predecessor-version":[{"id":5135,"href":"https:\/\/penedescoworking.com\/en\/wp-json\/wp\/v2\/pages\/2207\/revisions\/5135"}],"wp:attachment":[{"href":"https:\/\/penedescoworking.com\/en\/wp-json\/wp\/v2\/media?parent=2207"}],"curies":[{"name":"wp","href":"https:\/\/api.w.org\/{rel}","templated":true}]}}