{"id":4664,"date":"2025-10-02T12:29:39","date_gmt":"2025-10-02T11:29:39","guid":{"rendered":"https:\/\/penedescoworking.com\/coworking-a-prop-de-abrera\/"},"modified":"2025-10-02T12:29:39","modified_gmt":"2025-10-02T11:29:39","slug":"coworking-a-prop-de-abrera","status":"publish","type":"page","link":"https:\/\/penedescoworking.com\/ca\/coworking-a-prop-de-abrera\/","title":{"rendered":"Coworking a prop de Abrera"},"content":{"rendered":"\n<div class=\"wp-block-columns is-layout-flex wp-container-core-columns-is-layout-9d6595d7 wp-block-columns-is-layout-flex\">\n<div class=\"wp-block-column is-layout-flow wp-block-column-is-layout-flow\" style=\"flex-basis:66.66%\">\n<p>Est\u00e0s buscant un <strong>coworking aprop de Abrera<\/strong>? Ja l&#8217;has trobat! Pened\u00e8s Coworking \u00e9s el teu espai de coworking ideal per a treballar, iniciar el teu negoci, fer networking o per fer servir les sales de reunions. <\/p>\n\n\n\n<p>Pened\u00e8s Coworking es troba al poligon de Sant Pere Molanta, al costat de Vilafranca del Pened\u00e8s.<\/p>\n\n\n\n<p>Pened\u00e8s Coworking <strong>t&#8217;ofereix un espai tant siguis freelancer<\/strong>, tinguis una startup, una petita o mitjana empresa, siguis estudiant, estiguis opositant, facis teletreball o sigueu una delegaci\u00f3 de la zona de Abrera.<\/p>\n\n\n\n<div style=\"height:67px\" aria-hidden=\"true\" class=\"wp-block-spacer\"><\/div>\n\n\n\n<h2 class=\"wp-block-heading\" id=\"que-ofereix-penedes-coworking-a-poblacions-city-name\">Qu\u00e8 ofereix Pened\u00e8s Coworking a Abrera?<\/h2>\n\n\n\n<p>Amb una poblaci\u00f3 de 11521, Abrera t\u00e9 una gran nombre de freelances, teletreballadors, aut\u00f2noms i pimes que necessiten un espai i <strong>a Pened\u00e8s Coworking l&#8217;han trobat<\/strong>. <\/p>\n\n\n\n<p>Amb m\u00e9s de 600m2 quadrats d&#8217;espai, tenim m\u00e9s de 50 llocs de treball disponibles, on <strong>per nom\u00e9s 99\u20ac al mes disposar\u00e0s de la teva pr\u00f2pia taula fixa<\/strong>, una calaixera amb clau, targeta d&#8217;acc\u00e9s, internet d&#8217;alta velocitat, un office i zona d&#8217;esbarjo enorme, p\u00e0rquing gratu\u00eft i el m\u00e9s important, 6 sales de reunions disponibles per fer servir sempre que es vulguin, sense cost afegit.<\/p>\n<\/div>\n\n\n\n<div class=\"wp-block-column is-layout-flow wp-block-column-is-layout-flow\" style=\"flex-basis:33.33%\"><figure class=\"wp-block-post-featured-image\"><img decoding=\"async\" width=\"1707\" height=\"2560\" src=\"https:\/\/penedescoworking.com\/wp-content\/uploads\/2025\/10\/Coworking-Abrera-scaled.jpg\" class=\"attachment-post-thumbnail size-post-thumbnail wp-post-image\" alt=\"Coworking Abrera\" style=\"object-fit:cover;\" srcset=\"https:\/\/penedescoworking.com\/wp-content\/uploads\/2025\/10\/Coworking-Abrera-scaled.jpg 1707w, https:\/\/penedescoworking.com\/wp-content\/uploads\/2025\/10\/Coworking-Abrera-1280x1920.jpg 1280w, https:\/\/penedescoworking.com\/wp-content\/uploads\/2025\/10\/Coworking-Abrera-980x1470.jpg 980w, https:\/\/penedescoworking.com\/wp-content\/uploads\/2025\/10\/Coworking-Abrera-480x720.jpg 480w\" sizes=\"(min-width: 0px) and (max-width: 480px) 480px, (min-width: 481px) and (max-width: 980px) 980px, (min-width: 981px) and (max-width: 1280px) 1280px, (min-width: 1281px) 1707px, 100vw\" title=\"\"><\/figure><\/div>\n<\/div>\n\n\n\n<div style=\"height:60px\" aria-hidden=\"true\" class=\"wp-block-spacer\"><\/div>\n\n\n\n<div class=\"wp-block-columns is-layout-flex wp-container-core-columns-is-layout-9d6595d7 wp-block-columns-is-layout-flex\">\n<div class=\"wp-block-column is-layout-flow wp-block-column-is-layout-flow\" style=\"flex-basis:33.33%\">\n<figure class=\"wp-block-image size-large\"><img decoding=\"async\" width=\"768\" height=\"1024\" src=\"https:\/\/penedescoworking.com\/wp-content\/uploads\/2023\/01\/despatx-ind.-768x1024.jpg\" alt=\"Lloguer despatx Abrera\" class=\"wp-image-2808\" title=\"\"><figcaption class=\"wp-element-caption\">Lloguer despatx Abrera<\/figcaption><\/figure>\n<\/div>\n\n\n\n<div class=\"wp-block-column is-layout-flow wp-block-column-is-layout-flow\" style=\"flex-basis:66.66%\">\n<div class=\"wp-block-rank-math-toc-block has-white-background-color has-background\" id=\"rank-math-toc\"><h2>Taula de continguts<\/h2><nav><ul><li class=\"\"><a href=\"#que-ofereix-penedes-coworking-a-poblacions-city-name\">Qu\u00e8 ofereix Pened\u00e8s Coworking a Abrera?<\/a><\/li><li class=\"\"><a href=\"#el-coworking-mes-barat-aprop-de-poblacions-city-name\">El coworking m\u00e9s barat aprop de Abrera<\/a><\/li><li class=\"\"><a href=\"#perque-fer-servir-un-coworking-aprop-de-poblacions-city-name\">Perqu\u00e8 fer servir un coworking aprop de Abrera?<\/a><\/li><li class=\"\"><a href=\"#com-anar-de-poblacions-city-name-a-penedes-coworking\">Com anar de Abrera a Pened\u00e8s Coworking?<\/a><\/li><li class=\"\"><a href=\"#quins-horaris-te-penedes-coworking\">Quins horaris t\u00e9 Pened\u00e8s Coworking?<\/a><\/li><li class=\"\"><a href=\"#lloguer-doficines-aprop-de-poblacions-city-name\">Lloguer d&#8217;oficines aprop de Abrera<\/a><\/li><li class=\"\"><a href=\"#preguntes-mes-frequents-faq\">Preguntes m\u00e9s freq\u00fcents (FAQ)<\/a><ul><li class=\"\"><a href=\"#faq-question-1672510823706\">Quins serveis oferiu?<\/a><\/li><li class=\"\"><a href=\"#faq-question-1672510977421\">Quin preu t\u00e9?<\/a><\/li><li class=\"\"><a href=\"#faq-question-1675152148672\">Com us comuniqueu entre vosaltres?<\/a><\/li><li class=\"\"><a href=\"#faq-question-1710411607120\">On es troba Pened\u00e8s Coworking?<\/a><\/li><\/ul><\/li><\/ul><\/nav><\/div>\n<\/div>\n<\/div>\n\n\n\n<div style=\"height:51px\" aria-hidden=\"true\" class=\"wp-block-spacer\"><\/div>\n\n\n\n<figure class=\"wp-block-gallery has-nested-images columns-default is-cropped wp-block-gallery-1 is-layout-flex wp-block-gallery-is-layout-flex\">\n<figure class=\"wp-block-image size-large\"><img decoding=\"async\" width=\"1024\" height=\"768\" data-id=\"2457\" src=\"https:\/\/penedescoworking.com\/wp-content\/uploads\/2023\/01\/exterior3-1024x768.jpg\" alt=\"Coworking Vilafranca\" class=\"wp-image-2457\" title=\"\" srcset=\"https:\/\/penedescoworking.com\/wp-content\/uploads\/2023\/01\/exterior3-980x735.jpg 980w, https:\/\/penedescoworking.com\/wp-content\/uploads\/2023\/01\/exterior3-480x360.jpg 480w\" sizes=\"(min-width: 0px) and (max-width: 480px) 480px, (min-width: 481px) and (max-width: 980px) 980px, (min-width: 981px) 1024px, 100vw\" \/><\/figure>\n\n\n\n<figure class=\"wp-block-image size-large\"><img decoding=\"async\" width=\"1024\" height=\"683\" data-id=\"2467\" src=\"https:\/\/penedescoworking.com\/wp-content\/uploads\/2023\/01\/coworking-o-oficina-tradicional-1024x683.jpeg\" alt=\"coworking o oficina tradicional\" class=\"wp-image-2467\" title=\"\" srcset=\"https:\/\/penedescoworking.com\/wp-content\/uploads\/2023\/01\/coworking-o-oficina-tradicional-980x654.jpeg 980w, https:\/\/penedescoworking.com\/wp-content\/uploads\/2023\/01\/coworking-o-oficina-tradicional-480x320.jpeg 480w\" sizes=\"(min-width: 0px) and (max-width: 480px) 480px, (min-width: 481px) and (max-width: 980px) 980px, (min-width: 981px) 1024px, 100vw\" \/><\/figure>\n\n\n\n<figure class=\"wp-block-image size-large\"><img decoding=\"async\" width=\"1024\" height=\"768\" data-id=\"2402\" src=\"https:\/\/penedescoworking.com\/wp-content\/uploads\/2022\/12\/IMG_8536-1024x768.jpg\" alt=\"Sala Estar Coworking Vilafranca\" class=\"wp-image-2402\" title=\"\" srcset=\"https:\/\/penedescoworking.com\/wp-content\/uploads\/2022\/12\/IMG_8536-980x735.jpg 980w, https:\/\/penedescoworking.com\/wp-content\/uploads\/2022\/12\/IMG_8536-480x360.jpg 480w\" sizes=\"(min-width: 0px) and (max-width: 480px) 480px, (min-width: 481px) and (max-width: 980px) 980px, (min-width: 981px) 1024px, 100vw\" \/><\/figure>\n\n\n\n<figure class=\"wp-block-image size-large\"><img decoding=\"async\" width=\"1024\" height=\"768\" data-id=\"2096\" src=\"https:\/\/penedescoworking.com\/wp-content\/uploads\/2022\/12\/IMG_8519-1024x768.jpg\" alt=\"Coworking Vilafranca\" class=\"wp-image-2096\" title=\"\" srcset=\"https:\/\/penedescoworking.com\/wp-content\/uploads\/2022\/12\/IMG_8519-980x735.jpg 980w, https:\/\/penedescoworking.com\/wp-content\/uploads\/2022\/12\/IMG_8519-480x360.jpg 480w\" sizes=\"(min-width: 0px) and (max-width: 480px) 480px, (min-width: 481px) and (max-width: 980px) 980px, (min-width: 981px) 1024px, 100vw\" \/><\/figure>\n\n\n\n<figure class=\"wp-block-image size-large\"><img decoding=\"async\" width=\"1024\" height=\"768\" data-id=\"2097\" src=\"https:\/\/penedescoworking.com\/wp-content\/uploads\/2022\/12\/IMG_8522-1024x768.jpg\" alt=\"\" class=\"wp-image-2097\" title=\"\" srcset=\"https:\/\/penedescoworking.com\/wp-content\/uploads\/2022\/12\/IMG_8522-980x735.jpg 980w, https:\/\/penedescoworking.com\/wp-content\/uploads\/2022\/12\/IMG_8522-480x360.jpg 480w\" sizes=\"(min-width: 0px) and (max-width: 480px) 480px, (min-width: 481px) and (max-width: 980px) 980px, (min-width: 981px) 1024px, 100vw\" \/><\/figure>\n\n\n\n<figure class=\"wp-block-image size-large\"><img decoding=\"async\" width=\"600\" height=\"440\" data-id=\"2105\" src=\"https:\/\/penedescoworking.com\/wp-content\/uploads\/2022\/12\/co-working-space-44.png\" alt=\"\" class=\"wp-image-2105\" title=\"\" srcset=\"https:\/\/penedescoworking.com\/wp-content\/uploads\/2022\/12\/co-working-space-44.png 600w, https:\/\/penedescoworking.com\/wp-content\/uploads\/2022\/12\/co-working-space-44-480x352.png 480w\" sizes=\"(min-width: 0px) and (max-width: 480px) 480px, (min-width: 481px) 600px, 100vw\" \/><\/figure>\n<\/figure>\n\n\n\n<div style=\"height:60px\" aria-hidden=\"true\" class=\"wp-block-spacer\"><\/div>\n\n\n\n<div class=\"wp-block-columns is-layout-flex wp-container-core-columns-is-layout-9d6595d7 wp-block-columns-is-layout-flex\">\n<div class=\"wp-block-column is-layout-flow wp-block-column-is-layout-flow\">\n<h2 class=\"wp-block-heading\" id=\"el-coworking-mes-barat-aprop-de-poblacions-city-name\">El coworking m\u00e9s barat aprop de Abrera<\/h2>\n\n\n\n<div style=\"height:36px\" aria-hidden=\"true\" class=\"wp-block-spacer\"><\/div>\n\n\n\n<p>Som el <strong>coworking m\u00e9s barat aprop de Abrera<\/strong> i la zona, amb un preu \u00fanic que inclou m\u00faltiples avantatges.<\/p>\n\n\n\n<div style=\"height:39px\" aria-hidden=\"true\" class=\"wp-block-spacer\"><\/div>\n\n\n\n<figure class=\"wp-block-jetpack-rating-star is-style-filled\" style=\"text-align:left\"><span>\u2605<\/span><span>\u2605<\/span><span>\u2605<\/span><span>\u2605<\/span><span>\u2605<\/span><\/figure>\n\n\n\n<div class=\"wp-block-buttons is-layout-flex wp-block-buttons-is-layout-flex\">\n<div class=\"wp-block-button\"><a class=\"wp-block-button__link wp-element-button\" href=\"https:\/\/penedescoworking.com\/preus\/\">Llistat de Preus<\/a><\/div>\n<\/div>\n<\/div>\n\n\n\n<div class=\"wp-block-column is-layout-flow wp-block-column-is-layout-flow\">\n<ul class=\"wp-block-list\">\n<li>6 sales de reunions d&#8217;us il\u00b7limitat<\/li>\n\n\n\n<li>Taula fixa amb calaixera privada<\/li>\n\n\n\n<li>Cadira ergon\u00f2mica<\/li>\n\n\n\n<li>Lloguer d&#8217;oficines per petites i mitjanes empreses<\/li>\n\n\n\n<li>6 lavabos d&#8217;homes i dones<\/li>\n\n\n\n<li>Dutxa<\/li>\n\n\n\n<li>Recepci\u00f3, office, cuina, zona d&#8217;espera&#8230;<\/li>\n<\/ul>\n<\/div>\n<\/div>\n\n\n\n<div style=\"height:60px\" aria-hidden=\"true\" class=\"wp-block-spacer\"><\/div>\n\n\n\n<h2 class=\"wp-block-heading\" id=\"perque-fer-servir-un-coworking-aprop-de-poblacions-city-name\">Perqu\u00e8 fer servir un coworking aprop de Abrera?<\/h2>\n\n\n\n<div style=\"height:33px\" aria-hidden=\"true\" class=\"wp-block-spacer\"><\/div>\n\n\n\n<div class=\"wp-block-columns is-layout-flex wp-container-core-columns-is-layout-9d6595d7 wp-block-columns-is-layout-flex\">\n<div class=\"wp-block-column is-layout-flow wp-block-column-is-layout-flow\" style=\"flex-basis:33.33%\">\n<figure class=\"wp-block-image size-large\"><img decoding=\"async\" width=\"1024\" height=\"768\" src=\"https:\/\/penedescoworking.com\/wp-content\/uploads\/2023\/01\/IMG_8518-1024x768.jpg\" alt=\"\" class=\"wp-image-2802\" title=\"\" srcset=\"https:\/\/penedescoworking.com\/wp-content\/uploads\/2023\/01\/IMG_8518-980x735.jpg 980w, https:\/\/penedescoworking.com\/wp-content\/uploads\/2023\/01\/IMG_8518-480x360.jpg 480w\" sizes=\"(min-width: 0px) and (max-width: 480px) 480px, (min-width: 481px) and (max-width: 980px) 980px, (min-width: 981px) 1024px, 100vw\" \/><\/figure>\n<\/div>\n\n\n\n<div class=\"wp-block-column is-layout-flow wp-block-column-is-layout-flow\" style=\"flex-basis:66.66%\">\n<p>Anar a un coworking aprop de Abrera pot tenir diversos avantatges, com ara:<\/p>\n\n\n\n<ol class=\"wp-block-list\">\n<li><strong>Col\u00b7laboraci\u00f3 i xarxa<\/strong>: Compartir un espai de treball amb altres professionals de Abrera pot conduir a oportunitats de col\u00b7laboraci\u00f3 i creaci\u00f3 de xarxa.<\/li>\n\n\n\n<li><strong>Productivitat<\/strong>: Treballar en un ambient estimulant i motivador pot augmentar la productivitat i la creativitat.<\/li>\n\n\n\n<li><strong>Flexibilitat<\/strong>: Pened\u00e8s Coworking diferents opcions de lloguer, des de despatxos individuals fins a \u00e0rees de treball compartides, per satisfer les necessitats de treball de cada persona.<\/li>\n\n\n\n<li><strong>Estalvi econ\u00f2mic<\/strong>: Compartir instal\u00b7lacions i serveis \u00e9s m\u00e9s econ\u00f2mic que llogar un despatx privat a Abrera.<\/li>\n\n\n\n<li><strong>Serveis i instal\u00b7lacions<\/strong>: Pened\u00e8s Coworking ofereix serveis i instal\u00b7lacions addicionals, com ara sala de reunions, \u00e0rea de descans, i connexi\u00f3 a internet, per ajudar a millorar la seva experi\u00e8ncia de treball.<\/li>\n\n\n\n<li><strong>A la <a href=\"http:\/\/Prov\u00edncia de Barcelona\">prov\u00edncia de Barcelona<\/a><\/strong>: Amb acc\u00e9s directe des de l&#8217;AP7 i la Nacional 340.<\/li>\n<\/ol>\n<\/div>\n<\/div>\n\n\n\n<div class=\"wp-block-buttons is-layout-flex wp-block-buttons-is-layout-flex\">\n<div class=\"wp-block-button\"><a class=\"wp-block-button__link wp-element-button\" href=\"https:\/\/penedescoworking.com\/avantatges-serveis\/\">Descobreix tots els avantatges i serveis<\/a><\/div>\n<\/div>\n\n\n\n<div style=\"height:41px\" aria-hidden=\"true\" class=\"wp-block-spacer\"><\/div>\n\n\n\n<h2 class=\"wp-block-heading\" id=\"com-anar-de-poblacions-city-name-a-penedes-coworking\">Com anar de Abrera a Pened\u00e8s Coworking?<\/h2>\n\n\n\n<div style=\"height:30px\" aria-hidden=\"true\" class=\"wp-block-spacer\"><\/div>\n\n\n<iframe title=\"Google driving directions map from Abrera to Av. Vilafranca del Pened\u00e8s 11, Ol\u00e8rdola 08799\" class=\"page-generator-pro-map\" width=\"100%\" height=\"400\" frameborder=\"0\" style=\"border:0\" src=\"https:\/\/www.google.com\/maps\/embed\/v1\/directions?origin=Abrera&#038;destination=Av.+Vilafranca+del+Pened%C3%A8s+11%2C+Ol%C3%A8rdola+08799&#038;mode=driving&#038;maptype=roadmap&#038;key=AIzaSyCNTEOso0tZG6YMSJFoaJEY5Th1stEWrJI\" referrerpolicy=\"no-referrer-when-downgrade\" allowfullscreen><\/iframe>\n\n\n<div style=\"height:84px\" aria-hidden=\"true\" class=\"wp-block-spacer\"><\/div>\n\n\n\n<div class=\"wp-block-columns is-layout-flex wp-container-core-columns-is-layout-9d6595d7 wp-block-columns-is-layout-flex\">\n<div class=\"wp-block-column is-layout-flow wp-block-column-is-layout-flow\">\n<h2 class=\"wp-block-heading\" id=\"quins-horaris-te-penedes-coworking\">Quins horaris t\u00e9 Pened\u00e8s Coworking?<\/h2>\n\n\n\n<div style=\"height:29px\" aria-hidden=\"true\" class=\"wp-block-spacer\"><\/div>\n\n\n\n<p>Obrim de dilluns a divendres de 8h a 20h ininterrumpudament.<\/p>\n\n\n\n<p>Volem poder obrir les 24h els 365 dies de la setmana, per\u00f2 necessitem ser m\u00e9s! Apunta&#8217;t i aconseguirem poder obrir tot el dia durant tot l&#8217;any.<\/p>\n\n\n\n<div style=\"height:57px\" aria-hidden=\"true\" class=\"wp-block-spacer\"><\/div>\n\n\n\n<h2 class=\"wp-block-heading\" id=\"lloguer-doficines-aprop-de-poblacions-city-name\">Lloguer d&#8217;oficines aprop de Abrera<\/h2>\n\n\n\n<div style=\"height:37px\" aria-hidden=\"true\" class=\"wp-block-spacer\"><\/div>\n\n\n\n<p>Pened\u00e8s Coworking tamb\u00e9 ofereix <strong>lloguer d&#8217;oficines aprop de  Abrera<\/strong> (08630) per a professionals que busquen un espai de treball compartit. Les oficines inclouen serveis i instal\u00b7lacions com ara connexi\u00f3 a internet de alta velocitat, sala de reunions, \u00e0rea de descans i esmorzar, i servei de neteja. Contacteu Pened\u00e8s Coworking per obtenir m\u00e9s informaci\u00f3 sobre preus i disponibilitat.<\/p>\n<\/div>\n\n\n\n<div class=\"wp-block-column is-layout-flow wp-block-column-is-layout-flow\">\n<figure class=\"wp-block-image size-large\"><img decoding=\"async\" width=\"1024\" height=\"1024\" src=\"https:\/\/penedescoworking.com\/wp-content\/uploads\/2023\/01\/coworking-vilafranca-del-penedes-1024x1024.jpg\" alt=\"Lloguer d&#039;oficines a Abrera\" class=\"wp-image-2490\" title=\"\" srcset=\"https:\/\/penedescoworking.com\/wp-content\/uploads\/2023\/01\/coworking-vilafranca-del-penedes-980x980.jpg 980w, https:\/\/penedescoworking.com\/wp-content\/uploads\/2023\/01\/coworking-vilafranca-del-penedes-480x480.jpg 480w\" sizes=\"(min-width: 0px) and (max-width: 480px) 480px, (min-width: 481px) and (max-width: 980px) 980px, (min-width: 981px) 1024px, 100vw\" \/><\/figure>\n<\/div>\n<\/div>\n\n\n\n<div style=\"height:37px\" aria-hidden=\"true\" class=\"wp-block-spacer\"><\/div>\n\n\n\n<h2 class=\"wp-block-heading\" id=\"preguntes-mes-frequents-faq\">Preguntes m\u00e9s freq\u00fcents (FAQ)<\/h2>\n\n\n\n<div style=\"height:37px\" aria-hidden=\"true\" class=\"wp-block-spacer\"><\/div>\n\n\n<div id=\"rank-math-faq\" class=\"rank-math-block\">\n<div class=\"rank-math-list \">\n<div id=\"faq-question-1672510823706\" class=\"rank-math-list-item\">\n<h3 class=\"rank-math-question \">Quins serveis oferiu?<\/h3>\n<div class=\"rank-math-answer \">\n\n<p>Els pots trobar a l&#8217;apartat d&#8217;<a href=\"https:\/\/penedescoworking.com\/avantatges-serveis\/\" data-type=\"page\" data-id=\"2103\">Avantatges i Serveis<\/a>. Et diem alguns exemples: <br \/>Wifi i Ethernet<br \/>Impresi\u00f3 de documents<br \/>Posem a la vostra disposici\u00f3 la possibilitat d\u2019imprimir documents dota demanda<br \/>Mobiliari modern<br \/>Tots els nostres mobles s\u00f3n d\u2019alta qualitat, cadires ergon\u00f2miques i elegants<br \/>Sales de reunions<br \/>D\u2019entrada, les sales de reunions s\u00f3n d\u2019us lliure, i incl\u00f2s en el preu<br \/>Office i caf\u00e8<br \/>Acc\u00e9s de 8AM a 8PM<br \/>Oficina virtual<br \/>Activitats i festes<\/p>\n<p><code>--------<\/code><\/p>\n\n<\/div>\n<\/div>\n<div id=\"faq-question-1672510977421\" class=\"rank-math-list-item\">\n<h3 class=\"rank-math-question \">Quin preu t\u00e9?<\/h3>\n<div class=\"rank-math-answer \">\n\n<p>Per nom\u00e9s 99\u20ac al mes disposes de tots els serveis integrats, i amb us de les sales de reunions de forma il\u00b7limitada. El coworking m\u00e9s barat de Catalunya.<\/p>\n<p>Tamb\u00e9 tenim preus especials per lloguer de sales, zones per petites i mitjanes empreses, la zona de l&#8217;\u00e0gora&#8230; Consulta la p\u00e0gina de preus o contacta&#8217;ns directament.<\/p>\n<p><code><code>--------<\/code><\/code><\/p>\n\n<\/div>\n<\/div>\n<div id=\"faq-question-1675152148672\" class=\"rank-math-list-item\">\n<h3 class=\"rank-math-question \">Com us comuniqueu entre vosaltres?<\/h3>\n<div class=\"rank-math-answer \">\n\n<p>Un cop formis part de Pened\u00e8s Coworking, entrar\u00e0s a un grup de Whatsapp on hi ha tots els coworkers i comuniquem actes, si tens algun problema, si es vol fer alguna cosa conjunta&#8230; Tenim una comunitat molt viva i volem ser el coworking de refer\u00e8ncia de la zona de Abrera<code><code>.<\/code><\/code><\/p>\n\n<\/div>\n<\/div>\n<div id=\"faq-question-1710411607120\" class=\"rank-math-list-item\">\n<h3 class=\"rank-math-question \">On es troba Pened\u00e8s Coworking?<\/h3>\n<div class=\"rank-math-answer \">\n\n<p>Ens trobem al Pol\u00edgon Industrial de Sant Pere Molanta, al costat de Vilafranca del Pened\u00e8s, en la connexi\u00f3 amb l&#8217;AP7 i la N-360, al Carrer Vilafranca del Pened\u00e8s 11B.<\/p>\n\n<\/div>\n<\/div>\n<\/div>\n<\/div>\n\n\n<div style=\"height:68px\" aria-hidden=\"true\" class=\"wp-block-spacer\"><\/div>\n","protected":false},"excerpt":{"rendered":"<p>Est\u00e0s buscant un coworking aprop de Abrera? Ja l&#8217;has trobat! Pened\u00e8s Coworking \u00e9s el teu espai de coworking ideal per a treballar, iniciar el teu negoci, fer networking o per fer servir les sales de reunions. Pened\u00e8s Coworking es troba al poligon de Sant Pere Molanta, al costat de Vilafranca del Pened\u00e8s. Pened\u00e8s Coworking t&#8217;ofereix [&hellip;]<\/p>\n","protected":false},"author":2,"featured_media":4666,"parent":0,"menu_order":0,"comment_status":"closed","ping_status":"closed","template":"","meta":{"_et_pb_use_builder":"","_et_pb_old_content":"","_et_gb_content_width":"","footnotes":""},"class_list":["post-4664","page","type-page","status-publish","has-post-thumbnail","hentry"],"_links":{"self":[{"href":"https:\/\/penedescoworking.com\/ca\/wp-json\/wp\/v2\/pages\/4664","targetHints":{"allow":["GET"]}}],"collection":[{"href":"https:\/\/penedescoworking.com\/ca\/wp-json\/wp\/v2\/pages"}],"about":[{"href":"https:\/\/penedescoworking.com\/ca\/wp-json\/wp\/v2\/types\/page"}],"author":[{"embeddable":true,"href":"https:\/\/penedescoworking.com\/ca\/wp-json\/wp\/v2\/users\/2"}],"replies":[{"embeddable":true,"href":"https:\/\/penedescoworking.com\/ca\/wp-json\/wp\/v2\/comments?post=4664"}],"version-history":[{"count":0,"href":"https:\/\/penedescoworking.com\/ca\/wp-json\/wp\/v2\/pages\/4664\/revisions"}],"wp:featuredmedia":[{"embeddable":true,"href":"https:\/\/penedescoworking.com\/ca\/wp-json\/wp\/v2\/media\/4666"}],"wp:attachment":[{"href":"https:\/\/penedescoworking.com\/ca\/wp-json\/wp\/v2\/media?parent=4664"}],"curies":[{"name":"wp","href":"https:\/\/api.w.org\/{rel}","templated":true}]}}