{"id":2225,"date":"2022-12-21T17:11:42","date_gmt":"2022-12-21T16:11:42","guid":{"rendered":"http:\/\/penedescoworking.com\/?page_id=2225"},"modified":"2025-12-24T16:27:53","modified_gmt":"2025-12-24T15:27:53","slug":"on-som","status":"publish","type":"page","link":"https:\/\/penedescoworking.com\/ca\/on-som\/","title":{"rendered":"On som"},"content":{"rendered":"<p>[et_pb_section fb_built=&#8221;1&#8243; admin_label=&#8221;Header&#8221; _builder_version=&#8221;4.16&#8243; _module_preset=&#8221;default&#8221; background_color=&#8221;#f1f1f1&#8243; locked=&#8221;off&#8221; global_colors_info=&#8221;{}&#8221;][et_pb_row _builder_version=&#8221;4.16&#8243; _module_preset=&#8221;default&#8221; global_colors_info=&#8221;{}&#8221;][et_pb_column type=&#8221;4_4&#8243; _builder_version=&#8221;4.16&#8243; _module_preset=&#8221;default&#8221; global_colors_info=&#8221;{}&#8221;][et_pb_text _builder_version=&#8221;4.16&#8243; _module_preset=&#8221;default&#8221; header_font=&#8221;Poppins|800|||||||&#8221; header_text_color=&#8221;#000000&#8243; header_font_size=&#8221;60px&#8221; header_line_height=&#8221;1.4em&#8221; background_enable_color=&#8221;off&#8221; header_font_size_tablet=&#8221;40px&#8221; header_font_size_phone=&#8221;25px&#8221; header_font_size_last_edited=&#8221;on|phone&#8221; locked=&#8221;off&#8221; global_colors_info=&#8221;{}&#8221;]<\/p>\n<h1>On \u00e9s Pened\u00e8s Coworking?<\/h1>\n<p>[\/et_pb_text][\/et_pb_column][\/et_pb_row][et_pb_row column_structure=&#8221;3_5,2_5&#8243; use_custom_gutter=&#8221;on&#8221; gutter_width=&#8221;4&#8243; _builder_version=&#8221;4.16&#8243; _module_preset=&#8221;default&#8221; global_colors_info=&#8221;{}&#8221;][et_pb_column type=&#8221;3_5&#8243; _builder_version=&#8221;4.16&#8243; _module_preset=&#8221;default&#8221; custom_padding=&#8221;|60px|||false|false&#8221; custom_padding_tablet=&#8221;|0px|||false|false&#8221; custom_padding_phone=&#8221;&#8221; custom_padding_last_edited=&#8221;on|tablet&#8221; border_color_all=&#8221;rgba(51,51,51,0.24)&#8221; border_width_right=&#8221;1px&#8221; border_width_right_tablet=&#8221;0px&#8221; border_width_right_phone=&#8221;&#8221; border_width_right_last_edited=&#8221;on|tablet&#8221; global_colors_info=&#8221;{}&#8221;][et_pb_map google_api_key=&#8221;AIzaSyAUhvJqXgScYHMsw9yErsSF1NXpvJMojCM&#8221; address=&#8221;Av. Vilafranca del Pened\u00e8s, 11, 08720 Vilafranca del Pened\u00e8s, Barcelona, Spain&#8221; zoom_level=&#8221;14&#8243; address_lat=&#8221;41.3525556&#8243; address_lng=&#8221;1.7301802&#8243; mouse_wheel=&#8221;off&#8221; _builder_version=&#8221;4.19.4&#8243; module_alignment=&#8221;right&#8221; height=&#8221;600px&#8221; filter_saturate=&#8221;0%&#8221; filter_brightness=&#8221;90%&#8221; filter_contrast=&#8221;110%&#8221; border_radii=&#8221;on|20px|20px|20px|20px&#8221; global_colors_info=&#8221;{}&#8221;][et_pb_map_pin title=&#8221;Pened\u00e8s Coworking&#8221; pin_address=&#8221;Av. Vilafranca del Pened\u00e8s, 11a, 08720 Sant Pere Molanta, Barcelona, Spain&#8221; zoom_level=&#8221;17&#8243; pin_address_lat=&#8221;41.352781102961&#8243; pin_address_lng=&#8221;1.7302231153442&#8243; _builder_version=&#8221;4.19.4&#8243; global_colors_info=&#8221;{}&#8221;]<\/p>\n<p><span class=\"color_11\">Av. Vilafranca del Pened\u00e8s 11B<br \/><i>Pujant les escales, a sobre el Multimon<\/i><br \/>Pol\u00edgon Ind. de Sant Pere Molanta<br \/>08799 &#8211; Ol\u00e8rdola (Barcelona)<\/span><\/p>\n<p>[\/et_pb_map_pin][\/et_pb_map][\/et_pb_column][et_pb_column type=&#8221;2_5&#8243; _builder_version=&#8221;4.16&#8243; _module_preset=&#8221;default&#8221; global_colors_info=&#8221;{}&#8221;][et_pb_text _builder_version=&#8221;4.16&#8243; header_3_font=&#8221;Open Sans|700|||||||&#8221; header_3_font_size=&#8221;18px&#8221; header_3_line_height=&#8221;1.2em&#8221; background_enable_color=&#8221;off&#8221; custom_margin=&#8221;||12px||false|false&#8221; header_3_font_size_tablet=&#8221;14px&#8221; header_3_font_size_phone=&#8221;&#8221; header_3_font_size_last_edited=&#8221;on|phone&#8221; locked=&#8221;off&#8221; global_colors_info=&#8221;{}&#8221;]<\/p>\n<h3>Horari<\/h3>\n<p>Obert de <strong>dilluns a divendres de 8AM a 8PM<\/strong> sense interrupcions.<\/p>\n<p><em>Volem poder obrir les 24h els 365 dies de la setmana, per\u00f2 necessitem ser m\u00e9s! Ajuda&#8217;ns a cr\u00e9ixer.<\/em><\/p>\n<p>&nbsp;<\/p>\n<p>[\/et_pb_text][et_pb_text _builder_version=&#8221;4.27.4&#8243; header_3_font=&#8221;Open Sans|700|||||||&#8221; header_3_font_size=&#8221;18px&#8221; header_3_line_height=&#8221;1.2em&#8221; background_enable_color=&#8221;off&#8221; custom_margin=&#8221;||12px||false|false&#8221; hover_enabled=&#8221;0&#8243; header_3_font_size_tablet=&#8221;14px&#8221; header_3_font_size_phone=&#8221;&#8221; header_3_font_size_last_edited=&#8221;on|phone&#8221; locked=&#8221;off&#8221; global_colors_info=&#8221;{}&#8221; sticky_enabled=&#8221;0&#8243;]<\/p>\n<h3>On \u00e9s Pened\u00e8s Coworking?<\/h3>\n<p><span class=\"color_11\"><\/span><\/p>\n<p><span style=\"font-weight: 400;\">Estem al <\/span><b>Pol\u00edgon de Sant Pere Molanta<\/b><span style=\"font-weight: 400;\">, a la <\/span><b>Nacional 340<\/b><span style=\"font-weight: 400;\">. A la rotonda direcci\u00f3 a l\u2019esquerra, on hi ha el forn de pa Rius, el Crossfit, les Carns Mass\u00f3 i la botiga Multimon, entre d\u2019altres.<\/span><\/p>\n<p><span style=\"font-weight: 400;\">Es pot aparcar just davant, \u00e9s a <\/span><b>sobre el Multimon pujant les escales<\/b><span style=\"font-weight: 400;\"> la primera porta. Si ja ets coworker tindr\u00e0s la teva aplicaci\u00f3\u00a0 per entrar directament, si encara no, truca i reserva una visita\u00a0 perqu\u00e8 et puguem ensenyar l\u2019espai.<\/span><\/p>\n<p><b>On som ex\u00e0ctament?<\/b><\/p>\n<p><span style=\"font-weight: 400;\">Av. Vilafranca del Pened\u00e8s 11B<\/span><span style=\"font-weight: 400;\"><br \/><\/span><i><span style=\"font-weight: 400;\">Pujant les escales, a sobre el Multimon<\/span><\/i><i><span style=\"font-weight: 400;\"><br \/><\/span><\/i><span style=\"font-weight: 400;\">Pol\u00edgon Ind. de Sant Pere Molanta<\/span><span style=\"font-weight: 400;\"><br \/><\/span><span style=\"font-weight: 400;\">08799 \u2013 Ol\u00e8rdola (Barcelona)<\/span><\/p>\n<p><span class=\"color_11\"><\/span><\/p>\n<p>[\/et_pb_text][\/et_pb_column][\/et_pb_row][\/et_pb_section][et_pb_section fb_built=&#8221;1&#8243; _builder_version=&#8221;4.19.5&#8243; _module_preset=&#8221;default&#8221; global_colors_info=&#8221;{}&#8221;][et_pb_row _builder_version=&#8221;4.19.5&#8243; _module_preset=&#8221;default&#8221; global_colors_info=&#8221;{}&#8221;][et_pb_column type=&#8221;4_4&#8243; _builder_version=&#8221;4.19.5&#8243; _module_preset=&#8221;default&#8221; global_colors_info=&#8221;{}&#8221;][et_pb_text _builder_version=&#8221;4.19.5&#8243; _module_preset=&#8221;default&#8221; global_colors_info=&#8221;{}&#8221;]<\/p>\n<h2>Poblacions de Pened\u00e8s Coworking<\/h2>\n<p>[\/et_pb_text][\/et_pb_column][\/et_pb_row][et_pb_row _builder_version=&#8221;4.19.5&#8243; _module_preset=&#8221;default&#8221; global_colors_info=&#8221;{}&#8221;][et_pb_column type=&#8221;4_4&#8243; _builder_version=&#8221;4.19.5&#8243; _module_preset=&#8221;default&#8221; global_colors_info=&#8221;{}&#8221;][et_pb_menu menu_id=&#8221;68&#8243; menu_style=&#8221;centered&#8221; active_link_color=&#8221;#dbdbdb&#8221; _builder_version=&#8221;4.19.5&#8243; _module_preset=&#8221;default&#8221; menu_font_size=&#8221;12px&#8221; global_colors_info=&#8221;{}&#8221;][\/et_pb_menu][\/et_pb_column][\/et_pb_row][\/et_pb_section]<\/p>\n","protected":false},"excerpt":{"rendered":"<p>On \u00e9s Pened\u00e8s Coworking?Av. Vilafranca del Pened\u00e8s 11BPujant les escales, a sobre el MultimonPol\u00edgon Ind. de Sant Pere Molanta08799 &#8211; Ol\u00e8rdola (Barcelona)Horari Obert de dilluns a divendres de 8AM a 8PM sense interrupcions. Volem poder obrir les 24h els 365 dies de la setmana, per\u00f2 necessitem ser m\u00e9s! Ajuda&#8217;ns a cr\u00e9ixer. &nbsp;On \u00e9s Pened\u00e8s Coworking? [&hellip;]<\/p>\n","protected":false},"author":2,"featured_media":0,"parent":0,"menu_order":0,"comment_status":"closed","ping_status":"closed","template":"","meta":{"_et_pb_use_builder":"on","_et_pb_old_content":"","_et_gb_content_width":"","footnotes":""},"class_list":["post-2225","page","type-page","status-publish","hentry"],"_links":{"self":[{"href":"https:\/\/penedescoworking.com\/ca\/wp-json\/wp\/v2\/pages\/2225","targetHints":{"allow":["GET"]}}],"collection":[{"href":"https:\/\/penedescoworking.com\/ca\/wp-json\/wp\/v2\/pages"}],"about":[{"href":"https:\/\/penedescoworking.com\/ca\/wp-json\/wp\/v2\/types\/page"}],"author":[{"embeddable":true,"href":"https:\/\/penedescoworking.com\/ca\/wp-json\/wp\/v2\/users\/2"}],"replies":[{"embeddable":true,"href":"https:\/\/penedescoworking.com\/ca\/wp-json\/wp\/v2\/comments?post=2225"}],"version-history":[{"count":6,"href":"https:\/\/penedescoworking.com\/ca\/wp-json\/wp\/v2\/pages\/2225\/revisions"}],"predecessor-version":[{"id":5068,"href":"https:\/\/penedescoworking.com\/ca\/wp-json\/wp\/v2\/pages\/2225\/revisions\/5068"}],"wp:attachment":[{"href":"https:\/\/penedescoworking.com\/ca\/wp-json\/wp\/v2\/media?parent=2225"}],"curies":[{"name":"wp","href":"https:\/\/api.w.org\/{rel}","templated":true}]}}