{"id":2207,"date":"2022-12-21T17:10:19","date_gmt":"2022-12-21T16:10:19","guid":{"rendered":"http:\/\/penedescoworking.com\/?page_id=2207"},"modified":"2026-01-30T13:03:17","modified_gmt":"2026-01-30T12:03:17","slug":"normativa","status":"publish","type":"page","link":"https:\/\/penedescoworking.com\/ca\/normativa\/","title":{"rendered":"Normativa"},"content":{"rendered":"<p>[et_pb_section fb_built=&#8221;1&#8243; custom_padding_last_edited=&#8221;on|phone&#8221; admin_label=&#8221;Header&#8221; _builder_version=&#8221;4.27.3&#8243; _module_preset=&#8221;default&#8221; use_background_color_gradient=&#8221;on&#8221; background_color_gradient_stops=&#8221;rgba(0,0,0,0.61) 0%|rgba(0,0,0,0.79) 100%&#8221; background_color_gradient_overlays_image=&#8221;on&#8221; background_color_gradient_start=&#8221;rgba(0,0,0,0.79)&#8221; background_color_gradient_end=&#8221;rgba(0,0,0,0.79)&#8221; background_image=&#8221;https:\/\/penedescoworking.com\/wp-content\/uploads\/2024\/11\/coworking-A-2-scaled.jpeg&#8221; custom_padding=&#8221;140px||140px||true|false&#8221; custom_padding_tablet=&#8221;100px||100px||true|false&#8221; custom_padding_phone=&#8221;60px||60px||true|false&#8221; global_colors_info=&#8221;{}&#8221;][et_pb_row _builder_version=&#8221;4.16&#8243; _module_preset=&#8221;default&#8221; global_colors_info=&#8221;{}&#8221;][et_pb_column type=&#8221;4_4&#8243; _builder_version=&#8221;4.16&#8243; _module_preset=&#8221;default&#8221; global_colors_info=&#8221;{}&#8221;][et_pb_text _builder_version=&#8221;4.27.5&#8243; _module_preset=&#8221;default&#8221; header_2_font=&#8221;Poppins|800|||||||&#8221; header_2_font_size=&#8221;60px&#8221; header_2_line_height=&#8221;1.4em&#8221; background_enable_color=&#8221;off&#8221; background_layout=&#8221;dark&#8221; max_width=&#8221;80%&#8221; max_width_tablet=&#8221;100%&#8221; max_width_phone=&#8221;&#8221; max_width_last_edited=&#8221;on|tablet&#8221; hover_enabled=&#8221;0&#8243; header_2_font_size_tablet=&#8221;40px&#8221; header_2_font_size_phone=&#8221;25px&#8221; header_2_font_size_last_edited=&#8221;on|phone&#8221; locked=&#8221;off&#8221; global_colors_info=&#8221;{}&#8221; sticky_enabled=&#8221;0&#8243;]<\/p>\n<h1>Normativa<\/h1>\n<p>[\/et_pb_text][et_pb_text _builder_version=&#8221;4.20.4&#8243; _module_preset=&#8221;default&#8221; text_font=&#8221;|600|||||||&#8221; text_font_size=&#8221;18px&#8221; text_line_height=&#8221;1.8em&#8221; background_enable_color=&#8221;off&#8221; background_layout=&#8221;dark&#8221; max_width=&#8221;60%&#8221; max_width_tablet=&#8221;100%&#8221; max_width_phone=&#8221;&#8221; max_width_last_edited=&#8221;on|tablet&#8221; custom_margin=&#8221;|||20%|false|false&#8221; custom_margin_tablet=&#8221;|||0%|false|false&#8221; custom_margin_phone=&#8221;&#8221; custom_margin_last_edited=&#8221;on|tablet&#8221; custom_padding=&#8221;||||false|false&#8221; locked=&#8221;off&#8221; global_colors_info=&#8221;{}&#8221;]<\/p>\n<p>Aqu\u00ed us exposem les regles d&#8217;us de Pened\u00e8s Coworking. No s\u00f3n est\u00e0tiques i pot ser que vagin canviant en el futur.<\/p>\n<p>[\/et_pb_text][\/et_pb_column][\/et_pb_row][\/et_pb_section][et_pb_section fb_built=&#8221;1&#8243; admin_label=&#8221;Features&#8221; _builder_version=&#8221;4.16&#8243; _module_preset=&#8221;default&#8221; background_color=&#8221;#f1f1f1&#8243; background_image=&#8221;https:\/\/penedescoworking.com\/wp-content\/uploads\/2022\/12\/co-working-space-52-1.png&#8221; global_colors_info=&#8221;{}&#8221;][et_pb_row _builder_version=&#8221;4.19.4&#8243; _module_preset=&#8221;default&#8221; custom_padding=&#8221;76px|||||&#8221; global_colors_info=&#8221;{}&#8221;][et_pb_column type=&#8221;4_4&#8243; _builder_version=&#8221;4.19.4&#8243; _module_preset=&#8221;default&#8221; global_colors_info=&#8221;{}&#8221;][et_pb_text _builder_version=&#8221;4.19.4&#8243; _module_preset=&#8221;default&#8221; global_colors_info=&#8221;{}&#8221;]<\/p>\n<h3>Acc\u00e9s i Seguretat<\/h3>\n<p>[\/et_pb_text][et_pb_text ol_position=&#8221;outside&#8221; ol_item_indent=&#8221;7px&#8221; _builder_version=&#8221;4.27.4&#8243; _module_preset=&#8221;default&#8221; text_font_size=&#8221;18px&#8221; text_line_height=&#8221;1.8em&#8221; ol_font_size=&#8221;16px&#8221; ol_line_height=&#8221;1.6em&#8221; global_colors_info=&#8221;{}&#8221;]<\/p>\n<ol>\n<li><b>Acc\u00e9s<\/b><span style=\"font-weight: 400;\">: Els usuaris de Pened\u00e8s Coworking tenen acc\u00e9s de dilluns a divendres durant l\u2019horari establert (de 8:00 a 20:00 hores). Disposem de sales de confer\u00e8ncies i oficines privades segons disponibilitat i pr\u00e8via reserva.<\/span><\/li>\n<li><b>Cura dels b\u00e9ns:<\/b><span style=\"font-weight: 400;\"> S\u2019hauran de cuidar correctament tots els elements, aix\u00ed com els equips, instal\u00b7lacions i accessoris d\u2019aquest, que utilitzi. No es modificar\u00e0 cap element de Pened\u00e8s Coworking sense autoritzaci\u00f3 pr\u00e8via.<\/span><\/li>\n<li><b>Aplicaci\u00f3 d\u2019acc\u00e9s: <\/b><span style=\"font-weight: 400;\">L\u2019acc\u00e9s a les instal\u00b7lacions es realitza mitjan\u00e7ant una aplicaci\u00f3 m\u00f2bil, que permet entrar i sortir del coworking de manera segura. Les credencials d\u2019acc\u00e9s s\u00f3n personals i intransferibles i estan vinculades a l\u2019\u00fas del servei.<\/span><\/li>\n<li><b>Seguretat<\/b><span style=\"font-weight: 400;\">: Per motius de seguretat, no es deixaran obertes les portes i finestres del centre, portes de sortida i\/o emerg\u00e8ncia durant l\u2019horari d\u2019obertura ni fora del dit horari. Nom\u00e9s es podran utilitzar les zones comunit\u00e0ries amb el nostre consentiment i aquestes zones s\u2019hauran de mantenir netes i ordenades en tot moment.<\/span><\/li>\n<li><b>No est\u00e0 perm\u00e8s emmagatzemar<\/b><span style=\"font-weight: 400;\"> o utilitzar al centre, cap equip inform\u00e0tic (a excepci\u00f3 d\u2019ordinadors personals i perif\u00e8rics relacionats) o una altra maquin\u00e0ria de gran mida, equips de reproducci\u00f3, equips de calefacci\u00f3, m\u00e0quines expenedores o altres m\u00e0quines de qualsevol ordre que no siguin pr\u00f2pies del centre.<\/span><\/li>\n<li><b>No podr\u00e0 desenvolupar cap activitat mec\u00e0nica<\/b><span style=\"font-weight: 400;\"> al centre ni cuinar-hi fora de l\u2019espai de l\u2019office.<\/span><\/li>\n<li><span style=\"font-weight: 400;\">No s\u2019introduiran a Pened\u00e8s Coworking <\/span><b>explosius<\/b><span style=\"font-weight: 400;\"> o altres articles que es considerin perillosos.<\/span><\/li>\n<li><span style=\"font-weight: 400;\">Queda prohibit l\u2019\u00fas de <\/span><b>gasos, olors o l\u00edquids<\/b><span style=\"font-weight: 400;\"> que resultin desagradables.<\/span><\/li>\n<li><b>El corrent el\u00e8ctric<\/b><span style=\"font-weight: 400;\"> \u00fanicament s\u2019utilitzar\u00e0 per a la il\u00b7luminaci\u00f3 normal de les estances i per a l\u2019alimentaci\u00f3 d\u2019ordinadors personals i altres dispositius de mida petita.<\/span><\/li>\n<li><b>Es prohibeix l\u2019entrada d\u2019animals<\/b><span style=\"font-weight: 400;\"> al centre, a excepci\u00f3 d\u2019animals d\u2019ajuda.<\/span><\/li>\n<li><span style=\"font-weight: 400;\">No s\u2019ocupar\u00e0 ni s\u2019utilitzar\u00e0 cap part de Pened\u00e8s Coworking per a la fabricaci\u00f3, venda, oferta o <\/span><b>consum d\u2019alcohol, estupefaents o tabac<\/b><span style=\"font-weight: 400;\"> de cap mena.<\/span><\/li>\n<li><span style=\"font-weight: 400;\">No es col\u00b7locaran cap tipus de <\/span><b>panys<\/b><span style=\"font-weight: 400;\"> o forrellats addicionals a les portes o finestres.<\/span><\/li>\n<li><span style=\"font-weight: 400;\">Tots els <\/span><b>b\u00e9ns de propietat<\/b><span style=\"font-weight: 400;\"> o de qualsevol dels empleats, representants o convidats seran responsabilitat exclusiva del propietari sense que nosaltres assumim cap responsabilitat en cas que es produeixin danys en relaci\u00f3 amb aquests b\u00e9ns o en cas de robatori o apropiaci\u00f3 indeguda dels mateixos.<\/span><\/li>\n<\/ol>\n<p>[\/et_pb_text][et_pb_text _builder_version=&#8221;4.19.4&#8243; _module_preset=&#8221;default&#8221; global_colors_info=&#8221;{}&#8221;]<\/p>\n<h3>Altres<\/h3>\n<p>[\/et_pb_text][et_pb_text ol_position=&#8221;outside&#8221; ol_item_indent=&#8221;7px&#8221; _builder_version=&#8221;4.27.4&#8243; _module_preset=&#8221;default&#8221; text_font_size=&#8221;18px&#8221; text_line_height=&#8221;1.8em&#8221; ol_font_size=&#8221;16px&#8221; ol_line_height=&#8221;1.6em&#8221; global_colors_info=&#8221;{}&#8221;]<\/p>\n<ol>\n<li style=\"font-weight: 400;\" aria-level=\"1\"><b>Fumar: <\/b><span style=\"font-weight: 400;\">Queda prohibit fumar (nicotina, electr\u00f2nics, vapejar, etc) a totes les zones p\u00fabliques, entre les quals s\u2019inclouen les sales de reunions i de formaci\u00f3, les zones exteriors pr\u00f2pies de la instal\u00b7laci\u00f3, acc\u00e9s d\u2019escales i zones del darrere.<\/span><\/li>\n<li style=\"font-weight: 400;\" aria-level=\"1\"><b>L\u2019adre\u00e7a del nostre edifici <\/b><span style=\"font-weight: 400;\">es pot fer servir com una adre\u00e7a d\u2019empresa registrada \u00fanicament mentre hi hagi un acord de servei actiu i signat per part nostra.<\/span><\/li>\n<li style=\"font-weight: 400;\" aria-level=\"1\"><b>Provisi\u00f3 de fons\/dip\u00f2sit:<\/b><span style=\"font-weight: 400;\"> Per als clients del centre ser\u00e0 una mensualitat de renda que es mantindr\u00e0 i actualitzar\u00e0 corresponentment durant la vig\u00e8ncia del contracte.<\/span><\/li>\n<li style=\"font-weight: 400;\" aria-level=\"1\"><b>Acc\u00e9s posterior al centre<\/b><span style=\"font-weight: 400;\">: Queda prohibit l\u2019acc\u00e9s i l\u2019\u00fas de la sortida d\u2019emerg\u00e8ncia al centre. Aquesta sortida d\u2019emerg\u00e8ncia s\u2019utilitzar\u00e0 exclusivament per a la seva fi, c\u00e0rrega\/desc\u00e0rrega de mercaderies i casos de for\u00e7a major.<\/span><\/li>\n<li style=\"font-weight: 400;\" aria-level=\"1\"><b>Aparcament<\/b><span style=\"font-weight: 400;\">: Queda prohibit aparcar a l\u2019acc\u00e9s posterior del centre de planta primera. A excepci\u00f3 de l\u2019\u00fas de c\u00e0rrega i desc\u00e0rrega de mercaderies i casos de for\u00e7a major.<\/span><\/li>\n<li style=\"font-weight: 400;\" aria-level=\"1\"><b>L\u2019\u00fas del frigor\u00edfic t\u00e9 car\u00e0cter d\u2019\u00fas diari<\/b><span style=\"font-weight: 400;\">. S\u2019eliminaran i es netejaran di\u00e0riament al final de cada jornada de treball.<\/span><\/li>\n<li style=\"font-weight: 400;\" aria-level=\"1\"><span style=\"font-weight: 400;\">El nostre <\/span><b>Internet i telecomunicacions<\/b><span style=\"font-weight: 400;\">: El nostre servei d\u2019Internet us ofereix una connexi\u00f3 a Internet per a una activitat empresarial habitual, tal com la navegaci\u00f3 web, aix\u00ed com<\/span><span style=\"font-weight: 400;\"><br \/><\/span><span style=\"font-weight: 400;\">la capacitat d\u2019enviar i rebre comunicacions electr\u00f2niques i accedir a aplicacions de negoci, entre d\u2019altres. Nosaltres no supervisem el contingut de la informaci\u00f3 transmesa a trav\u00e9s de les nostres l\u00ednies de telecomunicacions o equips i no acceptem cap responsabilitat pel contingut de les transmissions que vost\u00e8 realitzi.<\/span><span style=\"font-weight: 400;\">\n<p><\/span><\/li>\n<\/ol>\n<p><span style=\"font-weight: 400;\">El nostre servei d\u2019Internet nom\u00e9s es podr\u00e0 utilitzar amb finalitats legals i no s\u2019haur\u00e0 de vincular a cap infracci\u00f3 penal o civil de les legislacions, normatives i altres requisits governamentals estatals, federals o internacionals. El client \u00e9s responsable de mantenir la seguretat b\u00e0sica i la protecci\u00f3 contra virus dels seus sistemes per impedir que altres els utilitzin d\u2019una manera que incompleixi el contracte de serveis.<\/span><span style=\"font-weight: 400;\"><\/p>\n<p><\/span><\/p>\n<p><span style=\"font-weight: 400;\">Els nostres serveis d\u2019Internet nom\u00e9s estaran disponibles a les nostres ubicacions i la connexi\u00f3 a la nostra xarxa nom\u00e9s estar\u00e0 permesa en aquestes ubicacions. Queda prohibit crear cap enlla\u00e7 entre la nostra xarxa i qualsevol altra xarxa o servei de telecomunicacions sense el nostre consentiment.<\/span><\/p>\n<p>[\/et_pb_text][\/et_pb_column][\/et_pb_row][\/et_pb_section]<\/p>\n","protected":false},"excerpt":{"rendered":"<p>NormativaAqu\u00ed us exposem les regles d&#8217;us de Pened\u00e8s Coworking. No s\u00f3n est\u00e0tiques i pot ser que vagin canviant en el futur.Acc\u00e9s i Seguretat Acc\u00e9s: Els usuaris de Pened\u00e8s Coworking tenen acc\u00e9s de dilluns a divendres durant l\u2019horari establert (de 8:00 a 20:00 hores). Disposem de sales de confer\u00e8ncies i oficines privades segons disponibilitat i pr\u00e8via [&hellip;]<\/p>\n","protected":false},"author":2,"featured_media":0,"parent":0,"menu_order":0,"comment_status":"closed","ping_status":"closed","template":"","meta":{"_et_pb_use_builder":"on","_et_pb_old_content":"","_et_gb_content_width":"","footnotes":""},"class_list":["post-2207","page","type-page","status-publish","hentry"],"_links":{"self":[{"href":"https:\/\/penedescoworking.com\/ca\/wp-json\/wp\/v2\/pages\/2207","targetHints":{"allow":["GET"]}}],"collection":[{"href":"https:\/\/penedescoworking.com\/ca\/wp-json\/wp\/v2\/pages"}],"about":[{"href":"https:\/\/penedescoworking.com\/ca\/wp-json\/wp\/v2\/types\/page"}],"author":[{"embeddable":true,"href":"https:\/\/penedescoworking.com\/ca\/wp-json\/wp\/v2\/users\/2"}],"replies":[{"embeddable":true,"href":"https:\/\/penedescoworking.com\/ca\/wp-json\/wp\/v2\/comments?post=2207"}],"version-history":[{"count":8,"href":"https:\/\/penedescoworking.com\/ca\/wp-json\/wp\/v2\/pages\/2207\/revisions"}],"predecessor-version":[{"id":5135,"href":"https:\/\/penedescoworking.com\/ca\/wp-json\/wp\/v2\/pages\/2207\/revisions\/5135"}],"wp:attachment":[{"href":"https:\/\/penedescoworking.com\/ca\/wp-json\/wp\/v2\/media?parent=2207"}],"curies":[{"name":"wp","href":"https:\/\/api.w.org\/{rel}","templated":true}]}}