{"id":2019,"date":"2022-12-15T12:19:39","date_gmt":"2022-12-15T11:19:39","guid":{"rendered":"http:\/\/penedescoworking.com\/?page_id=2019"},"modified":"2024-10-31T10:20:20","modified_gmt":"2024-10-31T09:20:20","slug":"reserva","status":"publish","type":"page","link":"https:\/\/penedescoworking.com\/ca\/reserva\/","title":{"rendered":"Vull un espai"},"content":{"rendered":"<p>[et_pb_section fb_built=&#8221;1&#8243; admin_label=&#8221;Header&#8221; _builder_version=&#8221;4.16&#8243; _module_preset=&#8221;default&#8221; background_color=&#8221;#f1f1f1&#8243; locked=&#8221;off&#8221; global_colors_info=&#8221;{}&#8221;][et_pb_row _builder_version=&#8221;4.16&#8243; _module_preset=&#8221;default&#8221; global_colors_info=&#8221;{}&#8221;][et_pb_column type=&#8221;4_4&#8243; _builder_version=&#8221;4.16&#8243; _module_preset=&#8221;default&#8221; global_colors_info=&#8221;{}&#8221;][et_pb_text _builder_version=&#8221;4.16&#8243; _module_preset=&#8221;default&#8221; header_font=&#8221;Poppins|800|||||||&#8221; header_text_color=&#8221;#000000&#8243; header_font_size=&#8221;60px&#8221; header_line_height=&#8221;1.4em&#8221; background_enable_color=&#8221;off&#8221; header_font_size_tablet=&#8221;40px&#8221; header_font_size_phone=&#8221;25px&#8221; header_font_size_last_edited=&#8221;on|phone&#8221; locked=&#8221;off&#8221; global_colors_info=&#8221;{}&#8221;]<\/p>\n<h1>Vull un espai<\/h1>\n<p>[\/et_pb_text][\/et_pb_column][\/et_pb_row][et_pb_row _builder_version=&#8221;4.21.0&#8243; _module_preset=&#8221;default&#8221; custom_padding=&#8221;3px|||||&#8221; global_colors_info=&#8221;{}&#8221;][et_pb_column type=&#8221;4_4&#8243; _builder_version=&#8221;4.21.0&#8243; _module_preset=&#8221;default&#8221; global_colors_info=&#8221;{}&#8221;][et_pb_text _builder_version=&#8221;4.21.0&#8243; _module_preset=&#8221;default&#8221; text_font_size=&#8221;19px&#8221; background_color=&#8221;#FFFFFF&#8221; custom_padding=&#8221;40px|40px|40px|40px|true|true&#8221; global_colors_info=&#8221;{}&#8221;]<\/p>\n<p>Reservar un espai a Pened\u00e8s Coworking <strong>\u00e9s molt f\u00e0cil<\/strong> i directe!<\/p>\n<p><strong>Omple el seg\u00fcent formulari<\/strong>, nom\u00e9s has d&#8217;escollir qu\u00e8 necessites, si \u00e9s de forma mensual o puntual, introdueixes les teves dades, fas el pagament i bum! Ja pots accedir al coworking.<\/p>\n<p>Nom\u00e9s haur\u00e0s de recollir<strong> la teva nova targeta d&#8217;acc\u00e9s<\/strong> i ja est\u00e0, aix\u00ed de f\u00e0cil!<\/p>\n<p>[\/et_pb_text][\/et_pb_column][\/et_pb_row][et_pb_row column_structure=&#8221;3_5,2_5&#8243; use_custom_gutter=&#8221;on&#8221; gutter_width=&#8221;4&#8243; _builder_version=&#8221;4.16&#8243; _module_preset=&#8221;default&#8221; global_colors_info=&#8221;{}&#8221;][et_pb_column type=&#8221;3_5&#8243; _builder_version=&#8221;4.16&#8243; _module_preset=&#8221;default&#8221; custom_padding=&#8221;|60px|||false|false&#8221; custom_padding_tablet=&#8221;|0px|||false|false&#8221; custom_padding_phone=&#8221;&#8221; custom_padding_last_edited=&#8221;on|tablet&#8221; border_color_all=&#8221;rgba(51,51,51,0.24)&#8221; border_width_right=&#8221;1px&#8221; border_width_right_tablet=&#8221;0px&#8221; border_width_right_phone=&#8221;&#8221; border_width_right_last_edited=&#8221;on|tablet&#8221; global_colors_info=&#8221;{}&#8221;][et_pb_code _builder_version=&#8221;4.24.0&#8243; _module_preset=&#8221;default&#8221; global_colors_info=&#8221;{}&#8221;]\n<div class=\"wpcf7 no-js\" id=\"wpcf7-f3341-o1\" lang=\"ca\" dir=\"ltr\" data-wpcf7-id=\"3341\">\n<div class=\"screen-reader-response\"><p role=\"status\" aria-live=\"polite\" aria-atomic=\"true\"><\/p> <ul><\/ul><\/div>\n<form action=\"\/ca\/wp-json\/wp\/v2\/pages\/2019#wpcf7-f3341-o1\" method=\"post\" class=\"wpcf7-form init\" aria-label=\"Formulari de contacte\" novalidate=\"novalidate\" data-status=\"init\">\n<fieldset class=\"hidden-fields-container\"><input type=\"hidden\" name=\"_wpcf7\" value=\"3341\" \/><input type=\"hidden\" name=\"_wpcf7_version\" value=\"6.1.4\" \/><input type=\"hidden\" name=\"_wpcf7_locale\" value=\"ca\" \/><input type=\"hidden\" name=\"_wpcf7_unit_tag\" value=\"wpcf7-f3341-o1\" \/><input type=\"hidden\" name=\"_wpcf7_container_post\" value=\"0\" \/><input type=\"hidden\" name=\"_wpcf7_posted_data_hash\" value=\"\" \/><input type=\"hidden\" name=\"_wpcf7_recaptcha_response\" value=\"\" \/>\n<\/fieldset>\n<p><label> Nom i cognoms *<br \/>\n<span class=\"wpcf7-form-control-wrap\" data-name=\"your-name\"><input size=\"40\" maxlength=\"400\" class=\"wpcf7-form-control wpcf7-text wpcf7-validates-as-required\" autocomplete=\"name\" aria-required=\"true\" aria-invalid=\"false\" value=\"\" type=\"text\" name=\"your-name\" \/><\/span> <\/label>\n<\/p>\n<p><label> Correu electr\u00f2nic<br \/>\n<span class=\"wpcf7-form-control-wrap\" data-name=\"your-email\"><input size=\"40\" maxlength=\"400\" class=\"wpcf7-form-control wpcf7-email wpcf7-validates-as-required wpcf7-text wpcf7-validates-as-email\" autocomplete=\"email\" aria-required=\"true\" aria-invalid=\"false\" value=\"\" type=\"email\" name=\"your-email\" \/><\/span> <\/label>\n<\/p>\n<p><label> Tel\u00e8fon<br \/>\n<span class=\"wpcf7-form-control-wrap\" data-name=\"your-tel\"><input size=\"40\" maxlength=\"400\" class=\"wpcf7-form-control wpcf7-tel wpcf7-validates-as-required wpcf7-text wpcf7-validates-as-tel\" autocomplete=\"tel\" aria-required=\"true\" aria-invalid=\"false\" value=\"\" type=\"tel\" name=\"your-tel\" \/><\/span> <\/label>\n<\/p>\n<p><span class=\"wpcf7-form-control-wrap\" data-name=\"factura\"><span class=\"wpcf7-form-control wpcf7-acceptance optional\"><span class=\"wpcf7-list-item\"><label><input type=\"checkbox\" name=\"factura\" value=\"1\" class=\"factura\" id=\"factura\" aria-invalid=\"false\" \/><span class=\"wpcf7-list-item-label\">Necessites factura?<\/span><\/label><\/span><\/span><\/span>\n<\/p>\n<p><label> Dades de la factura: empresa, DNI\/NIF\/CIF i Direcci\u00f3 de facturaci\u00f3<br \/>\n<span class=\"wpcf7-form-control-wrap\" data-name=\"your-dades\"><textarea cols=\"40\" rows=\"10\" maxlength=\"2000\" class=\"wpcf7-form-control wpcf7-textarea\" aria-invalid=\"false\" name=\"your-dades\"><\/textarea><\/span> <\/label>\n<\/p>\n<p>Qu\u00e8 necessites?<br \/>\n<label><span class=\"wpcf7-form-control-wrap\" data-name=\"lloguer\"><select class=\"wpcf7-form-control wpcf7-select wpcf7-validates-as-required\" aria-required=\"true\" aria-invalid=\"false\" name=\"lloguer\"><option value=\"Lloguer mensual\">Lloguer mensual<\/option><option value=\"Lloguer puntual\">Lloguer puntual<\/option><\/select><\/span> <\/label>\n<\/p>\n<p>Quin espai t'interessaria?<br \/>\n<label><span class=\"wpcf7-form-control-wrap\" data-name=\"espai\"><textarea cols=\"40\" rows=\"10\" maxlength=\"2000\" class=\"wpcf7-form-control wpcf7-textarea\" aria-invalid=\"false\" name=\"espai\"><\/textarea><\/span><\/label>\n<\/p>\n<p>Quin dia?<br \/>\n<label><span class=\"wpcf7-form-control-wrap\" data-name=\"data\"><input class=\"wpcf7-form-control wpcf7-date wpcf7-validates-as-required wpcf7-validates-as-date\" aria-required=\"true\" aria-invalid=\"false\" value=\"\" type=\"date\" name=\"data\" \/><\/span><\/label>\n<\/p>\n<p><label> Vols comentar-nos alguna cosa?<br \/>\n<span class=\"wpcf7-form-control-wrap\" data-name=\"your-message\"><textarea cols=\"40\" rows=\"10\" maxlength=\"2000\" class=\"wpcf7-form-control wpcf7-textarea\" aria-invalid=\"false\" name=\"your-message\"><\/textarea><\/span> <\/label>\n<\/p>\n<p><span class=\"wpcf7-form-control-wrap\" data-name=\"RGPD\"><span class=\"wpcf7-form-control wpcf7-checkbox wpcf7-validates-as-required\"><span class=\"wpcf7-list-item first last\"><label><input type=\"checkbox\" name=\"RGPD[]\" value=\"Accepto la Pol\u00edtica de Privacitat\" \/><span class=\"wpcf7-list-item-label\">Accepto la Pol\u00edtica de Privacitat<\/span><\/label><\/span><\/span><\/span><br \/>\n<br \/>\n<label><input class=\"wpcf7-form-control wpcf7-submit has-spinner\" type=\"submit\" value=\"Enviar\" \/><\/label>\n<\/p><div class=\"wpcf7-response-output\" aria-hidden=\"true\"><\/div>\n<\/form>\n<\/div>\n[\/et_pb_code][\/et_pb_column][et_pb_column type=&#8221;2_5&#8243; _builder_version=&#8221;4.16&#8243; _module_preset=&#8221;default&#8221; global_colors_info=&#8221;{}&#8221;][et_pb_text _builder_version=&#8221;4.19.3&#8243; header_3_font=&#8221;Open Sans|700|||||||&#8221; header_3_font_size=&#8221;18px&#8221; header_3_line_height=&#8221;1.2em&#8221; background_enable_color=&#8221;off&#8221; custom_margin=&#8221;||12px||false|false&#8221; header_3_font_size_tablet=&#8221;14px&#8221; header_3_font_size_phone=&#8221;&#8221; header_3_font_size_last_edited=&#8221;on|phone&#8221; locked=&#8221;off&#8221; global_colors_info=&#8221;{}&#8221;]<\/p>\n<h3>Truca&#8217;ns<\/h3>\n<p>Tens dubtes? Vols que t&#8217;expliquem alguna cosa en m\u00e9s detall? Ens pots trucar de 8 del mat\u00ed a 8 del vespre i et respondrem totes les preguntes que tinguis.<\/p>\n<p>[\/et_pb_text][et_pb_blurb title=&#8221; 624 684 421&#8243; use_icon=&#8221;on&#8221; font_icon=&#8221;&#xe090;||divi||400&#8243; icon_color=&#8221;#ea6c01&#8243; image_icon_background_color=&#8221;rgba(234,108,1,0.11)&#8221; icon_placement=&#8221;left&#8221; image_icon_width=&#8221;14px&#8221; content_max_width=&#8221;100%&#8221; _builder_version=&#8221;4.27.2&#8243; _module_preset=&#8221;default&#8221; header_font=&#8221;Poppins|600|||||||&#8221; header_text_color=&#8221;#fd6927&#8243; header_font_size=&#8221;13px&#8221; header_line_height=&#8221;2em&#8221; image_icon_custom_padding=&#8221;8px|8px|8px|8px|false|false&#8221; animation=&#8221;off&#8221; hover_enabled=&#8221;0&#8243; border_radii_image=&#8221;on|100%|100%|100%|100%&#8221; icon_font_size=&#8221;14px&#8221; use_circle=&#8221;on&#8221; circle_color=&#8221;rgba(234,108,1,0.11)&#8221; locked=&#8221;off&#8221; global_colors_info=&#8221;{}&#8221; image_icon_background_color__sticky_enabled=&#8221;#7EBEC5&#8243; image_icon_background_color__sticky=&#8221;#7EBEC5&#8243; url=&#8221;tel: 624 684 421&#8243; sticky_enabled=&#8221;0&#8243;][\/et_pb_blurb][et_pb_text _builder_version=&#8221;4.16&#8243; header_3_font=&#8221;Open Sans|700|||||||&#8221; header_3_font_size=&#8221;18px&#8221; header_3_line_height=&#8221;1.2em&#8221; background_enable_color=&#8221;off&#8221; custom_margin=&#8221;||12px||false|false&#8221; header_3_font_size_tablet=&#8221;14px&#8221; header_3_font_size_phone=&#8221;&#8221; header_3_font_size_last_edited=&#8221;on|phone&#8221; locked=&#8221;off&#8221; global_colors_info=&#8221;{}&#8221;]<\/p>\n<h3>Visita&#8217;ns<\/h3>\n<p>Vols veure el coworking abans de reservar? Vine i te l&#8217;ensenyarem i de passada et respondrem els dubtes que tinguis. Avisa&#8217;ns per tel\u00e8fon.<\/p>\n<p>[\/et_pb_text][et_pb_blurb title=&#8221;Av. Vilafranca del Pened\u00e8s, 11B, 08799 Sant Pere Molanta, Barcelona&#8221; use_icon=&#8221;on&#8221; font_icon=&#8221;&#xe081;||divi||400&#8243; icon_color=&#8221;#ea6c01&#8243; image_icon_background_color=&#8221;rgba(234,108,1,0.11)&#8221; icon_placement=&#8221;left&#8221; image_icon_width=&#8221;14px&#8221; content_max_width=&#8221;100%&#8221; _builder_version=&#8221;4.19.3&#8243; _module_preset=&#8221;default&#8221; header_font=&#8221;Poppins|600|||||||&#8221; header_text_color=&#8221;#fd6927&#8243; header_font_size=&#8221;13px&#8221; header_line_height=&#8221;2em&#8221; image_icon_custom_padding=&#8221;8px|8px|8px|8px|false|false&#8221; animation=&#8221;off&#8221; border_radii_image=&#8221;on|100%|100%|100%|100%&#8221; icon_font_size=&#8221;14px&#8221; use_circle=&#8221;on&#8221; circle_color=&#8221;rgba(234,108,1,0.11)&#8221; locked=&#8221;off&#8221; global_colors_info=&#8221;{}&#8221; image_icon_background_color__sticky_enabled=&#8221;#7EBEC5&#8243; image_icon_background_color__sticky=&#8221;#7EBEC5&#8243;][\/et_pb_blurb][et_pb_text _builder_version=&#8221;4.16&#8243; header_3_font=&#8221;Open Sans|700|||||||&#8221; header_3_font_size=&#8221;18px&#8221; header_3_line_height=&#8221;1.2em&#8221; background_enable_color=&#8221;off&#8221; custom_margin=&#8221;||12px||false|false&#8221; header_3_font_size_tablet=&#8221;14px&#8221; header_3_font_size_phone=&#8221;&#8221; header_3_font_size_last_edited=&#8221;on|phone&#8221; locked=&#8221;off&#8221; global_colors_info=&#8221;{}&#8221;]<\/p>\n<h3>Xat en viu<\/h3>\n<p>Si ho prefereixes et podem resoldre els teus dubtes o inquietuds directament des del xat en viu.<\/p>\n<p>[\/et_pb_text][et_pb_blurb title=&#8221;Comen\u00e7ar a xatejar&#8221; url=&#8221;https:\/\/wa.me\/624684421&#8243; use_icon=&#8221;on&#8221; font_icon=&#8221;&#xe066;||divi||400&#8243; icon_color=&#8221;#ea6c01&#8243; image_icon_background_color=&#8221;rgba(234,108,1,0.11)&#8221; icon_placement=&#8221;left&#8221; image_icon_width=&#8221;14px&#8221; content_max_width=&#8221;100%&#8221; _builder_version=&#8221;4.27.2&#8243; _module_preset=&#8221;default&#8221; header_font=&#8221;Poppins|600|||||||&#8221; header_text_color=&#8221;#fd6927&#8243; header_font_size=&#8221;13px&#8221; header_line_height=&#8221;2em&#8221; image_icon_custom_padding=&#8221;8px|8px|8px|8px|false|false&#8221; animation=&#8221;off&#8221; border_radii_image=&#8221;on|100%|100%|100%|100%&#8221; icon_font_size=&#8221;14px&#8221; use_circle=&#8221;on&#8221; circle_color=&#8221;rgba(234,108,1,0.11)&#8221; locked=&#8221;off&#8221; global_colors_info=&#8221;{}&#8221; image_icon_background_color__sticky_enabled=&#8221;#7EBEC5&#8243; image_icon_background_color__sticky=&#8221;#7EBEC5&#8243;][\/et_pb_blurb][\/et_pb_column][\/et_pb_row][et_pb_row _builder_version=&#8221;4.19.3&#8243; _module_preset=&#8221;default&#8221; global_colors_info=&#8221;{}&#8221;][et_pb_column type=&#8221;4_4&#8243; _builder_version=&#8221;4.19.3&#8243; _module_preset=&#8221;default&#8221; global_colors_info=&#8221;{}&#8221;][\/et_pb_column][\/et_pb_row][\/et_pb_section][et_pb_section fb_built=&#8221;1&#8243; admin_label=&#8221;Map&#8221; _builder_version=&#8221;4.16&#8243; _module_preset=&#8221;default&#8221; background_color=&#8221;#f1f1f1&#8243; background_enable_image=&#8221;off&#8221; background_size=&#8221;contain&#8221; global_colors_info=&#8221;{}&#8221;][et_pb_row _builder_version=&#8221;4.16&#8243; _module_preset=&#8221;default&#8221; global_colors_info=&#8221;{}&#8221;][et_pb_column type=&#8221;4_4&#8243; _builder_version=&#8221;4.16&#8243; _module_preset=&#8221;default&#8221; global_colors_info=&#8221;{}&#8221;][et_pb_map address=&#8221;Av. Vilafranca del Pened\u00e8s, 11, 08720 Vilafranca del Pened\u00e8s, Barcelona, Spain&#8221; zoom_level=&#8221;12&#8243; address_lat=&#8221;41.3525556&#8243; address_lng=&#8221;1.7301802&#8243; mouse_wheel=&#8221;off&#8221; _builder_version=&#8221;4.19.3&#8243; module_alignment=&#8221;right&#8221; filter_saturate=&#8221;0%&#8221; filter_brightness=&#8221;90%&#8221; filter_contrast=&#8221;110%&#8221; border_radii=&#8221;on|20px|20px|20px|20px&#8221; global_colors_info=&#8221;{}&#8221;][et_pb_map_pin title=&#8221;Pened\u00e8s Coworking&#8221; pin_address=&#8221;Av. Vilafranca del Pened\u00e8s, 11, 08720 Vilafranca del Pened\u00e8s, Barcelona, Spain&#8221; pin_address_lat=&#8221;41.3525556&#8243; pin_address_lng=&#8221;1.7301802&#8243; _builder_version=&#8221;4.19.3&#8243; global_colors_info=&#8221;{}&#8221;][\/et_pb_map_pin][\/et_pb_map][\/et_pb_column][\/et_pb_row][\/et_pb_section]<\/p>\n","protected":false},"excerpt":{"rendered":"<p>Vull un espaiReservar un espai a Pened\u00e8s Coworking \u00e9s molt f\u00e0cil i directe! Omple el seg\u00fcent formulari, nom\u00e9s has d&#8217;escollir qu\u00e8 necessites, si \u00e9s de forma mensual o puntual, introdueixes les teves dades, fas el pagament i bum! Ja pots accedir al coworking. Nom\u00e9s haur\u00e0s de recollir la teva nova targeta d&#8217;acc\u00e9s i ja est\u00e0, [&hellip;]<\/p>\n","protected":false},"author":2,"featured_media":0,"parent":0,"menu_order":0,"comment_status":"closed","ping_status":"closed","template":"","meta":{"_et_pb_use_builder":"on","_et_pb_old_content":"","_et_gb_content_width":"","footnotes":""},"class_list":["post-2019","page","type-page","status-publish","hentry"],"_links":{"self":[{"href":"https:\/\/penedescoworking.com\/ca\/wp-json\/wp\/v2\/pages\/2019","targetHints":{"allow":["GET"]}}],"collection":[{"href":"https:\/\/penedescoworking.com\/ca\/wp-json\/wp\/v2\/pages"}],"about":[{"href":"https:\/\/penedescoworking.com\/ca\/wp-json\/wp\/v2\/types\/page"}],"author":[{"embeddable":true,"href":"https:\/\/penedescoworking.com\/ca\/wp-json\/wp\/v2\/users\/2"}],"replies":[{"embeddable":true,"href":"https:\/\/penedescoworking.com\/ca\/wp-json\/wp\/v2\/comments?post=2019"}],"version-history":[{"count":5,"href":"https:\/\/penedescoworking.com\/ca\/wp-json\/wp\/v2\/pages\/2019\/revisions"}],"predecessor-version":[{"id":4106,"href":"https:\/\/penedescoworking.com\/ca\/wp-json\/wp\/v2\/pages\/2019\/revisions\/4106"}],"wp:attachment":[{"href":"https:\/\/penedescoworking.com\/ca\/wp-json\/wp\/v2\/media?parent=2019"}],"curies":[{"name":"wp","href":"https:\/\/api.w.org\/{rel}","templated":true}]}}