{"id":174,"date":"2022-07-21T13:05:12","date_gmt":"2022-07-21T13:05:12","guid":{"rendered":"http:\/\/penedescoworking.com\/?page_id=174"},"modified":"2022-12-29T22:18:28","modified_gmt":"2022-12-29T21:18:28","slug":"avis-legal","status":"publish","type":"page","link":"https:\/\/penedescoworking.com\/ca\/avis-legal\/","title":{"rendered":"Av\u00eds legal"},"content":{"rendered":"<p>[et_pb_section fb_built=&#8221;1&#8243; _builder_version=&#8221;4.18.0&#8243; _module_preset=&#8221;default&#8221; global_colors_info=&#8221;{}&#8221;][et_pb_row _builder_version=&#8221;4.18.0&#8243; _module_preset=&#8221;default&#8221; global_colors_info=&#8221;{}&#8221;][et_pb_column type=&#8221;4_4&#8243; _builder_version=&#8221;4.18.0&#8243; _module_preset=&#8221;default&#8221; global_colors_info=&#8221;{}&#8221;][et_pb_post_title meta=&#8221;off&#8221; featured_image=&#8221;off&#8221; _builder_version=&#8221;4.18.0&#8243; _module_preset=&#8221;default&#8221; title_font_size=&#8221;38px&#8221; global_colors_info=&#8221;{}&#8221;][\/et_pb_post_title][et_pb_text _builder_version=&#8221;4.19.4&#8243; _module_preset=&#8221;default&#8221; hover_enabled=&#8221;0&#8243; global_colors_info=&#8221;{}&#8221; sticky_enabled=&#8221;0&#8243;]<\/p>\n<h2>IDENTITAT DEL TITULAR DEL LLOC WEB<\/h2>\n<table>\n<tbody>\n<tr>\n<th>Nom comercial<\/th>\n<td>Pened\u00e8s Coworking<\/td>\n<\/tr>\n<tr>\n<th>Denominaci\u00f3 social<\/th>\n<td><span>INMODEL 2007 S.L.U <\/span>(des d\u2019ara EL TITULAR DEL WEB)<\/td>\n<\/tr>\n<tr>\n<th>NIF<\/th>\n<td><span>B-64646128<\/span><\/td>\n<\/tr>\n<tr>\n<th>Adre\u00e7a<\/th>\n<td>\n<p style=\"font-weight: 400;\"><span>Av\/ Vilafranca del Pened\u00e8s, 11A <br \/><\/span><span>(Pol. Sant Pere Molanta) <br \/>08799 Ol\u00e8rdola (Barcelona)<\/span><\/p>\n<\/td>\n<\/tr>\n<tr>\n<th>Tel\u00e8fon<\/th>\n<td>93 892 38 02<\/td>\n<\/tr>\n<tr>\n<th>eMail<\/th>\n<td>info@penedescoworking.com<\/td>\n<\/tr>\n<\/tbody>\n<\/table>\n<h2><\/h2>\n<h2><\/h2>\n<h2>TERMES LEGALS I CONDICIONS<\/h2>\n<p>La utilitzaci\u00f3 d\u2019aquest lloc web atribueix al navegant la condici\u00f3 d\u2019usuari del lloc, la qual cosa implica l\u2019adhesi\u00f3 a les presents condicions en la versi\u00f3 publicada en el moment en qu\u00e8 es permetre l\u2019entrada. Per aix\u00f2, EL TITULAR DEL WEB recomana a l\u2019usuari llegir les mateixes atentament cada vegada que accedeixi al lloc web. L\u2019acc\u00e9s a determinats continguts oferts a trav\u00e9s d\u2019aquest lloc web pot trobar-se sotm\u00e8s a certes condicions particulars pr\u00f2pies que, segons els casos, substitueixen, completen i \/ o modifiquen aquestes condicions generals. Per tant, amb anterioritat a l\u2019acc\u00e9s i \/ o utilitzaci\u00f3 d\u2019aquests continguts, l\u2019usuari ha de llegir atentament tamb\u00e9 les corresponents condicions particulars. EL TITULAR DEL WEB podr\u00e0 alterar en qualsevol moment i sense previ av\u00eds, el disseny, presentaci\u00f3 i \/ o configuraci\u00f3 del lloc Web, aix\u00ed com alguns o tots els Continguts, i modificar les condicions generals i \/ o condicions particulars requerides per utilitzar els mateixos.<\/p>\n<h2><\/h2>\n<h2><\/h2>\n<h2>RESPONSABILITAT I GARANTIA DEL TITULAR DEL WEB<\/h2>\n<h3><\/h3>\n<h3>ACC\u00c9S<\/h3>\n<p>Amb car\u00e0cter general, els usuaris podran accedir al lloc web de forma lliure i gratu\u00efta. No obstant aix\u00f2 EL TITULAR DEL WEB es reserva acord amb la legislaci\u00f3 vigent el dret de limitar l\u2019acc\u00e9s a determinades \u00e1rees del lloc web. En aquests casos, com a requisit previ per poder accedir al servei, l\u2019Usuari haur\u00e0 de registrar-se facilitant tota la informaci\u00f2 sol.licitada, de forma actualitzada i real (vegeu pol\u00edtica de privacitat). L\u2019\u00fas de la contrasenya \u00e9s personal i intransferible, no estant permesa la cessi\u00f3, ni tan sols temporal, a tercers. En aquest sentit, l\u2019Usuari es compromet a fer un \u00e9s diligent ia mantenir en secret la mateixa, assumint tota responsabilitat per les conseq\u00fc\u00e8ncies de la seva divulgaci\u00f3 a tercers.<\/p>\n<h3><\/h3>\n<h3>CONTINGUTS<\/h3>\n<p>EL TITULAR DEL WEB es reserva el dret a interrompre l\u2019acc\u00e9s al seu lloc web, aix\u00ed com la prestaci\u00f3 de qualsevol o de tots els Continguts que es presten a trav\u00e9s del mateix en qualsevol moment i sense previ av\u00eds, ja sigui per motius t\u00e8cnics, de seguretat, de control, de manteniment, per fallades de subministrament el\u00e8ctric o per qualsevol altra causa. Aquesta interrupci\u00f3 podr\u00e0 tenir car\u00e0cter temporal o definitiu, en aquest cas es comunicar\u00e0 tal circumst\u00e0ncia als Usuaris, els quals podran sofrir la p\u00e8rdua, si escau, de la informaci\u00f3 emmagatzemada en els diferents serveis. En conseq\u00fc\u00e8ncia, EL TITULAR DEL WEB no garanteix la fiabilitat, la disponibilitat ni la continu\u00eftat del seu lloc web ni dels Continguts, tant els propis com els d\u2019altres llocs web als quals es pugui accedir mitjan\u00e7ant enlla\u00e7os, de manera que la utilitzaci\u00f3 de els mateixos per part de l\u2019Usuari es porta a terme pel seu propi compte i risc, sense que, en cap moment, puguin exigir responsabilitats a EL TITULAR DE LA WEB en aquest sentit. EL TITULAR DEL WEB no ser\u00e0 responsable de qualsevol tipus de perjudici, p\u00e8rdues, reclamacions o despeses de cap tipus, de la Informaci\u00f3 adquirida o accedida per oa trav\u00e9s del lloc web, de virus inform\u00e0tics, de fallades operatives o d\u2019interrupcions en el servei o transmissi\u00f3 , o fallades en la l\u00ednia. Queda prohibit transmetre o enviar a trav\u00e9s del lloc web qualsevol contingut il legal o il l\u00edcit, virus inform\u00e0tics, o missatges que, en general, afectin o violin drets d\u2019EL TITULAR DEL WEB o de tercers.<\/p>\n<h3><\/h3>\n<h3>PROPIETAT INDUSTRIAL I INTEL.LECTUAL<\/h3>\n<p>Aquesta web \u00e9s propietat d\u2019EL TITULAR DE LA WEB. Els drets de Propietat Intel lectual i drets d\u2019explotaci\u00f3 i reproducci\u00f3 d\u2019aquesta web, de les seves p\u00e0gines, pantalles, la informaci\u00f3 que contenen, la seva aparen\u00e7a i disseny, aix\u00ed com els vincles que s\u2019estableixin des d\u2019ella a altres p\u00e0gines, s\u00f3n propietat exclusiva d\u2019aquest, llevat que s\u2019especifiqui una altra cosa. Totes les denominacions, dissenys i \/ o logotips que componen aquesta p\u00e0gina s\u00f3n marques degudament registrades. Qualsevol \u00e9s indegut de les mateixes per persona diferent del seu leg\u00f3tim titular podr\u00e0 ser perseguit de conformitat amb la legislaci\u00f3 vigent. Els drets de propietat intel lectual i marques de tercers estan destacats convenientment i han de ser respectats per tot aquell que accedeixi a la web. Nom\u00e9s per a \u00fas personal i privat es permet descarregar els continguts, copiar o imprimir qualsevol p\u00e0gina d\u2019aquesta web. Queda prohibit reproduir, transmetre, modificar o suprimir la informaci\u00f3, contingut o advertiments d\u2019aquesta web sense la pr\u00e8via autoritzaci\u00f3 escrita d\u2019EL TITULAR DE LA WEB.<\/p>\n<h2><\/h2>\n<h2><\/h2>\n<h2>LEGISLACI\u00d3 APLICABLE<\/h2>\n<p>Les presents condicions generals es regeixen per la legislaci\u00f3 espanyola.<\/p>\n<h2><\/h2>\n<h2><\/h2>\n<h2>POL\u00cdTICA DE PRIVACITAT<\/h2>\n<p>Als efectes del que disposa la normativa vigent relativa a la protecci\u00f3 de dades de car\u00e0cter personal, EL TITULAR DEL WEB informa que les dades personals que ens pogu\u00e9s facilitar durant la navegaci\u00f3 pel nostre lloc web seran incorporades a un tractament de dades de responsabilitat de EL TITULAR DEL WEB, amb l\u2019\u00fanica finalitat de poder gestionar la seva petici\u00f3. Nom\u00e9s en el cas que l\u2019usuari hagi donat el seu consentiment expr\u00e9s, EL TITULAR DEL WEB li enviar\u00e0 informaci\u00f3; t\u00e8cnica, operativa i comercial, per qualsevol mitj\u00e0, incl\u00f2s el correu electr\u00f2nic i \/ o mitj\u00e0 equivalent, sobre productes, serveis, ofertes i novetats que considerem d\u2019inter\u00e8s per l\u2019usuari. EL TITULAR DEL WEB es compromet al compliment de la seva obligaci\u00f3 de secret de les dades de car\u00e0cter personal i del seu deure de guardar i adoptar\u00e0 les mesures necess\u00e0ries per evitar la seva alteraci\u00f3, p\u00e8rdua, tractament o acc\u00e9s no autoritzat, tenint en compte en tot moment l\u2019estat de la tecnologia, complint amb les mesures de seguretat t\u00e8cniques i organitzatives. Finalment, l\u2019informem sobre la possibilitat d\u2019exercitar els drets d\u2019acc\u00e9s, rectificaci\u00f3, cancel.laci\u00f3 i oposici\u00f3 mitjan\u00e7ant formulari adre\u00e7at a l\u2019administrador del sistema.<\/p>\n<p>[\/et_pb_text][\/et_pb_column][\/et_pb_row][et_pb_row _builder_version=&#8221;4.18.0&#8243; _module_preset=&#8221;default&#8221; global_colors_info=&#8221;{}&#8221;][et_pb_column type=&#8221;4_4&#8243; _builder_version=&#8221;4.18.0&#8243; _module_preset=&#8221;default&#8221; global_colors_info=&#8221;{}&#8221;][\/et_pb_column][\/et_pb_row][\/et_pb_section]<\/p>\n","protected":false},"excerpt":{"rendered":"<p>IDENTITAT DEL TITULAR DEL LLOC WEB Nom comercial Pened\u00e8s Coworking Denominaci\u00f3 social INMODEL 2007 S.L.U (des d\u2019ara EL TITULAR DEL WEB) NIF B-64646128 Adre\u00e7a Av\/ Vilafranca del Pened\u00e8s, 11A (Pol. Sant Pere Molanta) 08799 Ol\u00e8rdola (Barcelona) Tel\u00e8fon 93 892 38 02 eMail info@penedescoworking.com TERMES LEGALS I CONDICIONS La utilitzaci\u00f3 d\u2019aquest lloc web atribueix al navegant [&hellip;]<\/p>\n","protected":false},"author":2,"featured_media":0,"parent":0,"menu_order":0,"comment_status":"closed","ping_status":"closed","template":"","meta":{"_et_pb_use_builder":"on","_et_pb_old_content":"","_et_gb_content_width":"","footnotes":""},"class_list":["post-174","page","type-page","status-publish","hentry"],"_links":{"self":[{"href":"https:\/\/penedescoworking.com\/ca\/wp-json\/wp\/v2\/pages\/174","targetHints":{"allow":["GET"]}}],"collection":[{"href":"https:\/\/penedescoworking.com\/ca\/wp-json\/wp\/v2\/pages"}],"about":[{"href":"https:\/\/penedescoworking.com\/ca\/wp-json\/wp\/v2\/types\/page"}],"author":[{"embeddable":true,"href":"https:\/\/penedescoworking.com\/ca\/wp-json\/wp\/v2\/users\/2"}],"replies":[{"embeddable":true,"href":"https:\/\/penedescoworking.com\/ca\/wp-json\/wp\/v2\/comments?post=174"}],"version-history":[{"count":2,"href":"https:\/\/penedescoworking.com\/ca\/wp-json\/wp\/v2\/pages\/174\/revisions"}],"predecessor-version":[{"id":2287,"href":"https:\/\/penedescoworking.com\/ca\/wp-json\/wp\/v2\/pages\/174\/revisions\/2287"}],"wp:attachment":[{"href":"https:\/\/penedescoworking.com\/ca\/wp-json\/wp\/v2\/media?parent=174"}],"curies":[{"name":"wp","href":"https:\/\/api.w.org\/{rel}","templated":true}]}}